{"id":10029,"date":"2022-12-28T17:57:45","date_gmt":"2022-12-28T09:57:45","guid":{"rendered":"https:\/\/plasticmoulds.net\/?p=10029"},"modified":"2023-07-16T19:50:01","modified_gmt":"2023-07-16T11:50:01","slug":"desvele-el-secreto-del-ahorro-de-costes-y-la-produccion-de-calidad-por-que-las-empresas-subcontratan-el-moldeo-por-inyeccion-a-china","status":"publish","type":"page","link":"https:\/\/www.plasticmoulds.net\/es\/unlock-the-secret-to-cost-savings-and-quality-production-why-companies-outsource-injection-molding-to-china","title":{"rendered":"Por qu\u00e9 las empresas subcontratan el moldeo por inyecci\u00f3n a China"},"content":{"rendered":"<p><mark>El negocio es todo<\/mark> sobre la reducci\u00f3n de costes. Siempre se buscan formas de ahorrar dinero y aumentar los beneficios en todas las empresas, independientemente de su tama\u00f1o. El m\u00e9todo m\u00e1s habitual hoy en d\u00eda es la externalizaci\u00f3n.<\/p><p>Cada vez son m\u00e1s las empresas que externalizan su fabricaci\u00f3n a f\u00e1bricas chinas por su rapidez, eficacia y bajos precios. Incluso las empresas estadounidenses han externalizado a China la producci\u00f3n que necesitan al precio que pueden permitirse.<\/p><h2 class=\"wp-block-heading\">Costes del moldeo por inyecci\u00f3n en China<\/h2><p><mark>Com<\/mark>n comparaci\u00f3n con otros pa\u00edses, China tiene unos costes de mano de obra y materias primas m\u00e1s bajos, lo que constituye una de las razones por las que las empresas subcontratan el moldeo por inyecci\u00f3n a este pa\u00eds. La rentabilidad puede aumentar si se reducen los costes de producci\u00f3n. <\/p><p>Las empresas especializadas en grandes vol\u00famenes de producci\u00f3n y que buscan ahorrar costes son las que m\u00e1s pueden beneficiarse de ello. La gran poblaci\u00f3n de China tambi\u00e9n significa que hay una mano de obra f\u00e1cilmente disponible que puede satisfacer las necesidades de su empresa. Esto puede ayudar a reducir los costes de formaci\u00f3n y aumentar la productividad.<\/p><h2 class=\"wp-block-heading\">Calidad de los proveedores chinos<\/h2><p>Muchas empresas chinas han invertido en equipos de fabricaci\u00f3n avanzados y han formado a sus empleados en las \u00faltimas t\u00e9cnicas de fabricaci\u00f3n, lo que puede contribuir a mejorar la calidad de sus productos. China tambi\u00e9n ha invertido mucho en investigaci\u00f3n y desarrollo, lo que significa que muchas empresas chinas tienen acceso a tecnolog\u00edas avanzadas que pueden ayudarles a fabricar productos m\u00e1s innovadores. Esto es especialmente cierto en el caso de las empresas especializadas en fabricaci\u00f3n de alta tecnolog\u00eda, como la industria aeroespacial, la electr\u00f3nica y los equipos m\u00e9dicos.<\/p><h2 class=\"wp-block-heading\">Capacidad de moldeo por inyecci\u00f3n<\/h2><p>China tiene un sector manufacturero bien desarrollado, con una gran reserva de mano de obra cualificada. Esto puede aumentar la capacidad y satisfacer la demanda de producci\u00f3n en masa. En los \u00faltimos a\u00f1os, China se ha esforzado por mejorar su mano de obra. Esto ha hecho que se incorporen m\u00e1s trabajadores cualificados, lo que puede aumentar la productividad.<\/p><p>China tambi\u00e9n cuenta con un gran n\u00famero de universidades y escuelas t\u00e9cnicas superiores que forman licenciados en campos relacionados con la ingenier\u00eda y la ciencia, como ingenier\u00eda, materiales, fabricaci\u00f3n aeroespacial o electr\u00f3nica.<\/p><h2 class=\"wp-block-heading\">Plazos de entrega:<\/h2><p>La subcontrataci\u00f3n en China puede acortar los plazos de entrega en comparaci\u00f3n con la fabricaci\u00f3n nacional, gracias al buen desarrollo de las infraestructuras y al hecho de que China est\u00e1 situada m\u00e1s cerca de muchos de los principales mercados de Asia. <\/p><p>La rapidez del proceso de fabricaci\u00f3n chino tambi\u00e9n es importante; muchas f\u00e1bricas chinas pueden entregar los productos en unas pocas semanas. Esto puede ser especialmente \u00fatil para las empresas que quieren lanzar nuevos productos o introducir l\u00edneas de temporada, garantizando un suministro suficiente antes de la fecha de lanzamiento.<\/p><h2 class=\"wp-block-heading\">Experiencia en la industria china de moldeo por inyecci\u00f3n:<\/h2><p>Los proveedores chinos cuentan con una gran experiencia en el sector de la fabricaci\u00f3n y ofrecen una amplia gama de servicios que incluyen el dise\u00f1o, la creaci\u00f3n de prototipos, la creaci\u00f3n de moldes, el moldeo por inyecci\u00f3n y el montaje. Su experiencia pr\u00e1ctica es especialmente valiosa para las empresas noveles que buscan una f\u00e1brica que les pueda orientar. Adem\u00e1s, numerosos proveedores chinos poseen conexiones establecidas con proveedores locales, lo que les permite poner en contacto a los clientes con f\u00e1bricas especializadas en servicios como el embalaje y el env\u00edo.<\/p><hr class=\"wp-block-separator has-alpha-channel-opacity\"\/><p>Aqu\u00ed tiene una gu\u00eda paso a paso sobre el proceso de moldeo por inyecci\u00f3n:<\/p><ol class=\"wp-block-list\"><li>Dise\u00f1o del molde: Se trata de crear un modelo 3D (programas de dise\u00f1o: solidworks, ug, pro-e...) del producto y el molde, teniendo en cuenta factores como el material (PP, PE, ABS, PA...), el grosor de la pared, el tama\u00f1o de la compuerta y el tiempo de enfriamiento.<\/li><li>Fabricar el molde: El molde suele ser de acero o aluminio y debe fabricarse siguiendo especificaciones precisas. Una lista de aceros para moldes de pl\u00e1stico con dureza:\n<ul class=\"wp-block-list\"><li>Acero P20 - 28-32 HRc<\/li><li>Acero 420 - 48-52 HRc<\/li><li>Acero H13 - 48-52 HRc<\/li><li>Acero S7 - 45-49 HRc<\/li><li>Acero NAK55 - 50-55 HRc<\/li><li>Acero NAK80 - 38-43 HRc<\/li><li>Acero DC53 - 50-58 HRc<\/li><li>Acero A2 - 60-64 HRc<\/li><li>Acero D2 - 60-64 HRc<\/li><li>Nota: HRc se refiere a la escala de dureza Rockwell, que mide la dureza de un material.<\/li><\/ul><\/li><li>Instale el molde: El molde se monta en la m\u00e1quina de moldeo por inyecci\u00f3n y se sujeta entre 2 placas de la m\u00e1quina.<\/li><li>Cargar el material pl\u00e1stico: El material pl\u00e1stico se carga en la tolva de la m\u00e1quina de moldeo por inyecci\u00f3n a trav\u00e9s de la gravedad y alguna tolva probar\u00eda el material pl\u00e1stico mientras el moldeo por inyecci\u00f3n est\u00e1 en marcha.<\/li><li>Fundir el pl\u00e1stico: El material pl\u00e1stico se funde mediante calor y presi\u00f3n dentro del barril de la m\u00e1quina de moldeo por inyecci\u00f3n.<\/li><li>Inyectar el pl\u00e1stico en el molde: El pl\u00e1stico fundido se introduce en el molde a trav\u00e9s de la boquilla y el bebedero a alta presi\u00f3n, y atraviesa el canal, la compuerta y rellena las cavidades del molde.<\/li><li>Enfriar y solidificar: El molde se enfr\u00eda para permitir que el pl\u00e1stico se solidifique dentro de la cavidad del molde durante un tiempo, y la mayor\u00eda de las veces, el tiempo de enfriamiento ser\u00eda de 2\/3 de todo el per\u00edodo del ciclo.<\/li><li>Abrir el molde: El molde se abre y el producto moldeado se retira del molde, luego el molde se cierra y comienza el siguiente ciclo.<\/li><\/ol><p>Herramientas y materiales necesarios: M\u00e1quina de moldeo por inyecci\u00f3n, molde, material pl\u00e1stico, m\u00e1quina de secado, controlador de temperatura (para demandas muy altas y muy fr\u00edas de moldeo por inyecci\u00f3n).<\/p><p>La pieza moldeada puede sufrir diversos problemas, como exceso de material en los bordes (<strong>Flash<\/strong>), lo que puede debilitar la estructura. <strong>Alabeo o distorsi\u00f3n<\/strong> puede producirse cuando la pieza moldeada no mantiene su forma o tama\u00f1o debido a un enfriamiento desigual. <strong>Puntos negros<\/strong> en la pieza moldeada son el resultado de un procesamiento deficiente del material o de la contaminaci\u00f3n. <strong>Mal acabado superficial<\/strong>Los defectos de fabricaci\u00f3n, caracterizados por una textura o rugosidad irregular, pueden deberse a un dise\u00f1o inadecuado del molde o a una selecci\u00f3n incorrecta del material. <strong>Marcas de hundimiento<\/strong>Las hendiduras en la pieza moldeada pueden deberse a un llenado incorrecto del molde o a una presi\u00f3n insuficiente durante el moldeo. Adem\u00e1s, la pieza moldeada puede <strong>dif\u00edcil de expulsar<\/strong>En caso contrario, puede da\u00f1arse durante la expulsi\u00f3n.<\/p><p>Nunca se insistir\u00e1 lo suficiente en la importancia de las medidas de seguridad en el proceso de moldeo por inyecci\u00f3n. Para evitar lesiones, los trabajadores deben utilizar <strong>equipo de protecci\u00f3n, como guantes y gafas de seguridad<\/strong> ya que el pl\u00e1stico fundido alcanza temperaturas extremadamente altas, a veces de hasta 300 grados, y tiene el potencial de salpicar. Es crucial que los operarios reciban una formaci\u00f3n adecuada sobre procedimientos operativos seguros.<\/p><h2 class=\"wp-block-heading\">Para llevar<\/h2><p>Es importante considerar cuidadosamente todos los factores que intervienen en la externalizaci\u00f3n a China, incluida la log\u00edstica, los costes de env\u00edo y el impacto potencial en su cadena de suministro. <\/p><p>Trabajar con un socio de subcontrataci\u00f3n reputado y con experiencia tambi\u00e9n puede ayudar a garantizar una experiencia de subcontrataci\u00f3n fluida y satisfactoria.<\/p>","protected":false},"excerpt":{"rendered":"<p>Business is all about cutting costs. There is always a search for ways to save money and increase profits in every business, regardless of its size. The most common method of doing this today is outsourcing.Increasingly, companies are outsourcing their manufacturing to Chinese factories due to their fast pace, efficiency, and low prices. The production [&hellip;]<\/p>\n","protected":false},"author":11,"featured_media":0,"parent":0,"menu_order":0,"comment_status":"open","ping_status":"open","template":"","meta":{"footnotes":""},"class_list":["post-10029","page","type-page","status-publish","hentry"],"blocksy_meta":{"styles_descriptor":{"styles":{"desktop":"","tablet":"","mobile":""},"google_fonts":[],"version":6}},"_links":{"self":[{"href":"https:\/\/www.plasticmoulds.net\/es\/wp-json\/wp\/v2\/pages\/10029","targetHints":{"allow":["GET"]}}],"collection":[{"href":"https:\/\/www.plasticmoulds.net\/es\/wp-json\/wp\/v2\/pages"}],"about":[{"href":"https:\/\/www.plasticmoulds.net\/es\/wp-json\/wp\/v2\/types\/page"}],"author":[{"embeddable":true,"href":"https:\/\/www.plasticmoulds.net\/es\/wp-json\/wp\/v2\/users\/11"}],"replies":[{"embeddable":true,"href":"https:\/\/www.plasticmoulds.net\/es\/wp-json\/wp\/v2\/comments?post=10029"}],"version-history":[{"count":0,"href":"https:\/\/www.plasticmoulds.net\/es\/wp-json\/wp\/v2\/pages\/10029\/revisions"}],"wp:attachment":[{"href":"https:\/\/www.plasticmoulds.net\/es\/wp-json\/wp\/v2\/media?parent=10029"}],"curies":[{"name":"wp","href":"https:\/\/api.w.org\/{rel}","templated":true}]}}