{"id":948,"date":"2018-01-09T11:39:35","date_gmt":"2018-01-09T03:39:35","guid":{"rendered":"https:\/\/plasticmoulds.net\/?page_id=948"},"modified":"2021-11-18T17:32:05","modified_gmt":"2021-11-18T09:32:05","slug":"kunststoffspritzgussformen-herstellen-china","status":"publish","type":"page","link":"https:\/\/www.plasticmoulds.net\/de\/make-plastic-injection-molds-china","title":{"rendered":"Warum und wie man Kunststoff-Spritzgie\u00dfformen in China herstellt"},"content":{"rendered":"<h2>Warum Kunststoff-Spritzgie\u00dfformen in China herstellen?<\/h2><p>Viele Menschen gehen davon aus, dass Kunststoffspritzgussformen aus China von schlechter Qualit\u00e4t sind. Dennoch entscheiden sich zahlreiche Unternehmen - auch multinationale Konzerne - f\u00fcr den Kauf solcher Formen. Hei\u00dft das, dass diese Unternehmen naiv sind oder einen Fehler machen? Nein, nat\u00fcrlich nicht. Tats\u00e4chlich k\u00f6nnen chinesische Spritzgussformenhersteller einige der besten Formen auf dem Markt herstellen - und das zu einem viel niedrigeren Preis als europ\u00e4ische und amerikanische Unternehmen anbieten k\u00f6nnen.<\/p><p><a href=\"https:\/\/plasticmoulds.net\/wp-content\/uploads\/2018\/01\/plastic_mould-3_1_2_kivink_tkmmzi.jpg\"><img loading=\"lazy\" decoding=\"async\" class=\"alignnone wp-image-903 size-full\" src=\"https:\/\/plasticmoulds.net\/wp-content\/uploads\/2018\/01\/plastic_mould-3_1_2_kivink_tkmmzi.jpg\" alt=\"China Plastikform\" width=\"720\" height=\"552\" srcset=\"https:\/\/www.plasticmoulds.net\/wp-content\/uploads\/2018\/01\/plastic_mould-3_1_2_kivink_tkmmzi.jpg 720w, https:\/\/www.plasticmoulds.net\/wp-content\/uploads\/2018\/01\/plastic_mould-3_1_2_kivink_tkmmzi-300x230.jpg 300w\" sizes=\"auto, (max-width: 720px) 100vw, 720px\" \/><\/a><\/p><p>&nbsp;<\/p><p>In ganz China w\u00e4chst die Branche der Kunststoff-Spritzgie\u00dfer von Jahr zu Jahr st\u00e4rker. Sie verf\u00fcgen nicht nur \u00fcber die erforderlichen F\u00e4higkeiten zur Herstellung hochwertiger Spritzgie\u00dfformen, sondern auch \u00fcber ausgezeichnete Englischkenntnisse. Das gilt auch f\u00fcr die Marketingabteilungen - die meisten chinesischen Formenbauer kennen sich mit CAD-Zeichnungen aus und sind in der Lage, die richtigen Materialien auszuw\u00e4hlen. Dadurch k\u00f6nnen sie den Kommunikationsprozess zwischen den Partneringenieuren und dem Kunden beschleunigen.<\/p><p>Bei der Herstellung einer neuen Kunststoffspritzgussform beginnt der Prozess in der Regel mit einer 3D-Zeichnung des Produkts. Anhand dieser Zeichnung k\u00f6nnen die Ingenieure dann entscheiden, wie die Form hergestellt werden soll. Dabei ber\u00fccksichtigen sie Dinge wie die Gr\u00f6\u00dfe und Struktur der Form, das Material und wie die Kosten so niedrig wie m\u00f6glich gehalten werden k\u00f6nnen - alles unter Ber\u00fccksichtigung der Anforderungen des Kunden. Unser Werk arbeitet seit vielen Jahren mit mehreren europ\u00e4ischen und amerikanischen Unternehmen zusammen. Sie brauchen uns also nur Ihre Zeichnungen zu schicken - wir f\u00fchren gerne einen Test durch, um Ihnen zu zeigen, was wir zu bieten haben.<\/p><p>Die Herstellung von Gussformen gibt es in China seit mehr als 30 Jahren, was bedeutet, dass es heute viele hochwertige Hersteller gibt. Viele von ihnen verf\u00fcgen \u00fcber die gleichen F\u00e4higkeiten und Erfahrungen wie ihre westlichen Kollegen. Auch wenn sie nur etwa 60% von dem verdienen, was sie in den USA f\u00fcr die gleiche Arbeit bekommen k\u00f6nnten, werden sie dennoch hochwertige Formen herstellen, auf die Sie sich wirklich verlassen k\u00f6nnen.<\/p><h2>Wie sollte ich bei der Auswahl eines chinesischen Lieferanten f\u00fcr Spritzgussformen vorgehen?<\/h2><p>Der Hauptgrund, warum so viele US-amerikanische und europ\u00e4ische Kunden ihre Kunststoffspritzgussformen in China herstellen lassen, ist, dass sie hier viel billiger sind. Sie sollten jedoch nicht nur auf den Preis achten, sondern auch die folgenden Punkte ber\u00fccksichtigen, um sicher zu sein, dass das von Ihnen gew\u00e4hlte Unternehmen bei der Herstellung Ihrer Form gr\u00fcndliche Arbeit leistet.<\/p><ul><li>Referenzen von fr\u00fcheren Kunden<\/li><li>&nbsp;Qualit\u00e4t des verwendeten Werkzeugstahls<\/li><li>Standard ihrer Fabrik und Ausr\u00fcstung<\/li><li>Qualit\u00e4tskontrolle und Validierungsverfahren<\/li><li>Erfahrung - im Idealfall wollen Sie ein Unternehmen, das wirklich wei\u00df, was es tut<\/li><li>Kapazit\u00e4t - k\u00f6nnen sie das gesamte Projekt intern abwickeln oder Teile davon auslagern?<\/li><li>Derzeitige Kapazit\u00e4t<\/li><li>Sind sie in der Lage, internationale Kunden angemessen zu betreuen?<\/li><\/ul><p><a href=\"https:\/\/plasticmoulds.net\/wp-content\/uploads\/2018\/01\/china-plastic-molding_crbyqu.png\"><img loading=\"lazy\" decoding=\"async\" class=\"alignnone wp-image-910 size-full\" src=\"https:\/\/plasticmoulds.net\/wp-content\/uploads\/2018\/01\/china-plastic-molding_crbyqu.png\" alt=\"China Spritzgie\u00dfen\" width=\"700\" height=\"454\" srcset=\"https:\/\/www.plasticmoulds.net\/wp-content\/uploads\/2018\/01\/china-plastic-molding_crbyqu.png 700w, https:\/\/www.plasticmoulds.net\/wp-content\/uploads\/2018\/01\/china-plastic-molding_crbyqu-300x195.png 300w\" sizes=\"auto, (max-width: 700px) 100vw, 700px\" \/><\/a><\/p><h2>Wie kann ich einen guten chinesischen Formenbauer finden?<\/h2><p>In China gibt es eine gro\u00dfe Anzahl von Formenbauern, so dass Sie bei der Auswahl eines Herstellers die richtige Entscheidung treffen m\u00fcssen. Das kann manchmal eine ganze Weile dauern, aber die M\u00fche lohnt sich auf lange Sicht. W\u00e4hrend es in der westlichen Welt einfach ist, bekannte Formenbauer zu finden, ist es in China nicht viel schwieriger. Sie m\u00fcssen nur bedenken, dass niedrige Preise in der Regel aus einem bestimmten Grund niedrig sind - weil sie auf Kosten der Qualit\u00e4t gehen. Eine qualitativ hochwertige Form ist wichtiger als eine billige, daher ist die Teilnahme an einem Formtest eine gute Idee. Wenn Ihnen die Kosten f\u00fcr eine Reise nach China zu hoch sind, k\u00f6nnen Sie sich auch ein Video ansehen.<\/p><p>Wir empfehlen Ihnen au\u00dferdem, die Gesch\u00e4ftsbedingungen zu lesen, die jedem Angebot beiliegen, und vor allem die Garantieklauseln. Die Qualit\u00e4t chinesischer Gussformen wird immer besser, aber als Kunde m\u00fcssen Sie den Entwurfs- und Herstellungsprozess dennoch sorgf\u00e4ltig \u00fcberwachen, um sicherzustellen, dass Sie genau das bekommen, was Sie brauchen.<\/p>","protected":false},"excerpt":{"rendered":"<p>Why Make Plastic Injection Molds in China?Many people assume that Chinese plastic injection molds are going to be of poor quality. However, a huge number of companies- including multinational corporations- still choose to buy such molds. Does that mean these companies are naive or making a mistake? Of course not. In fact, Chinese injection mold [&hellip;]<\/p>\n","protected":false},"author":11,"featured_media":0,"parent":0,"menu_order":0,"comment_status":"closed","ping_status":"closed","template":"","meta":{"footnotes":""},"class_list":["post-948","page","type-page","status-publish","hentry"],"blocksy_meta":{"styles_descriptor":{"styles":{"desktop":"","tablet":"","mobile":""},"google_fonts":[],"version":6}},"_links":{"self":[{"href":"https:\/\/www.plasticmoulds.net\/de\/wp-json\/wp\/v2\/pages\/948","targetHints":{"allow":["GET"]}}],"collection":[{"href":"https:\/\/www.plasticmoulds.net\/de\/wp-json\/wp\/v2\/pages"}],"about":[{"href":"https:\/\/www.plasticmoulds.net\/de\/wp-json\/wp\/v2\/types\/page"}],"author":[{"embeddable":true,"href":"https:\/\/www.plasticmoulds.net\/de\/wp-json\/wp\/v2\/users\/11"}],"replies":[{"embeddable":true,"href":"https:\/\/www.plasticmoulds.net\/de\/wp-json\/wp\/v2\/comments?post=948"}],"version-history":[{"count":0,"href":"https:\/\/www.plasticmoulds.net\/de\/wp-json\/wp\/v2\/pages\/948\/revisions"}],"wp:attachment":[{"href":"https:\/\/www.plasticmoulds.net\/de\/wp-json\/wp\/v2\/media?parent=948"}],"curies":[{"name":"wp","href":"https:\/\/api.w.org\/{rel}","templated":true}]}}