{"id":8952,"date":"2022-11-01T15:15:00","date_gmt":"2022-11-01T07:15:00","guid":{"rendered":"https:\/\/plasticmoulds.net\/?p=8952"},"modified":"2022-11-02T12:35:07","modified_gmt":"2022-11-02T04:35:07","slug":"auftragsfertigung-in-china-sie-sind-nicht-der-einzige-der-daran-denkt","status":"publish","type":"page","link":"https:\/\/www.plasticmoulds.net\/de\/china-contract-manufacturing-youre-not-the-only-one-to-think-of-it","title":{"rendered":"Auftragsfertigung in China: Sie sind nicht der Einzige, der an so etwas denkt."},"content":{"rendered":"<figure class=\"wp-block-image aligncenter size-full is-resized\"><a href=\"https:\/\/plasticmoulds.net\/wp-content\/uploads\/2022\/07\/16.png\"><img loading=\"lazy\" decoding=\"async\" src=\"https:\/\/plasticmoulds.net\/wp-content\/uploads\/2022\/07\/16.png\" alt=\"\" class=\"wp-image-7977\" width=\"483\" height=\"497\"\/><\/a><\/figure><p>Und wenn Sie an eine Auftragsfertigung in China denken, sind Sie wahrscheinlich nicht allein auf der Suche. Aber verzweifeln Sie nicht! Wir haben einige Tipps, die Ihnen helfen werden, Ihre Erfahrung mit der Auftragsfertigung in China reibungslos zu gestalten.<\/p><p><a href=\"https:\/\/plasticmoulds.net\/china-injection-molding-company\" target=\"_blank\" rel=\"noreferrer noopener\">Auftragsfertigung in China<\/a> ist eine attraktive Option f\u00fcr Unternehmen, die ihr Gesch\u00e4ft ausbauen wollen. Das Land hat eine starke Produktionsbasis, und seine Arbeitnehmer sind f\u00fcr ihre F\u00e4higkeiten und ihre Effizienz bekannt. Au\u00dferdem hat das Land viele Handelspartner, was bedeutet, dass es einfach ist, Handelsabkommen zu schlie\u00dfen und Produkte \u00fcber chinesische H\u00e4fen zu verschiffen.<\/p><div class=\"wp-block-group is-layout-flow wp-block-group-is-layout-flow\"><div class=\"wp-block-qubely-table-of-contents qubely-block-67fbdd qubely-block-table-of-contents qubely-align-left\" data-qubelyanimation=\"{&quot;animation&quot;:&quot;bounce&quot;,&quot;name&quot;:&quot;bounceCenter&quot;,&quot;repeat&quot;:&quot;once&quot;,&quot;direction&quot;:&quot;Center&quot;,&quot;duration&quot;:1000,&quot;delay&quot;:0,&quot;curve&quot;:&quot;ease-in-out&quot;,&quot;openAnimation&quot;:1}\"><div class=\"qubely-table-of-contents\" data-scroll-offset=\"20\"><div class=\"qubely-table-of-contents-header qubely-toc-header-frontend qubely-justify-between\"><div class=\"qubely-table-of-contents-heading\"><div class=\"title\">Inhalts\u00fcbersicht<\/div><\/div><\/div><div class=\"qubely-table-of-contents-body\"><ol class=\"ordered-list\"><li><a href=\"#1-ensure-that-you-hire-the-right-person-or-company\">Sicherstellen, dass Sie die richtige Person oder das richtige Unternehmen einstellen<\/a><\/li><li><a href=\"#2-some-things-inside-\">Einige Dinge im Inneren <\/a><ol class=\"child-list\"><li><a href=\"#3-detailed-bill-of-materials-bom\">Detaillierte Materialliste (BOM)<\/a><\/li><li><a href=\"#4-pricing-provisions\">Bestimmungen zur Preisgestaltung<\/a><\/li><li><a href=\"#5-quality-standards\">Qualit\u00e4tsstandards<\/a><\/li><li><a href=\"#6-packaging-and-labeling\">Verpackung und Etikettierung<\/a><\/li><li><a href=\"#7-intellectual-property\">Geistiges Eigentum<\/a><\/li><li><a href=\"#8-quality-requirements-and-product-warranty\">Qualit\u00e4tsanforderungen und Produktgarantie<\/a><\/li><li><a href=\"#9-who-is-owner\">Wer ist Eigent\u00fcmer<\/a><\/li><li><a href=\"#10-dispute-resolution\">Beilegung von Streitigkeiten<\/a><\/li><\/ol><\/li><li><a href=\"#11-takeaway\">Mitnehmen:<\/a><\/li><\/ol><\/div><a href=\"#\" class=\"qubely-back-to-top-button fas fa-angle-up\"><\/a><\/div><\/div><\/div><p>Wenn Sie jedoch die Auftragsfertigung in China als eine M\u00f6glichkeit betrachten, Ihr Unternehmen schnell wachsen zu lassen, sollten Sie einige Dinge wissen, bevor Sie sich darauf einlassen. In diesem Blogbeitrag gehen wir auf einige der wichtigsten \u00dcberlegungen ein, bevor Sie die Zusammenarbeit mit einem Auftragnehmer in China aufnehmen.<\/p><h2 class=\"wp-block-heading\" id=\"1-ensure-that-you-hire-the-right-person-or-company\">Sicherstellen, dass Sie die richtige Person oder das richtige Unternehmen einstellen<\/h2><p>Der erste Schritt im Prozess der Auftragsfertigung in China besteht darin, sicherzustellen, dass Sie einen Vertrag mit dem richtigen chinesischen Auftragsfertigungsunternehmen abschlie\u00dfen. Das kann schwierig sein, weil es so viele Unternehmen gibt, die alle behaupten, die besten zu sein. Es gibt jedoch bestimmte Dinge, auf die Sie achten sollten, bevor Sie den Vertrag unterschreiben.<\/p><p>Vergewissern Sie sich, dass Ihr chinesisches Auftragsfertigungsunternehmen eine gute Erfolgsbilanz bei der fristgerechten Lieferung und der Einhaltung des Budgets vorweisen kann. Au\u00dferdem sollten Sie darauf achten, dass das Unternehmen \u00fcber einen guten Kundendienst verf\u00fcgt, damit es Ihnen bei allen Problemen, die w\u00e4hrend der Produktion auftreten k\u00f6nnen, helfen kann.<\/p><p>Setzen Sie sich mit mindestens drei verschiedenen chinesischen Auftragsherstellern in Verbindung und erkundigen Sie sich nach ihrer Preisstruktur und den Lieferfristen. Versuchen Sie nach M\u00f6glichkeit, direkt mit dem Mitarbeiter zu sprechen, der an Ihrem Projekt arbeiten wird, damit Sie mehr Informationen \u00fcber seine Erfahrung und seine Bereitschaft zur Zusammenarbeit mit Kunden erhalten.<\/p><p>Hier sind einige Tipps, die Ihnen helfen, den richtigen Partner f\u00fcr die Auftragsfertigung in China zu finden:<\/p><p>1) <strong>Vergewissern Sie sich, dass es sie schon eine Weile gibt. <\/strong>(5+ Jahre). Ein neues Unternehmen hat vielleicht gute Absichten, aber wenig Erfahrung, was zu schlechten Ergebnissen f\u00fchren kann.<\/p><p>2) <strong>\u00dcberpr\u00fcfen Sie die Zeugnisse und Zertifizierungen.<\/strong> Daraus k\u00f6nnen Sie ersehen, ob das Unternehmen \u00fcber Erfahrungen in Ihrer Branche oder mit \u00e4hnlichen Produkten verf\u00fcgt. Es zeigt auch, dass sie es mit der Qualit\u00e4t ihrer Dienstleistungen und Produkte ernst meinen, was wichtig ist, wenn es zu einer Bestellung kommt.<\/p><p>3) <strong>Schauen Sie auf der Website und in den sozialen Medien nach Bewertungen von fr\u00fcheren Kunden.<\/strong> Dies kann Ihnen bei der Entscheidung helfen, mit welchen Unternehmen es sich lohnt, Kontakt aufzunehmen, um potenzielle Gesch\u00e4ftsm\u00f6glichkeiten zu pr\u00fcfen!<\/p><p>4) <strong>Fragen Sie nach Referenzen von anderen Kunden<\/strong> - insbesondere solche, die \u00e4hnliche Produkte oder Dienstleistungen nutzen wie die, die Sie am meisten interessieren.<\/p><p>Der Schl\u00fcssel zu einer erfolgreichen Zusammenarbeit in der Auftragsfertigung ist der Vertrag selbst. Der richtige Vertrag wird viele Bestimmungen enthalten, die beide Seiten der Vereinbarung sch\u00fctzen.<\/p><h2 class=\"wp-block-heading\" id=\"2-some-things-inside-\">Einige Dinge im Inneren <\/h2><p>Der Schl\u00fcssel zu einer erfolgreichen Zusammenarbeit in der Auftragsfertigung ist der Vertrag selbst. Der richtige Vertrag wird viele Bestimmungen enthalten, die beide Seiten der Vereinbarung sch\u00fctzen.<\/p><figure class=\"wp-block-image aligncenter size-full is-resized\"><a href=\"https:\/\/plasticmoulds.net\/wp-content\/uploads\/2022\/07\/7.png\"><img loading=\"lazy\" decoding=\"async\" src=\"https:\/\/plasticmoulds.net\/wp-content\/uploads\/2022\/07\/7.png\" alt=\"\" class=\"wp-image-7968\" width=\"505\" height=\"404\"\/><\/a><\/figure><p>Hier sind einige Punkte, die Ihr Vertrag enthalten sollte:<\/p><h3 class=\"wp-block-heading\" id=\"3-detailed-bill-of-materials-bom\">Detaillierte Materialliste (BOM)<\/h3><p>Eine St\u00fcckliste ist eine Auflistung aller Teile und Komponenten, die in einem Produkt enthalten sind, zusammen mit ihren Mengen und Kosten. Sie ben\u00f6tigen diese Informationen, um festzustellen, ob Ihr Preis tragf\u00e4hig ist und wie hoch Ihre Gewinnspanne bei verschiedenen Mengen ist.<\/p><p>Wenn Sie sich nicht sicher sind, wie Sie eine St\u00fcckliste erstellen sollen, k\u00f6nnen Sie unsere kostenlose St\u00fccklistenvorlage verwenden oder einen erfahrenen externen Berater beauftragen.<\/p><h3 class=\"wp-block-heading\" id=\"4-pricing-provisions\">Bestimmungen zur Preisgestaltung<\/h3><p>Sie m\u00fcssen angeben, wie viel Sie f\u00fcr jede Komponente berechnen, sowie alle anderen Geb\u00fchren, die mit dem Herstellungsprozess verbunden sind (einschlie\u00dflich der Versandkosten, falls zutreffend).<\/p><p> Dadurch erhalten Sie auch eine Vorstellung davon, wie viel Geld Sie mit dem Verkauf Ihres Produkts auf Amazon FBA oder anderswo verdienen k\u00f6nnten, nachdem Sie die Produktionskosten, Lizenzgeb\u00fchren, Steuern und mehr abgedeckt haben.<\/p><h3 class=\"wp-block-heading\" id=\"5-quality-standards\">Qualit\u00e4tsstandards<\/h3><p>Qualit\u00e4tsstandards, einschlie\u00dflich Pr\u00fcfverfahren und Abnahmekriterien, sind ebenfalls wichtig. Sie sollten die Art der von Ihnen verwendeten Materialien, ihre Beschaffung und ihre Qualit\u00e4tskontrollverfahren darlegen. <\/p><p>Sie sollten auch angeben, welche Zertifizierungen Ihre Produkte erhalten haben und welche Normen sie erf\u00fcllen. Falls zus\u00e4tzliche Geb\u00fchren f\u00fcr Qualit\u00e4tskontrollen oder Tests anfallen, sollten Sie diese hier ebenfalls auff\u00fchren, damit die K\u00e4ufer wissen, worauf sie sich beim Kauf Ihres Produkts einlassen.<\/p><h3 class=\"wp-block-heading\" id=\"6-packaging-and-labeling\">Verpackung und Etikettierung<\/h3><p>Verpackungs- und Kennzeichnungsanforderungen, einschlie\u00dflich Fragen der Sicherheit und der Einhaltung gesetzlicher Vorschriften Wenn Ihr Produkt Sicherheits- oder gesetzlichen Vorschriften unterliegt, sollten Sie diese hier auff\u00fchren. <\/p><p>Wenn Ihr Produkt beispielsweise Chemikalien enth\u00e4lt, die in bestimmten Mengen gef\u00e4hrlich sind oder bei unsachgem\u00e4\u00dfer Handhabung zu Verletzungen f\u00fchren k\u00f6nnen, sollten die K\u00e4ufer dies vor dem Kauf wissen. Sie sollten auch angeben, wie die Verpackung beschriftet wird und welche Informationen sie enth\u00e4lt.<\/p><h3 class=\"wp-block-heading\" id=\"7-intellectual-property\">Geistiges Eigentum<\/h3><p>Bestimmungen zum Eigentum an geistigem Eigentum, zur Lizenzierung und zur Entsch\u00e4digung, einschlie\u00dflich der Frage, inwieweit Sie Ihre eigenen geistigen Eigentumsrechte kontrollieren k\u00f6nnen und inwieweit Sie das geistige Eigentum des Anbieters nutzen m\u00fcssen, wenn dieser es zur Verf\u00fcgung stellt (dies kann je nach Produktkategorie variieren).<\/p><p>Die Entsch\u00e4digungs- und Lizenzierungsbestimmungen sind f\u00fcr den Erfolg Ihres Unternehmens von entscheidender Bedeutung. Vergewissern Sie sich vor der Unterzeichnung eines Vertrags, dass Sie genau wissen, welche Verpflichtungen sich aus diesen Bestimmungen ergeben. Wenn der Hersteller beispielsweise verlangt, dass Sie sein geistiges Eigentum nutzen, um seine Produkte zu verkaufen, ist es wichtig, dass Sie wissen, welche Art von Kontrolle er auch \u00fcber Ihre eigenen Rechte an geistigem Eigentum hat.<\/p><h3 class=\"wp-block-heading\" id=\"8-quality-requirements-and-product-warranty\">Qualit\u00e4tsanforderungen und Produktgarantie<\/h3><p>Bevor Sie auf der gepunkteten Linie unterschreiben, sollten Sie sich dar\u00fcber im Klaren sein, was von Ihrem Vertragshersteller (CM) erwartet wird.<\/p><p>Um sp\u00e4tere Probleme zu vermeiden, sollten Sie diese Schritte unternehmen:<\/p><p>Legen Sie die Qualit\u00e4tsanforderungen und die Produktgarantie genau fest. Vergewissern Sie sich, dass Ihr Auftragsfertiger Erfahrung mit Ihrer Branche hat und die besonderen Anforderungen Ihres Produkts versteht - und dass er \u00fcber die Einrichtungen und Mitarbeiter verf\u00fcgt, um die Arbeit richtig zu machen. Wenn Sie ein neues Produkt entwickeln oder besondere Produktionsanforderungen haben, sollten Sie sich vergewissern, dass der Hersteller damit umgehen kann.<\/p><p>Vergewissern Sie sich, dass sie damit umgehen k\u00f6nnen. Pr\u00fcfen Sie die Referenzen und verlangen Sie einen Nachweis \u00fcber die F\u00e4higkeiten des Unternehmens. Pr\u00fcfen Sie die Referenzen anderer Unternehmen, die in der Vergangenheit mit ihnen zusammengearbeitet haben, insbesondere wenn es sich um \u00e4hnliche Unternehmen wie das Ihre handelt. Setzen Sie sich mit mindestens drei Kunden in Verbindung und erkundigen Sie sich nach deren Erfahrungen mit diesem CM; fragen Sie speziell nach Problemen, die w\u00e4hrend der Produktion auftraten, und wie diese gel\u00f6st wurden. <\/p><p>Sie sollten sich auch erkundigen, wie flexibel oder reaktionsschnell der CM war, wenn w\u00e4hrend der Produktion oder der Qualit\u00e4tskontrolle \u00c4nderungen erforderlich waren. Vergewissern Sie sich, dass das Unternehmen bereit ist, eine Vertraulichkeitsvereinbarung zu unterzeichnen, bevor es gesch\u00fctzte Informationen weitergibt oder Muster Ihres Produktdesigns schickt, um seine F\u00e4higkeiten weiter zu bewerten. Wenn Sie keine Vertraulichkeitsvereinbarung haben, senden Sie KEINE Muster Ihres Produkts an dieses Unternehmen. Dies ist der schnellste Weg, um betrogen zu werden.<\/p><h3 class=\"wp-block-heading\" id=\"9-who-is-owner\">Wer ist Eigent\u00fcmer<\/h3><p>Kl\u00e4ren Sie die Eigentumsverh\u00e4ltnisse an den Formen\/Werkzeugen. Bevor Sie einen Vertrag mit einem chinesischen Hersteller unterzeichnen, sollten Sie sich vergewissern, dass es eine Klausel gibt, in der festgelegt ist, wem die f\u00fcr die Herstellung Ihres Produkts verwendeten Werkzeuge geh\u00f6ren. Wenn sie dem Hersteller geh\u00f6ren, kann er sie verkaufen oder f\u00fcr andere Projekte verwenden, nachdem er mit Ihrem Produkt fertig ist - was dazu f\u00fchren k\u00f6nnte, dass Ihr Unternehmen in Zukunft keine weiteren Einheiten mehr produzieren kann.<\/p><p>Eine M\u00f6glichkeit, dies zu vermeiden, besteht darin, festzulegen, dass die Werkzeuge Ihrem Unternehmen geh\u00f6ren. Wenn Sie dies tun, k\u00f6nnen Sie auch festlegen, dass es in gutem Zustand zur\u00fcckgegeben werden muss.<\/p><h3 class=\"wp-block-heading\" id=\"10-dispute-resolution\">Beilegung von Streitigkeiten<\/h3><p>Auch wenn Sie noch so sorgf\u00e4ltig planen, gibt es keine Garantie daf\u00fcr, dass alle Aspekte Ihres Unternehmens wie geplant ablaufen. Wenn Sie sich \u00fcber potenzielle Risiken im Klaren sind und angemessene Ma\u00dfnahmen zu deren Bew\u00e4ltigung ergreifen, k\u00f6nnen Sie die Wahrscheinlichkeit verringern, dass sie Ihr Unternehmen beeintr\u00e4chtigen.<\/p><p>Als Inhaber eines Kleinunternehmens m\u00fcssen Sie immer auf das Unerwartete vorbereitet sein. Auch wenn es dem gesunden Menschenverstand entspricht, scheitern viele Unternehmen, weil sie keinen Notfallplan f\u00fcr unvorhergesehene Ereignisse haben. Dies kann besonders bei der Auftragsfertigung in China der Fall sein.<\/p><p>Wenn Sie mit einem chinesischen Auftragnehmer oder Hersteller zusammenarbeiten, ist es wichtig, einen Vertrag abzuschlie\u00dfen, in dem klar festgelegt ist, wof\u00fcr jede Partei verantwortlich ist. Der Vertrag sollte auch Klauseln dar\u00fcber enthalten, wie Streitigkeiten beigelegt werden, wenn es Unstimmigkeiten \u00fcber die Vertragsbedingungen gibt oder wenn bei der Herstellung von Produkten etwas schief l\u00e4uft.<\/p><h2 class=\"wp-block-heading\" id=\"11-takeaway\">Mitnehmen:<\/h2><p>Was auch immer Sie tun, schlie\u00dfen Sie keinen Fertigungsvertrag ab, ohne ihn gr\u00fcndlich zu durchdenken. Es ist wichtig, dass Sie w\u00e4hrend des gesamten Prozesses mit erfahrenen, sachkundigen Beratern zusammenarbeiten, um Probleme mit Ihrem chinesischen Hersteller zu vermeiden. Auf diese Weise k\u00f6nnen Sie sich darauf verlassen, dass Ihre Produkte aus hochwertigen Materialien hergestellt und ordnungsgem\u00e4\u00df verarbeitet werden.<\/p>","protected":false},"excerpt":{"rendered":"<p>And if you&#8217;re thinking of China contract manufacturing, you&#8217;re probably not alone in your quest. But don&#8217;t despair! We&#8217;ve got some tips that will help you make sure your China contract manufacturing experience is a smooth one.China contract manufacturing is an attractive option for companies looking to expand their business. The country has a strong [&hellip;]<\/p>\n","protected":false},"author":1,"featured_media":0,"parent":0,"menu_order":0,"comment_status":"open","ping_status":"open","template":"","meta":{"footnotes":""},"class_list":["post-8952","page","type-page","status-publish","hentry"],"blocksy_meta":{"styles_descriptor":{"styles":{"desktop":"","tablet":"","mobile":""},"google_fonts":[],"version":6}},"_links":{"self":[{"href":"https:\/\/www.plasticmoulds.net\/de\/wp-json\/wp\/v2\/pages\/8952","targetHints":{"allow":["GET"]}}],"collection":[{"href":"https:\/\/www.plasticmoulds.net\/de\/wp-json\/wp\/v2\/pages"}],"about":[{"href":"https:\/\/www.plasticmoulds.net\/de\/wp-json\/wp\/v2\/types\/page"}],"author":[{"embeddable":true,"href":"https:\/\/www.plasticmoulds.net\/de\/wp-json\/wp\/v2\/users\/1"}],"replies":[{"embeddable":true,"href":"https:\/\/www.plasticmoulds.net\/de\/wp-json\/wp\/v2\/comments?post=8952"}],"version-history":[{"count":0,"href":"https:\/\/www.plasticmoulds.net\/de\/wp-json\/wp\/v2\/pages\/8952\/revisions"}],"wp:attachment":[{"href":"https:\/\/www.plasticmoulds.net\/de\/wp-json\/wp\/v2\/media?parent=8952"}],"curies":[{"name":"wp","href":"https:\/\/api.w.org\/{rel}","templated":true}]}}