{"id":8650,"date":"2022-09-08T12:56:15","date_gmt":"2022-09-08T04:56:15","guid":{"rendered":"https:\/\/plasticmoulds.net\/?p=8650"},"modified":"2022-12-29T11:10:29","modified_gmt":"2022-12-29T03:10:29","slug":"warum-sie-polycarbonat-spritzguss-aus-china-brauchen","status":"publish","type":"page","link":"https:\/\/www.plasticmoulds.net\/de\/why-you-need-china-polycarbonate-injection-molding","title":{"rendered":"warum Sie China Polycarbonat-Spritzguss ben\u00f6tigen"},"content":{"rendered":"<h1 class=\"wp-block-heading\">warum Sie China Polycarbonat-Spritzguss ben\u00f6tigen<\/h1><p><a href=\"https:\/\/plasticmoulds.net\/polycarbonate-injection-molding.html\">Polycarbonat-Spritzgie\u00dfen<\/a> ist ein Herstellungsverfahren, bei dem das PC-Harz durch Hitze erweicht und geformt wird, woraufhin es aush\u00e4rtet und die Form des Objekts annimmt. Wenn vorgeformtes Material mit hohem Druck in seine endg\u00fcltige Form gepresst wird, unterscheidet sich dieses Verfahren vom Formpressen.<\/p><p>Als starkes und leichtes Material ist Polycarbonat ein beliebtes Material f\u00fcr das Spritzgie\u00dfen. Neben Brillen und Computermonitoren verwenden Hersteller Polycarbonatformen zur Herstellung von Spielzeug, Sportartikeln, Autoteilen und vielem mehr. Dieser Artikel befasst sich mit den Vorteilen des Polycarbonat-Spritzgie\u00dfens in China.<\/p><figure class=\"wp-block-image size-large\"><a href=\"https:\/\/plasticmoulds.net\/wp-content\/uploads\/2022\/05\/1620963291604.jpg\"><img loading=\"lazy\" decoding=\"async\" width=\"640\" height=\"291\" src=\"https:\/\/plasticmoulds.net\/wp-content\/uploads\/2022\/05\/1620963291604.jpg\" alt=\"\" class=\"wp-image-7479\" srcset=\"https:\/\/www.plasticmoulds.net\/wp-content\/uploads\/2022\/05\/1620963291604.jpg 640w, https:\/\/www.plasticmoulds.net\/wp-content\/uploads\/2022\/05\/1620963291604-300x136.jpg 300w\" sizes=\"auto, (max-width: 640px) 100vw, 640px\" \/><\/a><\/figure><h2 class=\"wp-block-heading\">Was ist Polycarbonat?<\/h2><p>Polycarbonat ist ein thermoplastisches Polymer, das Carbonatgruppen enth\u00e4lt. Ein Polycarbonat ist ein Material, das stark, haltbar und transparent ist. Brillen, medizinische Ger\u00e4te und Automobilteile werden h\u00e4ufig aus diesen Materialien hergestellt.<\/p><p>Spritzgegossene Teile aus Polycarbonaten k\u00f6nnen auch eine h\u00f6here Schlagfestigkeit aufweisen. Beim Spritzgie\u00dfen wird der Kunststoff erhitzt, bis er weich und flexibel ist, und dann in eine Form gepresst. Wenn der Kunststoff abk\u00fchlt, h\u00e4rtet er in seinen endg\u00fcltigen Zustand aus.<\/p><p>Auch das Thermoformen von Polycarbonat ist m\u00f6glich. Dabei wird der Kunststoff erhitzt und mit Hilfe eines Vakuums oder eines Ofens in die gew\u00fcnschte Form gepresst. Ein Teil oder eine Komponente aus Polycarbonat ist aufgrund seiner St\u00e4rke und Flexibilit\u00e4t eine ausgezeichnete Wahl f\u00fcr viele verschiedene Anwendungen.<\/p><h2 class=\"wp-block-heading\">Vorteile von Polycarbonat f\u00fcr das Spritzgie\u00dfen<\/h2><p><mark>Polycarbonat ist ein starkes und<\/mark>Polycarbonat ist ein langlebiges Material und daher eine gute Wahl f\u00fcr das Spritzgie\u00dfen. Das Spritzgie\u00dfen von Polycarbonat ist eine hervorragende Methode zur Herstellung hochwertiger Kunststoffteile. So kann es extremen Temperaturen standhalten und bietet viele Vorteile wie St\u00e4rke, Haltbarkeit und optische Klarheit. Polycarbonat bietet nicht nur einen 100-prozentigen UV-Schutz, sondern ist auch extrem hitzebest\u00e4ndig. Aus Polycarbonat k\u00f6nnen Schutzausr\u00fcstungen wie Gesichtsschutzschilde, Visiere, Schutzbrillen und Sicherheitsgl\u00e4ser hergestellt werden.<\/p><p>Au\u00dferdem ist Polycarbonat aufgrund seiner hohen Schlagz\u00e4higkeit sehr bruch- und splitterfest. Dar\u00fcber hinaus schrumpft das Material unter den Bedingungen der Form gleichm\u00e4\u00dfig, so dass es sich leicht spritzgie\u00dfen l\u00e4sst, ohne die Produktqualit\u00e4t oder -genauigkeit zu beeintr\u00e4chtigen. Au\u00dferdem,<\/p><p>In der Regel bietet Polycarbonat-Spritzguss eine ausgezeichnete optische Klarheit und h\u00e4lt auch extremen Temperaturen stand. Bei der Verwendung in Schutzausr\u00fcstungen sorgen die hohe Schlagz\u00e4higkeit des Materials und die gleichm\u00e4\u00dfige Schwindung der Form f\u00fcr Genauigkeit bei der Herstellung von Spritzgussteilen.<\/p><h2 class=\"wp-block-heading\">Die Vorteile des chinesischen Polycarbonat-Spritzgie\u00dfens<\/h2><p>Die Vorteile des chinesischen Polycarbonat-Spritzgie\u00dfens sind vielf\u00e4ltig.<\/p><p>T<strong>Die Kosten f\u00fcr das Spritzgie\u00dfen in China sind niedrig.<\/strong>. Die Preise liegen in der Regel weit unter denen anderer Materialien wie Acryl und Glas und sind sogar mit denen von ABS-Kunststoff vergleichbar. Da Sie jedoch nur eine geringe Menge an Material ben\u00f6tigen, um Ihr Produkt herzustellen (je nach Gr\u00f6\u00dfe), sind die Gesamtkosten viel niedriger als die vieler anderer Kunststoffarten.<\/p><div class=\"wp-block-group is-layout-flow wp-block-group-is-layout-flow\"><h4 class=\"wp-block-heading\">Warum diese f\u00fcr die Kosten des Spritzgie\u00dfens wichtig sind<\/h4><ul class=\"wp-block-list\"><li><strong>Teilgr\u00f6\u00dfe-\u00a0<\/strong>Gr\u00f6\u00dfere Teile bedeuten eine gr\u00f6\u00dfere Form, was wiederum bedeutet, dass gr\u00f6\u00dferer Stahl die Stahlkosten f\u00fcr die Spritzgussform erh\u00f6ht.<\/li><li><strong>Teil Design-<\/strong> Je komplexer ein Teil ist, desto detaillierter muss die Form sein. Bei einigen komplizierten Teilen m\u00fcssen besondere Merkmale hinzugef\u00fcgt werden, z. B. Heber oder Schieber. Daher sollten Sie sich von Ihrem Formenbauer beraten lassen und pr\u00fcfen, ob Sie das Design des Teils \u00e4ndern k\u00f6nnen, um Kosten f\u00fcr die Spritzgussform zu sparen.<\/li><li><b>Materialien: <\/b>Je nach dem Material, aus dem das Teil besteht, muss die Spritzgussform aus einem bestimmten Material hergestellt werden. Wenn beispielsweise ein korrosiver Kunststoff wie PVC verwendet werden soll, muss die Form aus rostfreiem Stahl bestehen, um Sch\u00e4den zu vermeiden, die letztlich den Preis in die H\u00f6he treiben.<\/li><li><strong>Anforderungen an die Oberfl\u00e4chenbeschaffenheit der Teile-\u00a0<\/strong>Bei Teilen, die eine hochgl\u00e4nzende Oberfl\u00e4che erfordern, sind teurerer Stahl und pr\u00e4zises technisches Polieren unerl\u00e4sslich, was den Preis erh\u00f6ht.<\/li><li><strong>Produktionsvolumen.\u00a0<\/strong>Formen mit gr\u00f6\u00dferem Volumen ben\u00f6tigen mehr Kavit\u00e4ten, so dass die Form gr\u00f6\u00dfer ist. Sie erfordern auch eine h\u00f6here Stahlqualit\u00e4t, um l\u00e4nger zu halten, was sich auf die <a href=\"https:\/\/plasticmoulds.net\/plastic-mold-tool-cost\">Spritzgussformkosten<\/a>.<\/li><li><strong>Land der Herstellung-<\/strong> Verschiedene L\u00e4nder haben unterschiedliche Lohns\u00e4tze. Wenn Ihre Form in einem Land hergestellt wird, in dem die Lohnkosten niedrig sind, dann werden Sie nat\u00fcrlich Geld sparen. In China sind die durchschnittlichen Kosten f\u00fcr eine Spritzgussform etwa 40% niedriger als in westlichen L\u00e4ndern.<\/li><\/ul><\/div><p>D<strong>Die Lieferzeiten sind kurz<\/strong>-ein paar Tage (f\u00fcr Prototypen) oder h\u00f6chstens Wochen f\u00fcr fertige Produkte, die dieses Verfahren nutzen! Dies ist besonders wichtig, wenn Sie Ihr Produkt schnell fertigstellen m\u00fcssen und keine Zeit haben, wochen- oder monatelang zu warten.<\/p><p><strong>Einfach zu bedienen<\/strong>Diese Methode ist flexibel und einfach zu handhaben (was sie sehr beliebt macht). Au\u00dferdem k\u00f6nnen damit qualitativ hochwertige Teile hergestellt werden, die nach dem Gie\u00dfen nur wenig oder gar nicht nachbearbeitet werden m\u00fcssen, was die mit der Herstellung Ihres Produkts verbundenen Arbeitskosten weiter senkt!<\/p><h2 class=\"wp-block-heading\">Kosteneffiziente L\u00f6sungen zur Kostensenkung<\/h2><p>Kosteneffizienz ist der Schl\u00fcssel, um auf dem heutigen Markt wettbewerbsf\u00e4hig zu bleiben, und die Senkung der Kosten durch verbesserte Prozesse und L\u00f6sungen ist eine M\u00f6glichkeit, Unternehmen zu helfen, der Zeit voraus zu sein. Kosteneffizienz kann durch die Rationalisierung von Produktionsprozessen, die Optimierung von Designs und die Verbesserung der betrieblichen Effizienz erreicht werden.<\/p><p>Eine M\u00f6glichkeit, die Kosten f\u00fcr den PC-Spritzguss zu senken, besteht darin, das Design der Spritzgussteile zu vereinfachen. Durch die Eliminierung unn\u00f6tiger Merkmale oder Komponenten k\u00f6nnen Sie die Komplexit\u00e4t des Spritzgie\u00dfwerkzeugs reduzieren und so Geld bei den Herstellungskosten sparen. Dar\u00fcber hinaus kann eine Senkung der Schmelzetemperaturen die Zykluszeiten verk\u00fcrzen und die betriebliche Effizienz verbessern, was zu einer schnelleren Produktion bei geringeren Kosten f\u00fchrt.<\/p><p>Familienformen sind eine weitere kostensparende L\u00f6sung, da sie die gleichzeitige Herstellung mehrerer Exemplare desselben Teils oder verschiedener Teile eines Produkts in einem Gussverfahren erm\u00f6glichen. Produktdesigner sollten auch \u00fcberlegen, wie sie ihre Entw\u00fcrfe im Hinblick auf Kosteneinsparungen optimieren k\u00f6nnen, z. B. durch Verwendung von weniger Komponenten oder kosteng\u00fcnstigeren Materialien.<\/p><p>Durch die Konzentration auf kosteneffiziente L\u00f6sungen und die Rationalisierung von Prozessen k\u00f6nnen Unternehmen ihre Gemeinkosten senken und gleichzeitig weiterhin Qualit\u00e4tsprodukte zu wettbewerbsf\u00e4higen Preisen herstellen.<\/p><h2 class=\"wp-block-heading\">Design\u00fcberlegungen zur Optimierung des Prozesses<\/h2><p>Das Design f\u00fcr das Kunststoffspritzgie\u00dfen ist ein komplexer Prozess, der die sorgf\u00e4ltige Ber\u00fccksichtigung vieler Faktoren erfordert. Um die Qualit\u00e4t der Teile zu gew\u00e4hrleisten, muss der Konstrukteur die Materialeigenschaften, das Teiledesign, das Werkzeugdesign und den Spritzgie\u00dfprozess ber\u00fccksichtigen. Wenn alle diese Faktoren ber\u00fccksichtigt und entsprechend optimiert werden, k\u00f6nnen Hersteller konsistente Teile mit hervorragenden Ergebnissen produzieren.<\/p><p>Die Auswahl des Materials spielt eine wichtige Rolle f\u00fcr den Erfolg eines Projekts. Verschiedene Materialien haben unterschiedliche Eigenschaften, die sich auf ihre Leistung und Haltbarkeit auswirken k\u00f6nnen. Polycarbonat (PC) eignet sich beispielsweise f\u00fcr Anwendungen, die eine hohe Temperaturbest\u00e4ndigkeit oder Schlagfestigkeit erfordern, w\u00e4hrend Nylon h\u00e4ufig wegen seiner hervorragenden Abriebfestigkeit verwendet wird. Dar\u00fcber hinaus k\u00f6nnen mit Glasfasern oder anderen F\u00fcllstoffen verst\u00e4rkte Kunststoffe die Festigkeit und Steifigkeit eines Teils erh\u00f6hen, ohne seine Flexibilit\u00e4t oder andere Eigenschaften zu beeintr\u00e4chtigen.<\/p><p>Auch das Teiledesign ist wichtig f\u00fcr den Erfolg des Spritzgie\u00dfens. Geometrische Merkmale wie W\u00e4nde, Rippen und Vorspr\u00fcnge sollten sorgf\u00e4ltig bedacht werden, um sicherzustellen, dass sie f\u00fcr eine optimale F\u00fcllung w\u00e4hrend des Spritzgie\u00dfens ausgelegt sind und um Spannungskonzentrationen in den fertigen Teilen zu minimieren. Der Konstrukteur sollte auch ber\u00fccksichtigen, wie die Entl\u00fcftung w\u00e4hrend der Produktion gehandhabt werden soll, um zu verhindern, dass eingeschlossene Luft Defekte in den Formteilen verursacht.<\/p><h2 class=\"wp-block-heading\">Polycarbonat-Spritzgie\u00dfverfahren<\/h2><ul class=\"wp-block-list\"><li><strong>Entwurf der Form<\/strong>Sobald Sie wissen, welche Art von Kunststoff Sie verwenden m\u00f6chten, ist es an der Zeit, damit zu beginnen. <a href=\"https:\/\/plasticmoulds.net\/what-is-plastic-mold.html\" target=\"_blank\" rel=\"noreferrer noopener\">die Gestaltung der Form<\/a>. Der erste Schritt besteht darin, zu entscheiden, wie viele Teile aus einer Form hergestellt werden sollen und wie sie zusammenpassen - dadurch wird bestimmt, wie viele Kavit\u00e4ten f\u00fcr das Endprodukt ben\u00f6tigt werden. Danach k\u00f6nnen Sie eine CAD-Datei Ihres Produkts mit allen Abmessungen und Merkmalen erstellen. Diese Datei sollte dann zur Genehmigung geschickt werden, bevor mit der Produktion fortgefahren wird (da m\u00f6glicherweise einige \u00c4nderungen vorgenommen werden m\u00fcssen).<\/li><li><strong>Herstellung der Form<\/strong>Sobald Sie die Genehmigung f\u00fcr Ihre CAD-Datei erhalten haben, ist es an der Zeit, mit der Herstellung der Form zu beginnen. Dieser Prozess kann mehrere Wochen bis Monate dauern, je nachdem, wie viele Teile Ihr Entwurf enth\u00e4lt und wie kompliziert sie sind. Wenn die Form fertig ist, m\u00fcssen Sie sie zur Genehmigung einsenden, bevor Sie mit dem Spritzgie\u00dfen beginnen k\u00f6nnen.<\/li><li><strong>Pr\u00fcfung und Inspektion der Form zur Gew\u00e4hrleistung der Qualit\u00e4t.<\/strong>Sobald die Form hergestellt ist, muss sie auf ihre Qualit\u00e4t gepr\u00fcft werden. Dazu wird eine kleine Menge Kunststoff in jede Kavit\u00e4t gespritzt und dann gepr\u00fcft, wie gut er durch die inneren Kan\u00e4le flie\u00dft. Wenn es irgendwelche M\u00e4ngel gibt, m\u00fcssen diese korrigiert werden, bevor mit der Produktion fortgefahren wird.<\/li><li><strong>Spritzgie\u00dfen Ihres Polycarbonat-Teils mit einer Spritzgie\u00dfmaschine<\/strong> Sobald die Form genehmigt wurde, k\u00f6nnen Sie mit dem Spritzgie\u00dfen Ihres Teils fortfahren. Bei diesem Verfahren wird das Harzgranulat in eine Injektionsmaschine gegeben, die es erhitzt und dann in jeden Hohlraum der Form einspritzt. Der geschmolzene Polycarbonat-Kunststoff k\u00fchlt ab und h\u00e4rtet aus, w\u00e4hrend er durch die Kan\u00e4le in jeder Kavit\u00e4t flie\u00dft; danach haben Sie Ihr Polycarbonat-Spritzgussteil!<\/li><\/ul><h2 class=\"wp-block-heading\">Polycarbonat-Spritzgie\u00dfunternehmen in China<\/h2><p>Spritzgussunternehmen in China gibt es in H\u00fclle und F\u00fclle und sie sind im ganzen Land vertreten. Viele dieser Unternehmen sind schon seit Jahrzehnten t\u00e4tig und wissen genau, was n\u00f6tig ist, um einen hervorragenden Service zu bieten. Sie helfen Ihnen bei allem, vom Entwurf Ihres Teils bis hin zur Sicherstellung, dass es alle Ihre Spezifikationen erf\u00fcllt.<\/p><p>Die gr\u00f6\u00dfte Konzentration von Spritzgussunternehmen befindet sich jedoch in der Provinz Guangdong, wo Shenzhen, Dongguan und Hongkong zu finden sind. Daher ist es kein Wunder, dass China zum weltweit gr\u00f6\u00dften Hersteller von Polycarbonat-Spritzguss geworden ist.<\/p><p>China kann auf eine lange Tradition in der Fertigung zur\u00fcckblicken und hat seine F\u00e4higkeiten im Laufe der Jahre verfeinert, um zu den Besten zu geh\u00f6ren. In der Tat verlassen sich viele L\u00e4nder auf China, wenn es um Spritzgie\u00dfen geht. Egal, ob es sich um Kunststoff- oder Metallteile handelt, es gibt keinen besseren Ort als China, um genau das zu finden, wonach Sie suchen.<\/p><h2 class=\"wp-block-heading\">Letzte Worte<\/h2><p>Das Spritzgie\u00dfen von Polycarbonat ist ein g\u00e4ngiges Verfahren zur Herstellung von Kunststoffprodukten und kann f\u00fcr eine Vielzahl von Anwendungen eingesetzt werden. Polycarbonat hat viele Vorteile gegen\u00fcber anderen Kunststoffen, aber der wichtigste Faktor bei der Auswahl des Materials ist die Frage, ob es f\u00fcr Ihre Projektanforderungen geeignet ist oder nicht. Wenn Sie weitere Informationen \u00fcber die Funktionsweise des Polycarbonat-Spritzgie\u00dfens w\u00fcnschen, wenden Sie sich bitte an <a href=\"https:\/\/plasticmoulds.net\/contact-us\" target=\"_blank\" rel=\"noreferrer noopener\">Kontaktieren Sie uns heute<\/a>!<\/p>","protected":false},"excerpt":{"rendered":"<p>why you need China polycarbonate injection moldingPolycarbonate injection molding is a manufacturing process that uses heat to soften and shape the PC resin, which hardens and assumes the form of the object. When pre-shaped material is compressed to its final shape with high pressure, this process differs from compression molding.As a strong and lightweight material, [&hellip;]<\/p>\n","protected":false},"author":11,"featured_media":0,"parent":0,"menu_order":0,"comment_status":"open","ping_status":"open","template":"","meta":{"footnotes":""},"class_list":["post-8650","page","type-page","status-publish","hentry"],"blocksy_meta":{"styles_descriptor":{"styles":{"desktop":"","tablet":"","mobile":""},"google_fonts":[],"version":6}},"_links":{"self":[{"href":"https:\/\/www.plasticmoulds.net\/de\/wp-json\/wp\/v2\/pages\/8650","targetHints":{"allow":["GET"]}}],"collection":[{"href":"https:\/\/www.plasticmoulds.net\/de\/wp-json\/wp\/v2\/pages"}],"about":[{"href":"https:\/\/www.plasticmoulds.net\/de\/wp-json\/wp\/v2\/types\/page"}],"author":[{"embeddable":true,"href":"https:\/\/www.plasticmoulds.net\/de\/wp-json\/wp\/v2\/users\/11"}],"replies":[{"embeddable":true,"href":"https:\/\/www.plasticmoulds.net\/de\/wp-json\/wp\/v2\/comments?post=8650"}],"version-history":[{"count":0,"href":"https:\/\/www.plasticmoulds.net\/de\/wp-json\/wp\/v2\/pages\/8650\/revisions"}],"wp:attachment":[{"href":"https:\/\/www.plasticmoulds.net\/de\/wp-json\/wp\/v2\/media?parent=8650"}],"curies":[{"name":"wp","href":"https:\/\/api.w.org\/{rel}","templated":true}]}}