{"id":8378,"date":"2022-08-16T14:29:25","date_gmt":"2022-08-16T06:29:25","guid":{"rendered":"https:\/\/plasticmoulds.net\/?p=8378"},"modified":"2022-08-16T14:40:54","modified_gmt":"2022-08-16T06:40:54","slug":"wie-man-mit-porzellanspritzguss-erfolgreich-geschafte-macht","status":"publish","type":"page","link":"https:\/\/www.plasticmoulds.net\/de\/how-to-succeed-in-business-with-china-injection-molding","title":{"rendered":"Wie man mit China Injection Molding erfolgreich im Gesch\u00e4ft ist"},"content":{"rendered":"<h1 class=\"wp-block-heading\">Spritzgie\u00dfen in China: Wie man Geld verdient<\/h1><p>Spritzgie\u00dfen ist ein Fertigungsverfahren <a href=\"https:\/\/plasticmoulds.net\/injection-molding-process.html\" target=\"_blank\" rel=\"noreferrer noopener\">Prozess<\/a> zur Herstellung von Kunststoffteilen durch Einspritzen von geschmolzenem Material in eine Form. Aufgrund seiner Vielseitigkeit und Schnelligkeit ist es eine der beliebtesten Fertigungsmethoden. Das Spritzgie\u00dfen wird in einer Vielzahl von Branchen eingesetzt, besonders beliebt ist es jedoch in der <a href=\"https:\/\/plasticmoulds.net\/automotive-injection-molding\" target=\"_blank\" rel=\"noreferrer noopener\">Automobilbranche<\/a>.<\/p><figure class=\"wp-block-image aligncenter size-full is-resized\"><a href=\"https:\/\/plasticmoulds.net\/wp-content\/uploads\/2022\/07\/16.png\"><img loading=\"lazy\" decoding=\"async\" src=\"https:\/\/plasticmoulds.net\/wp-content\/uploads\/2022\/07\/16.png\" alt=\"\" class=\"wp-image-7977\" width=\"399\" height=\"411\"\/><\/a><\/figure><p>China ist der weltweit gr\u00f6\u00dfte Hersteller von Spritzgussteilen und hat sich zu einem wichtigen Akteur auf dem Weltmarkt entwickelt. <\/p><p>\u00dcber 50% aller weltweit verwendeten Kunststoffe werden heute in China hergestellt, und diese Zahl steigt weiter. <\/p><p>Die chinesische Regierung hat in gro\u00dfem Umfang in die Kunststoffindustrie investiert, die heute einer der wichtigsten Industriezweige des Landes ist.<\/p><p>Es wird erwartet, dass die chinesische Kunststoffindustrie in den n\u00e4chsten zehn Jahren mit einer Rate von 10% pro Jahr wachsen wird, und es wird gesch\u00e4tzt, dass China bis 2025 der gr\u00f6\u00dfte Kunststoffproduzent der Welt sein wird.<\/p><h2 class=\"wp-block-heading\">Wozu dient das Spritzgie\u00dfen?<\/h2><p>Das Spritzgie\u00dfen ist ein Fertigungsverfahren zur Herstellung von Teilen durch Einspritzen von geschmolzenem Material in eine Form. Das Spritzgie\u00dfen kann mit einer Vielzahl von Materialien durchgef\u00fchrt werden, darunter Metalle (f\u00fcr die das Verfahren als Druckguss bezeichnet wird), Gl\u00e4ser, Elastomere, Konfektionen und am h\u00e4ufigsten thermoplastische und duroplastische Polymere. <\/p><p>Das Material f\u00fcr das Teil wird in einen beheizten Zylinder gef\u00fcllt, gemischt und in einen Formhohlraum gepresst, wo es abk\u00fchlt und entsprechend der Form des Hohlraums aush\u00e4rtet. Der Formhohlraum wird durch zwei geh\u00e4rtete Werkzeugstahlformen gebildet, die in Form bearbeitet wurden und w\u00e4hrend des Prozesses \u00e4hnlich wie eine Spritzgussform funktionieren. <\/p><p>Die meisten Spritzgussformen sind heute von der <a href=\"https:\/\/plasticmoulds.net\/hot-runner.html\" target=\"_blank\" rel=\"noreferrer noopener\">Hei\u00dfkanaltyp<\/a>. Ein Hei\u00dfkanalsystem ist teurer in der Konstruktion und Umsetzung, hat aber den Vorteil, dass keine Kaltkan\u00e4le in der Form erforderlich sind, was die Ausbeute der Produkte durch die Reduzierung des Ausschussmaterials erh\u00f6ht.<\/p><p>Das Spritzgie\u00dfen kann f\u00fcr eine Vielzahl von Anwendungen eingesetzt werden, z. B. im Gesundheitswesen, in der Automobilindustrie und bei Konsumg\u00fctern. Um beim Spritzgie\u00dfen in China erfolgreich zu sein, ist es wichtig, mit einem renommierten und erfahrenen Hersteller zusammenzuarbeiten. <\/p><p>Dar\u00fcber hinaus ist es wichtig, dass Sie Ihre Produktanforderungen und den Spritzgussprozess genau kennen. <\/p><p>Bei sorgf\u00e4ltiger Planung und Ausf\u00fchrung kann das Spritzgie\u00dfen eine erfolgreiche und kosteng\u00fcnstige Methode zur Herstellung von Teilen sein.<\/p><h2 class=\"wp-block-heading\">Die Vorteile des Kunststoffspritzgie\u00dfens in China<\/h2><p>Das Spritzgie\u00dfen ist bei der Herstellung von Kunststoffprodukten weit verbreitet, und China ist eines der f\u00fchrenden L\u00e4nder in diesem Bereich. <\/p><p>Das Kunststoffspritzgie\u00dfen in China hat viele Vorteile, darunter die folgenden:<\/p><h3 class=\"wp-block-heading\">Gesteigerte Produktivit\u00e4t<\/h3><p>Um in der Wirtschaft erfolgreich zu sein, ist es wichtig, produktiv zu sein. Eine M\u00f6glichkeit, die Produktivit\u00e4t zu steigern, ist der Einsatz des chinesischen Spritzgussverfahrens. Dieses Verfahren kann Ihnen helfen, Zeit und Geld zu sparen und trotzdem hochwertige Produkte zu erhalten.<\/p><p> Um den bestm\u00f6glichen Anbieter zu finden, ist es wichtig, zu recherchieren und Empfehlungen einzuholen. Wenn Sie einen Anbieter gefunden haben <a href=\"https:\/\/plasticmoulds.net\/china-injection-molding-company\" target=\"_blank\" rel=\"noreferrer noopener\">seri\u00f6ser Anbieter<\/a>k\u00f6nnen Sie damit beginnen, Ihre Produktivit\u00e4t zu steigern.<\/p><h3 class=\"wp-block-heading\">Niedrigere Kosten<\/h3><p>Wenn Sie auf der Suche sind nach <a href=\"https:\/\/plasticmoulds.net\/7-tips-to-reduce-the-copy-of-plastic-injection-molding-costs.html\" target=\"_blank\" rel=\"noreferrer noopener\">Ihre Kosten senken<\/a> und Ihre Gewinne zu steigern, k\u00f6nnte das Spritzgie\u00dfen in China die Antwort sein. Spritzgie\u00dfen ist ein Fertigungsverfahren, bei dem geschmolzenes Material in eine Form gespritzt wird, um die gew\u00fcnschte Form zu erhalten. <\/p><figure class=\"wp-block-image aligncenter size-full is-resized\"><a href=\"https:\/\/plasticmoulds.net\/wp-content\/uploads\/2022\/07\/5.png\"><img loading=\"lazy\" decoding=\"async\" src=\"https:\/\/plasticmoulds.net\/wp-content\/uploads\/2022\/07\/5.png\" alt=\"\" class=\"wp-image-7966\" width=\"375\" height=\"329\"\/><\/a><\/figure><p>Mit diesem Verfahren kann eine breite Palette von Produkten hergestellt werden, von medizinischen Ger\u00e4ten bis hin zu Autoteilen. Die Anfangsinvestitionen f\u00fcr den Aufbau eines Spritzgie\u00dfbetriebs in China m\u00f6gen zwar h\u00f6her sein als in anderen L\u00e4ndern, aber die Arbeitskosten sind viel niedriger, was zu erheblichen Einsparungen f\u00fchren kann. <\/p><p>Dar\u00fcber hinaus gibt es in China eine Reihe erfahrener und zuverl\u00e4ssiger Spritzgussunternehmen, die qualitativ hochwertige Produkte liefern k\u00f6nnen. Richtig gemacht, kann das Spritzgie\u00dfen in China eine gro\u00dfartige M\u00f6glichkeit sein, Ihr Endergebnis zu verbessern.<\/p><h3 class=\"wp-block-heading\">Gr\u00f6\u00dfere Effizienz<\/h3><p>Um im Chinagesch\u00e4ft erfolgreich zu sein, ist es wichtig, effizient zu sein. Das bedeutet, einen gut organisierten Plan zu haben und ihn schnell und effektiv ausf\u00fchren zu k\u00f6nnen. <\/p><p>Eine M\u00f6glichkeit, dies zu tun, ist die Herstellung von Produkten im Spritzgussverfahren. Das Spritzgie\u00dfen ist ein Fertigungsverfahren, mit dem Unternehmen schnell und effizient Produkte herstellen k\u00f6nnen. <\/p><p>Durch den Einsatz dieses Verfahrens k\u00f6nnen Unternehmen Zeit und Geld sparen und dennoch hochwertige Produkte herstellen. Um im Chinagesch\u00e4ft erfolgreich zu sein, ist es wichtig, effizient zu sein und das Spritzgie\u00dfverfahren zu nutzen.<\/p><h2 class=\"wp-block-heading\">Wie man mit China Injection Molding erfolgreich im Gesch\u00e4ft ist<\/h2><p>Um im Gesch\u00e4ft mit dem chinesischen Spritzguss erfolgreich zu sein, ist es wichtig, den chinesischen Markt und die chinesische Kultur zu verstehen. Als gr\u00f6\u00dfter Exporteur der Welt spielt China eine wichtige Rolle in der Weltwirtschaft. Um im Gesch\u00e4ft mit dem chinesischen Spritzguss erfolgreich zu sein, ist es wichtig, den chinesischen Markt und die chinesische Kultur zu verstehen.<\/p><figure class=\"wp-block-image aligncenter size-full is-resized\"><a href=\"https:\/\/plasticmoulds.net\/wp-content\/uploads\/2022\/07\/17.png\"><img loading=\"lazy\" decoding=\"async\" src=\"https:\/\/plasticmoulds.net\/wp-content\/uploads\/2022\/07\/17.png\" alt=\"\" class=\"wp-image-7978\" width=\"401\" height=\"364\"\/><\/a><\/figure><p>Der chinesische Markt ist einzigartig und komplex, mit einer langen Geschichte und einer reichen Kultur. Es ist wichtig, sich mit den Sitten und Gebr\u00e4uchen des Landes vertraut zu machen, bevor man dort Gesch\u00e4fte macht.<\/p><p>Bei Gesch\u00e4ften in China ist es wichtig, Folgendes zu beachten:<\/p><p>1. Der chinesische Markt ist hart umk\u00e4mpft<\/p><p>Der chinesische Markt ist hart umk\u00e4mpft. Es gibt viele lokale und internationale Unternehmen, die um Marktanteile konkurrieren.<\/p><p>Um erfolgreich zu sein, ist es wichtig, eine gut definierte Marketingstrategie zu haben.<\/p><p>2. Die chinesische Regierung ist in die Wirtschaft involviert<\/p><p>Die chinesische Regierung ist an der Wirtschaft beteiligt. Sie reguliert Unternehmen und Branchen.<\/p><p>Um in China Gesch\u00e4fte machen zu k\u00f6nnen, ist es wichtig, das Spritzgie\u00dfverfahren gut zu verstehen und einen seri\u00f6sen und zuverl\u00e4ssigen Lieferanten zu finden. Dar\u00fcber hinaus ist es wichtig, eine starke Marketingstrategie zu haben und wettbewerbsf\u00e4hige Preise anbieten zu k\u00f6nnen. Wenn Sie diese Tipps befolgen, sind Sie auf dem besten Weg zum Erfolg in diesem Bereich.<\/p><h2 class=\"wp-block-heading\">Wie man ein zuverl\u00e4ssiges chinesisches Unternehmen f\u00fcr Kunststoffspritzguss ausw\u00e4hlt<\/h2><p>Bei der Auswahl eines Kunststoffspritzgussunternehmens in China sind einige Faktoren zu beachten.<\/p><p>Zun\u00e4chst sollten Sie sich vergewissern, dass das Unternehmen erfahren ist und einen guten Ruf genie\u00dft. Dies k\u00f6nnen Sie herausfinden, indem Sie im Internet suchen oder andere Personen fragen, die ihre Dienste in Anspruch genommen haben. Au\u00dferdem sollten Sie sich vergewissern, dass das Unternehmen eine Vielzahl verschiedener Dienstleistungen anbietet, damit Sie genau das bekommen, was Sie f\u00fcr Ihre speziellen Bed\u00fcrfnisse brauchen.<\/p><p>Wenn Sie ein gutes Unternehmen gefunden haben, das all diese Kriterien erf\u00fcllt, k\u00f6nnen Sie sich mit ihm in Verbindung setzen und einen Termin f\u00fcr Ihre Haartransplantation vereinbaren. Stellen Sie sicher, dass Sie sich \u00fcber das Unternehmen informieren, bevor Sie Ihre endg\u00fcltige Entscheidung treffen. So k\u00f6nnen Sie vermeiden, dass Sie betrogen oder \u00fcber den Tisch gezogen werden, und es wird sichergestellt, dass Sie den bestm\u00f6glichen Service erhalten.<\/p><p>Zweitens sollten Sie sich vergewissern, dass das Unternehmen \u00fcber die richtigen Einrichtungen und Ger\u00e4te f\u00fcr Ihr Projekt verf\u00fcgt. \u00dcberpr\u00fcfen Sie, ob der Betrieb \u00fcber die richtigen Einrichtungen f\u00fcr die von Ihnen gew\u00fcnschte Arbeit verf\u00fcgt. Sie sollten sich auch nach der Ausr\u00fcstung und deren Funktionsweise erkundigen.<\/p><p>Es ist auch wichtig, nach der Ausbildung und Erfahrung des Unternehmens zu fragen. Erkundigen Sie sich, wie lange das Unternehmen bereits im Gesch\u00e4ft ist und wie vielen Kunden es geholfen hat. Sie sollten auch nach Referenzen von anderen Kunden fragen, die ihre Dienste in Anspruch genommen haben.<\/p><p>Schlie\u00dflich m\u00fcssen Sie sicher sein, dass das Unternehmen in der Lage ist, Ihre Fristen und Ihr Budget einzuhalten. Vergewissern Sie sich, dass das Unternehmen bereit ist, zu Ihrer Baustelle zu kommen und mit der Arbeit zu beginnen, sobald Sie es brauchen.<\/p><p>Wenn Sie Ihre Entscheidung endlich getroffen haben, ist es an der Zeit, Ihr Projekt in Angriff zu nehmen.<\/p><h2 class=\"wp-block-heading\">Die Vorteile von Kunststoff-Spritzgie\u00dfdienstleistungen in China<\/h2><p>China ist einer der f\u00fchrenden Hersteller von spritzgegossenen Kunststoffprodukten, und es gibt eine gro\u00dfe Zahl von Herstellern, die hochwertige Dienstleistungen zu wettbewerbsf\u00e4higen Preisen anbieten. F\u00fcr Unternehmen, die sich den chinesischen Markt erschlie\u00dfen wollen, kann die Zusammenarbeit mit einem renommierten Spritzgie\u00dfdienstleister der Schl\u00fcssel zum Erfolg sein. Spritzgie\u00dfdienstleistungen in China bieten eine Reihe von Vorteilen, darunter den Zugang zu einem gro\u00dfen Pool an qualifizierten Arbeitskr\u00e4ften, niedrige Lohnkosten und einen rationalisierten Herstellungsprozess. Durch die Zusammenarbeit mit einem seri\u00f6sen Dienstleister k\u00f6nnen Unternehmen diese Vorteile nutzen, um hochwertige Produkte zu geringeren Kosten herzustellen.<\/p><h2 class=\"wp-block-heading\">Tipps f\u00fcr die Zusammenarbeit mit chinesischen Kunststoffspritzgie\u00dfern<\/h2><p>Bei der Zusammenarbeit mit chinesischen Kunststoffspritzgie\u00dfern ist es wichtig, sich der kulturellen Unterschiede bewusst zu sein und Ma\u00dfnahmen zu ergreifen, um Vertrauen aufzubauen. <\/p><p>Ein guter chinesischer Kunststoffspritzgie\u00dfer wird Ihnen gerne Referenzen und Arbeitsproben zur Verf\u00fcgung stellen. So k\u00f6nnen Sie sich ein Bild von den F\u00e4higkeiten des Unternehmens machen und feststellen, ob es f\u00fcr Ihr Projekt geeignet ist.<\/p><p>Es ist auch wichtig, realistische Erwartungen hinsichtlich der Kosten f\u00fcr die Herstellung in China zu haben. Die Arbeitskosten sind zwar niedriger als in den Industriel\u00e4ndern, aber die Material- und Transportkosten k\u00f6nnen sich schnell summieren.<\/p><p>Sie sollten sich auch dar\u00fcber im Klaren sein, dass chinesische Hersteller nicht immer die gleichen Qualit\u00e4tsstandards einhalten wie Hersteller in Industriel\u00e4ndern. Daher ist es wichtig, die Produkte sorgf\u00e4ltig zu pr\u00fcfen, bevor sie f\u00fcr die Produktion freigegeben werden.<\/p><p>Wenn Sie sich die Zeit nehmen, ein seri\u00f6ses chinesisches Unternehmen f\u00fcr Kunststoffspritzguss zu finden, k\u00f6nnen Sie eine Menge Geld bei Ihren Herstellungskosten sparen. <\/p><p>Es ist jedoch wichtig, daran zu denken, dass man das bekommt, wof\u00fcr man bezahlt. Ein billiger Hersteller kann minderwertige Produkte herstellen, daher ist es wichtig, sich vor der Auswahl eines Anbieters zu informieren.<\/p><p>Eine M\u00f6glichkeit, Vertrauen aufzubauen, besteht darin, einen chinesischsprachigen Vertreter in Ihr Team aufzunehmen, der als kulturelle Br\u00fccke fungieren und die Kommunikation zwischen den beiden Parteien erleichtern kann.<\/p><p>Eine weitere wichtige Komponente f\u00fcr den Aufbau von Vertrauen ist das Engagement f\u00fcr Gesch\u00e4ftspraktiken, die den chinesischen kulturellen Normen entsprechen. So ist beispielsweise der Aufbau einer langfristigen Beziehung zu Ihrem chinesischen Gesch\u00e4ftspartner ein wichtiger Bestandteil der Gesch\u00e4ftst\u00e4tigkeit in China, und es ist eine \u00fcbliche H\u00f6flichkeit, Visitenkarten sowohl auf Englisch als auch auf Chinesisch drucken zu lassen.<\/p><figure class=\"wp-block-image aligncenter size-full is-resized\"><a href=\"https:\/\/plasticmoulds.net\/wp-content\/uploads\/2022\/07\/15-1.png\"><img loading=\"lazy\" decoding=\"async\" src=\"https:\/\/plasticmoulds.net\/wp-content\/uploads\/2022\/07\/15-1.png\" alt=\"\" class=\"wp-image-7976\" width=\"435\" height=\"321\"\/><\/a><\/figure><p>Es ist auch wichtig, daran zu denken, dass der Aufbau von Vertrauen Zeit und Geduld erfordert. Erwarten Sie nicht, dass Sie sofort eine starke Beziehung zu Ihrem chinesischen Partner aufbauen - bauen Sie sie mit der Zeit auf, indem Sie regelm\u00e4\u00dfig kommunizieren und sich konsequent um die Entwicklung der Beziehung bem\u00fchen.<\/p><p>Die Kommunikation sollte auch klar und deutlich sein, um Missverst\u00e4ndnisse zu vermeiden. Wenn Sie sich \u00fcber etwas unsicher sind, fragen Sie bitte nach.<\/p><p>\"Ich verstehe nicht, was das bedeutet.\" \"K\u00f6nnen Sie mir erkl\u00e4ren, was ich tun soll?\" \"Bitte helfen Sie mir zu verstehen, was Sie damit meinen.\"<\/p><p>Schlie\u00dflich sollten Sie bereit sein, flexibel zu sein und sich auf die unterschiedlichen Gesch\u00e4ftspraktiken Ihrer chinesischen Partner einzustellen.<\/p><p>Wenn Sie diese Tipps befolgen, k\u00f6nnen Sie Ihr Unternehmen bei der Zusammenarbeit mit chinesischen Kunststoffspritzgie\u00dfern auf Erfolgskurs bringen.<\/p>","protected":false},"excerpt":{"rendered":"<p>Injection Molding in China: How to Make MoneyInjection molding is a manufacturing process for creating plastic parts by injecting molten material into a mold. It is one of the most popular methods of manufacturing due to its versatility and speed. Injection molding is used in a variety of industries, but it is especially popular in [&hellip;]<\/p>\n","protected":false},"author":11,"featured_media":0,"parent":0,"menu_order":0,"comment_status":"open","ping_status":"open","template":"","meta":{"footnotes":""},"class_list":["post-8378","page","type-page","status-publish","hentry"],"blocksy_meta":{"styles_descriptor":{"styles":{"desktop":"","tablet":"","mobile":""},"google_fonts":[],"version":6}},"_links":{"self":[{"href":"https:\/\/www.plasticmoulds.net\/de\/wp-json\/wp\/v2\/pages\/8378","targetHints":{"allow":["GET"]}}],"collection":[{"href":"https:\/\/www.plasticmoulds.net\/de\/wp-json\/wp\/v2\/pages"}],"about":[{"href":"https:\/\/www.plasticmoulds.net\/de\/wp-json\/wp\/v2\/types\/page"}],"author":[{"embeddable":true,"href":"https:\/\/www.plasticmoulds.net\/de\/wp-json\/wp\/v2\/users\/11"}],"replies":[{"embeddable":true,"href":"https:\/\/www.plasticmoulds.net\/de\/wp-json\/wp\/v2\/comments?post=8378"}],"version-history":[{"count":0,"href":"https:\/\/www.plasticmoulds.net\/de\/wp-json\/wp\/v2\/pages\/8378\/revisions"}],"wp:attachment":[{"href":"https:\/\/www.plasticmoulds.net\/de\/wp-json\/wp\/v2\/media?parent=8378"}],"curies":[{"name":"wp","href":"https:\/\/api.w.org\/{rel}","templated":true}]}}