{"id":8304,"date":"2022-08-07T09:27:20","date_gmt":"2022-08-07T01:27:20","guid":{"rendered":"https:\/\/plasticmoulds.net\/?p=8304"},"modified":"2024-12-28T16:20:33","modified_gmt":"2024-12-28T08:20:33","slug":"arten-der-auftragsfertigung-beim-spritzgiesen-und-ihre-bedeutung","status":"publish","type":"page","link":"https:\/\/www.plasticmoulds.net\/de\/injection-molding-contract-manufacturing-types-and-what-they-mean","title":{"rendered":"Arten der Auftragsfertigung im Spritzgie\u00dfen und ihre Bedeutung"},"content":{"rendered":"<div class=\"wp-block-qubely-table-of-contents qubely-block-9d13e2 qubely-block-table-of-contents qubely-align-left\"><div class=\"qubely-table-of-contents\" data-scroll-offset=\"20\"><div class=\"qubely-table-of-contents-header qubely-toc-header-frontend qubely-justify-between\"><div class=\"qubely-table-of-contents-heading\"><div class=\"title\">China Spritzgie\u00dfen Auftragsfertigung<\/div><\/div><\/div><div class=\"qubely-table-of-contents-body\"><ol class=\"ordered-list\"><li><a href=\"#1-1-manufacturing-contract-types\">1: Porzellan-Spritzguss Fertigungstypen<\/a><ol class=\"child-list\"><li><a href=\"#2-private-label-manufacturing\">Herstellung von Eigenmarken:<\/a><\/li><li><a href=\"#3-individual-component-manufacturing\">Herstellung von Einzelteilen:<\/a><\/li><li><a href=\"#4-labor-or-service-subcontracting\">Vergabe von Unterauftr\u00e4gen f\u00fcr Arbeit oder Dienstleistungen:<\/a><\/li><li><a href=\"#5-end-to-end-manufacturing\">End-to-End-Fertigung:<\/a><\/li><\/ol><\/li><li><a href=\"#6-2-materials-tools-and-services-used-in-manufacturing\">2: Materialien, Werkzeuge und Dienstleistungen f\u00fcr die Spritzgie\u00dffertigung<\/a><\/li><li><a href=\"#7-3-industries-supported-by-manufacturers\">3: Von chinesischen Spritzgussherstellern unterst\u00fctzte Branchen<\/a><\/li><li><a href=\"#8-china-injection-molding-manufacturers-how-to-choose-one\">China Spritzgie\u00dfen Hersteller: Wie man einen ausw\u00e4hlt<\/a><\/li><\/ol><\/div><a href=\"#\" class=\"qubely-back-to-top-button fas fa-angle-up\"><\/a><\/div><\/div><p>Um ein hochwertiges Spritzgussprodukt aus China schnell auf den Markt zu bringen, m\u00fcssen Sie einen Auftragshersteller beauftragen. Um den richtigen Partner in China zu finden, m\u00fcssen Sie zun\u00e4chst die verschiedenen Arten der Auftragsfertigung kennen.<\/p><p>In Bezug auf die Auftragsfertigung von Spritzgussteilen und die Suche nach einem vertrauensw\u00fcrdigen <a href=\"https:\/\/plasticmoulds.net\/china-injection-molding-company\" target=\"_blank\" rel=\"noreferrer noopener\">China Spritzgie\u00dfen<\/a> Hersteller, fehlt es an einem Konsens. Oft f\u00fchlen sich Unternehmer von den vielen Optionen, die ihnen zur Verf\u00fcgung stehen, \u00fcberw\u00e4ltigt und verwirrt.<\/p><figure class=\"wp-block-image size-full is-resized\"><a href=\"https:\/\/plasticmoulds.net\/wp-content\/uploads\/2022\/07\/7.png\"><img loading=\"lazy\" decoding=\"async\" width=\"190\" height=\"152\" src=\"https:\/\/plasticmoulds.net\/wp-content\/uploads\/2022\/07\/7.png\" alt=\"\" class=\"wp-image-7968\" style=\"width:592px;height:474px\"\/><\/a><figcaption class=\"wp-element-caption\"><h2 class=\"post-title\" style=\"box-sizing: border-box; font-style: normal; letter-spacing: normal; text-transform: none; white-space: normal; text-decoration-thickness: initial; text-decoration-style: initial; text-decoration-color: initial; font-family: Montserrat; line-height: 54px; margin: 0px 0px 4px; font-weight: 400; color: rgb(66, 66, 66); font-size: 30px;\">Auftragsfertigung<\/h2><\/figcaption><\/figure><p>Sie sollten sich keinen Stress machen m\u00fcssen, wenn es darum geht, einen Hersteller von Spritzgussprodukten in China zu finden. In diesem <a href=\"https:\/\/plasticmoulds.net\/plastic-molding-order-process\" target=\"_blank\" rel=\"noreferrer noopener\">Leitfaden<\/a>werden wir einige g\u00e4ngige Missverst\u00e4ndnisse \u00fcber die verschiedenen Arten der Auftragsfertigung ausr\u00e4umen. Au\u00dferdem stellen wir Ihnen alle Informationen zur Verf\u00fcgung, die Sie ben\u00f6tigen, um eine fundierte Entscheidung zu treffen.<\/p><p><strong>Auftragsfertigung: 3 Arten, die Sie kennen sollten<\/strong><\/p><p>Obwohl jeder Hersteller unterschiedliche Dienstleistungen anbietet, kann die Auftragsfertigung auf drei Arten klassifiziert werden:<\/p><p>Ein Lohnfertigungsvertrag kann verschiedene Formen annehmen. Ein Spritzgie\u00dfvertrag \u00fcber die Herstellung eines einzelnen Kunststoffteils oder einer Komponente, ein Vertrag \u00fcber die Vergabe von Unterauftr\u00e4gen f\u00fcr Arbeits- oder Dienstleistungen oder ein Vertrag \u00fcber eine umfassende Dienstleistung fallen in diese Kategorie.<\/p><p>Die Dienstleistungen, <a href=\"https:\/\/plasticmoulds.net\/what-is-plastic-mold.html\" target=\"_blank\" rel=\"noreferrer noopener\">Werkzeuge<\/a>und Materialien, die von zwei Auftragsherstellern verwendet werden, k\u00f6nnen sehr unterschiedlich sein, selbst wenn sie beide Eigenmarkenprodukte herstellen.<\/p><div class=\"wp-block-qubely-timeline qubely-block-0be0b5\" data-qubelyanimation=\"{&quot;animation&quot;:&quot;bounce&quot;,&quot;name&quot;:&quot;bounceCenter&quot;,&quot;repeat&quot;:&quot;once&quot;,&quot;direction&quot;:&quot;Center&quot;,&quot;duration&quot;:1000,&quot;delay&quot;:0,&quot;curve&quot;:&quot;ease-in-out&quot;,&quot;openAnimation&quot;:1}\"><div class=\"qubely-block-timeline qubely-timeline-layout-vertical qubely-timeline-orientation-center\"><div class=\"qubely-timeline-items\"><div class=\"qubely-timeline-item qubely-timeline-left\"><div class=\"qubely-timeline-connector\"><span class=\"qubely-timeline-connector-icon fas fa-angle-double-down\"><\/span><\/div><div class=\"qubely-timeline-content\"><div class=\"qubely-timeline-description\"><h4 class=\"qubely-timeline-title\">Entwurf von Komponenten (7 Tage)<\/h4><div class=\"qubely-timeline-description\">Topworks kann\u00a0<a href=\"https:\/\/plasticmoulds.net\/design\">Ihr Design optimieren<\/a>\u00a0Kosteneinsparungen zu erzielen oder die Kompatibilit\u00e4t mit asiatischen Verfahren zu gew\u00e4hrleisten, indem Sie Ihr Design vor der Werkzeugherstellung optimieren.<\/div><\/div><span class=\"qubely-timeline-indicator\"><\/span><\/div><div class=\"qubely-timeline-date-container\"><div class=\"qubely-timeline-date\"><strong>Kunden sind willkommen <br>3D-Dateien zu liefern<\/strong><\/div><\/div><\/div><div class=\"qubely-timeline-item qubely-timeline-right\"><div class=\"qubely-timeline-connector\"><span class=\"qubely-timeline-connector-icon fas fa-angle-double-down\"><\/span><\/div><div class=\"qubely-timeline-content\"><div class=\"qubely-timeline-description\"><h4 class=\"qubely-timeline-title\"><strong>Prototyping von Teilen (falls erforderlich)<\/strong>(2 -3 Tage)<\/h4><div class=\"qubely-timeline-description\">Topworks kann mit Hilfe von Computer Numerical Control (CNC) einen bearbeiteten Prototyp oder einen 3D-Druck herstellen, den Sie sehen und f\u00fchlen k\u00f6nnen, um das Design Ihres Teils zu validieren.<\/div><\/div><span class=\"qubely-timeline-indicator\"><\/span><\/div><div class=\"qubely-timeline-date-container\"><div class=\"qubely-timeline-date\"><strong>\u00a0Kunden-Seite <\/strong><br><strong>Oder Topworks-Seite<\/strong><\/div><\/div><\/div><div class=\"qubely-timeline-item qubely-timeline-left\"><div class=\"qubely-timeline-connector\"><span class=\"qubely-timeline-connector-icon fas fa-angle-double-down\"><\/span><\/div><div class=\"qubely-timeline-content\"><div class=\"qubely-timeline-description\"><h4 class=\"qubely-timeline-title\"><strong>Werkzeug-Design<\/strong>(3-7 Tage)<\/h4><div class=\"qubely-timeline-description\">In dieser Phase wird Ihr Arbeitsblatt mit den Werkzeuginformationen f\u00fcr die Konstruktion des Werkzeugs verwendet.<\/div><\/div><span class=\"qubely-timeline-indicator\"><\/span><\/div><div class=\"qubely-timeline-date-container\"><div class=\"qubely-timeline-date\"><strong>Client-Seite oder <\/strong><br><strong>Topworks Seite<\/strong><\/div><\/div><\/div><div class=\"qubely-timeline-item qubely-timeline-right\"><div class=\"qubely-timeline-connector\"><span class=\"qubely-timeline-connector-icon fas fa-angle-double-down\"><\/span><\/div><div class=\"qubely-timeline-content\"><div class=\"qubely-timeline-description\"><h4 class=\"qubely-timeline-title\"><strong>Werkzeugkontrolle und Mold Flow Analysis<\/strong>(1-2 Tage)<\/h4><div class=\"qubely-timeline-description\">Die Genauigkeit der Werkzeugkonstruktion wird validiert.<\/div><\/div><span class=\"qubely-timeline-indicator\"><\/span><\/div><div class=\"qubely-timeline-date-container\"><div class=\"qubely-timeline-date\"><strong>Topworks-Seite oder Client-Seite<\/strong><\/div><\/div><\/div><div class=\"qubely-timeline-item qubely-timeline-left\"><div class=\"qubely-timeline-connector\"><span class=\"qubely-timeline-connector-icon fas fa-angle-double-down\"><\/span><\/div><div class=\"qubely-timeline-content\"><div class=\"qubely-timeline-description\"><h4 class=\"qubely-timeline-title\"><strong>Herstellung von Werkzeugen<\/strong>(3-8 Wochen, je nachdem)<\/h4><div class=\"qubely-timeline-description\">Das Werkzeug wird mit Hilfe von Computer Numerical Control (CNC) und Electrical Discharge Machining (EDM) Technologien pr\u00e4zise nach dem validierten Design hergestellt...)<\/div><\/div><span class=\"qubely-timeline-indicator\"><\/span><\/div><div class=\"qubely-timeline-date-container\"><div class=\"qubely-timeline-date\"><strong>Topworks Seite<\/strong><\/div><\/div><\/div><div class=\"qubely-timeline-item qubely-timeline-right\"><div class=\"qubely-timeline-connector\"><span class=\"qubely-timeline-connector-icon fas fa-angle-double-down\"><\/span><\/div><div class=\"qubely-timeline-content\"><div class=\"qubely-timeline-description\"><h4 class=\"qubely-timeline-title\"><strong>Erste Sch\u00fcsse an den Kunden (T1, 3-4 Tage)<\/strong><\/h4><div class=\"qubely-timeline-description\">Die ersten Testaufnahmen werden per Kurier verschickt, kurz nachdem die Injektionsformen hergestellt wurden. Nach dem Versand treffen sie in der Regel innerhalb von 2-5 Tagen ein.<\/div><\/div><span class=\"qubely-timeline-indicator\"><\/span><\/div><div class=\"qubely-timeline-date-container\"><div class=\"qubely-timeline-date\"><strong>Topworks Seite<\/strong><\/div><\/div><\/div><div class=\"qubely-timeline-item qubely-timeline-left\"><div class=\"qubely-timeline-connector\"><span class=\"qubely-timeline-connector-icon fas fa-angle-double-down\"><\/span><\/div><div class=\"qubely-timeline-content\"><div class=\"qubely-timeline-description\"><h4 class=\"qubely-timeline-title\"><strong>Werkzeugmodifikationen und <\/strong><br><strong>Texturierung<\/strong> (3-7 Tage, je nachdem)<\/h4><div class=\"qubely-timeline-description\">Zu diesem Zeitpunkt nimmt Topworks alle \u00c4nderungen am Werkzeug vor, die erforderlich sind, um es in \u00dcbereinstimmung mit den genehmigten Spezifikationen zu bringen. Topworks nimmt alle erforderlichen \u00c4nderungen (mit Ausnahme von Konstruktions\u00e4nderungen, die immer in Rechnung gestellt werden) kostenlos vor.<br>In dieser Phase erfolgt die Texturierung, die normalerweise der letzte Schritt vor der Massenproduktion ist.<\/div><\/div><span class=\"qubely-timeline-indicator\"><\/span><\/div><div class=\"qubely-timeline-date-container\"><div class=\"qubely-timeline-date\"><strong>Topworks Seite<\/strong><\/div><\/div><\/div><div class=\"qubely-timeline-item qubely-timeline-right\"><div class=\"qubely-timeline-connector\"><span class=\"qubely-timeline-connector-icon fas fa-angle-double-down\"><\/span><\/div><div class=\"qubely-timeline-content\"><div class=\"qubely-timeline-description\"><h4 class=\"qubely-timeline-title\"><strong>Massenproduktion oder Export\u00a0<\/strong><\/h4><div class=\"qubely-timeline-description\">In dieser Phase wird das Werkzeug an den Kunden \u00fcbergeben oder ist bereit f\u00fcr das Spritzgie\u00dfen.<\/div><\/div><span class=\"qubely-timeline-indicator\"><\/span><\/div><div class=\"qubely-timeline-date-container\"><div class=\"qubely-timeline-date\"><strong>Topworks Seite<\/strong><\/div><\/div><\/div><\/div><\/div><\/div><p>Ein qualitativ hochwertiges Produkt und eine schnelle Produkteinf\u00fchrung sind zwei wichtige Faktoren, die in dieser Kategorie zu ber\u00fccksichtigen sind.<\/p><p>Verschiedene Branchen werden von externen Herstellern unterst\u00fctzt. W\u00e4hlen Sie einen Hersteller, der den Markt und die Vorschriften Ihrer Branche sowie die Bed\u00fcrfnisse Ihrer Kunden kennt.<\/p><p>Sie werden den zuverl\u00e4ssigsten chinesischen Spritzgusspartner f\u00fcr Ihr Unternehmen finden, wenn Sie einen Vertragshersteller nach jeder dieser Kategorien beurteilen. Je nach Produkt, Branche und Unternehmensstruktur haben wir die Kriterien, nach denen Sie in jeder Kategorie suchen sollten, im Folgenden aufgef\u00fchrt.<\/p><h2 class=\"wp-block-heading\" id=\"1-1-manufacturing-contract-types\">1: Porzellan-Spritzguss Fertigungstypen<\/h2><p>Die chinesischen Spritzgie\u00dfer bieten im Rahmen von Lohnfertigungsvereinbarungen bestimmte Dienstleistungen an. Lohnfertigungsvereinbarungen gibt es in vielen verschiedenen Formen, aber die vier h\u00e4ufigsten sind:<\/p><h3 class=\"wp-block-heading\" id=\"2-private-label-manufacturing\">Herstellung von Eigenmarken:<\/h3><p>Nach Ihren Vorgaben liefert der Lohnspritzgie\u00dfer ein fertiges Produkt an Ihr Gesch\u00e4ft oder Lager. Mehrere spritzgegossene Komponenten werden in der Regel vom Hersteller vor dem Versand zusammengesetzt. Wenn Sie schnell Produkte herstellen wollen, ist dies die beste Wahl.<\/p><h3 class=\"wp-block-heading\" id=\"3-individual-component-manufacturing\">Herstellung von Einzelteilen:<\/h3><p>Bei der Auftragsfertigung wird ein einzelnes Bauteil oder ein Teil eines komplexen Produkts von einem chinesischen Spritzgie\u00dfer hergestellt. Sie sind f\u00fcr den Zusammenbau des Endprodukts verantwortlich, sobald die Teile hergestellt sind. F\u00fcr Unternehmen, die einige Fertigungsaspekte intern abwickeln, aber nicht \u00fcber das Fachwissen oder die Ressourcen f\u00fcr die Herstellung bestimmter Komponenten verf\u00fcgen, ist dies die beste Option. Es ist eine gute Idee, einen metallverarbeitenden Lohnfertiger zu beauftragen, wenn Sie ein komplexes Metallteil ben\u00f6tigen.<\/p><h3 class=\"wp-block-heading\" id=\"4-labor-or-service-subcontracting\">Vergabe von Unterauftr\u00e4gen f\u00fcr Arbeit oder Dienstleistungen:<\/h3><p>Wie bei der Herstellung von Einzelteilen \u00fcbernimmt ein chinesischer Spritzgusshersteller nur einen Teilaspekt des Prozesses und bietet keine umfassenden Dienstleistungen an. Wenn die internen Ressourcen oder Mitarbeiter eines Generalunternehmers bestimmte Aufgaben nicht bew\u00e4ltigen k\u00f6nnen, wird ein spezialisierter Unterauftragnehmer beauftragt. Wenn es sich um ein besonders komplexes Produkt handelt, k\u00f6nnen Sie ein Teil m\u00f6glicherweise schneller oder zu einem niedrigeren Preis herstellen lassen, indem Sie es auslagern.<\/p><h3 class=\"wp-block-heading\" id=\"5-end-to-end-manufacturing\">End-to-End-Fertigung:<\/h3><p>Die Herstellung von Eigenmarken hat fast identische Merkmale, aber es gibt einen wesentlichen Unterschied: Der Hersteller gibt mehr Feedback zum Produktdesign. Ihr Produkt muss nicht genau so aussehen oder funktionieren, wie Sie es wollen. Anstatt das Design f\u00fcr die Herstellung zu optimieren, optimiert der Hersteller jeden Aspekt im Hinblick auf die Kosteneffizienz. Unternehmen, die schnell und kosteng\u00fcnstig hochwertige Produkte herstellen wollen, sollten sich f\u00fcr diese L\u00f6sung entscheiden. Vom Entwurf \u00fcber die Montage bis hin zum Versand wird alles f\u00fcr Sie erledigt.<\/p><p>Sie sollten einen End-to-End-Vertrag in Betracht ziehen, wenn Sie nur begrenzte Erfahrung mit der Herstellung haben. Sie erhalten vom Hersteller einen detaillierten Kostenvoranschlag, bevor Sie den Vertrag unterzeichnen, so dass Sie genau wissen, was auf Sie zukommt.<\/p><h2 class=\"wp-block-heading\" id=\"6-2-materials-tools-and-services-used-in-manufacturing\">2: Materialien, Werkzeuge und Dienstleistungen f\u00fcr die Spritzgie\u00dffertigung<\/h2><p>Bei der Entscheidung, welche Art von Lohnfertigungsvertrag Sie abschlie\u00dfen m\u00f6chten, sollten Sie die internen Kapazit\u00e4ten der potenziellen chinesischen Spritzgusshersteller ber\u00fccksichtigen. Ein Experte, ein Werkzeug oder ein Material muss nicht jederzeit zur Verf\u00fcgung stehen, damit ein Hersteller erfolgreich sein kann. Sie m\u00fcssen lediglich sicherstellen, dass der Hersteller \u00fcber alle erforderlichen Ressourcen, Werkzeuge und Kenntnisse verf\u00fcgt, um Ihr Produkt auf h\u00f6chstem Niveau zu produzieren. Auf diese Weise lassen sich erhebliche Verz\u00f6gerungen und unerwartete Kosten vermeiden. Zu den Fertigungswerkzeugen geh\u00f6ren die folgenden fortschrittlichen und vielseitigen Werkzeuge:<\/p><p>Software f\u00fcr CAD<br>CNC-Bearbeitung<br>3D-Drucker<br>Druckguss<\/p><p>Der Einsatz dieser Werkzeuge erleichtert nicht nur die Herstellung hochwertiger Produkte, sondern erm\u00f6glicht es den chinesischen Spritzgussherstellern auch, ihre Produkte effizienter, kosteng\u00fcnstiger und mit weniger Abfall zu entwerfen oder herzustellen.<\/p><p>Auch die Materialien sind von Bedeutung. Die begrenzte Auswahl an Materialien, die einige Hersteller anbieten, schr\u00e4nkt Ihre Fertigungsm\u00f6glichkeiten erheblich ein. W\u00e4hlen Sie einen Hersteller, der Erfahrung mit einer Vielzahl von Materialien hat, wie z. B.:<\/p><ul class=\"wp-block-list\"><li><strong><em>Eine Vielzahl von Silikonen, wie Elastomere, Gele und Raumtemperaturvulkanisation (RTV);<\/em><\/strong><\/li><li><strong><em>Die Gruppe der Polyurethanmaterialien umfasst Elastomere, Hartschaumstoffe, Gele und viskoelastische Schaumstoffe;<\/em><\/strong><\/li><li><strong><em>Metalle und H\u00f6lzer verschiedener Art;<\/em><\/strong><\/li><li><strong><em>Und vieles mehr.<\/em><\/strong><\/li><\/ul><p>Um Ihr Produkt zu produzieren und zu testen, bevor es auf den Markt kommt, stellen f\u00fchrende Hersteller auch ein vielf\u00e4ltiges und sachkundiges Team von Ingenieuren, Maschinenbedienern, Metallarbeitern und Holzarbeitern ein. Mit dieser Kombination aus qualifizierten Arbeitskr\u00e4ften, verschiedenen Rohstoffen und modernen Fertigungswerkzeugen k\u00f6nnen Sie die Kosten senken und Ihre Produkte schneller auf den Markt bringen. Achten Sie darauf, dass der Hersteller eine Vielzahl von Optionen f\u00fcr die Auftragsfertigung anbietet.<\/p><h2 class=\"wp-block-heading\" id=\"7-3-industries-supported-by-manufacturers\">3: Von chinesischen Spritzgussherstellern unterst\u00fctzte Branchen<\/h2><p>Ein chinesischer Auftragsfertiger f\u00fcr Spritzguss kann sich auf eine Vielzahl von Branchen spezialisieren. Es ist wichtig, mit einem Hersteller zusammenzuarbeiten, der sich in Ihrer Branche auskennt, auch wenn einige erfahrene Hersteller Produkte f\u00fcr mehrere Branchen herstellen k\u00f6nnen. Es sollte der Nachweis erbracht werden, dass der Hersteller:<\/p><p>Das Produkt, das Sie vorschlagen, \u00e4hnelt einem Produkt, das Sie bereits entworfen haben;<br>Ermitteln Sie die Erwartungen Ihrer Kunden;<br>Behalten Sie den \u00dcberblick \u00fcber aktuelle Branchentrends, bew\u00e4hrte Verfahren und die neuesten Marktentwicklungen;<br>Um sicherzustellen, dass Ihr Produkt mit den Branchenvorschriften \u00fcbereinstimmt, m\u00fcssen Sie diese bereits kennen oder bereit sein, sie im Detail zu recherchieren.<br>Dies ist besonders wichtig, wenn Ihre Produkte einen hohen Grad an Detailgenauigkeit oder Komplexit\u00e4t erfordern. Die folgenden Branchen geh\u00f6ren zu den anspruchsvollsten:<\/p><ul class=\"wp-block-list\"><li><strong>Telekommunikation<\/strong><\/li><li><strong>Gesundheitswesen<\/strong><\/li><li><strong>Elektronik<\/strong><\/li><\/ul><p>Die Arbeit in einer dieser Branchen erfordert die Zusammenarbeit mit einem Hersteller, der \u00fcber Erfahrung in diesem Bereich verf\u00fcgt. Sehen Sie sich das Portfolio des Herstellers an. Hat Ihr Unternehmen mit ihm einen Vertrag zur Auftragsfertigung abgeschlossen? Ein Hersteller, der sich auf den Bau von Teilen f\u00fcr autonome ozeanografische Fahrzeuge spezialisiert hat, k\u00f6nnte eine gute Wahl sein, wenn Sie ein neues Forschungsger\u00e4t f\u00fcr die Ozeanografie entwickeln. Es ist auch ratsam, mit einem Hersteller zusammenzuarbeiten, der medizinische Ger\u00e4te und Schulungsmaterial entwickelt und herstellt, wenn Sie im Gesundheitswesen t\u00e4tig sind. Sie kennen die strengen Vorschriften f\u00fcr Produkte des Gesundheitswesens und wissen, wie sie damit umzugehen haben.<\/p><h2 class=\"wp-block-heading\" id=\"8-china-injection-molding-manufacturers-how-to-choose-one\">China Spritzgie\u00dfen Hersteller: Wie man einen ausw\u00e4hlt<\/h2><p>Jetzt, da Sie die drei Hauptarten der Auftragsfertigung kennen, k\u00f6nnen Sie potenzielle chinesische Spritzgusshersteller auf der Grundlage dieser Informationen bewerten. Zuverl\u00e4ssigkeit und die Bereitschaft, an Ihrem Entwurf mitzuarbeiten, sind zwei wesentliche Eigenschaften eines Herstellers.<\/p><p>Detaillierte Vertragsangebote und Kostenvoranschl\u00e4ge sollten von einem Auftragsfertiger von Anfang an vorgelegt werden. Au\u00dferdem sollte er in der Lage sein, Sie durch seine Werkstatt zu f\u00fchren und Ihnen zu erkl\u00e4ren, wie Ihr Produkt hergestellt wird, welche Werkzeuge er verwendet und welche Materialien er einsetzt. Au\u00dferdem sollte er Ihnen Beispiele seiner Arbeit zeigen und die Privatsph\u00e4re und das geistige Eigentum seiner fr\u00fcheren Kunden respektieren. Der Hersteller wird wahrscheinlich ein hervorragender Partner f\u00fcr Ihr Unternehmen sein, wenn er von anderen Kunden in Ihrer Branche gute Erfahrungen gemacht hat.<\/p><p>Die Zusammenarbeit ist jedoch eines der wichtigsten Merkmale eines gro\u00dfartigen chinesischen Spritzgie\u00dfers. Etwas zu schaffen, auf das Sie stolz sein k\u00f6nnen und das einen sinnvollen Beitrag zur Gesellschaft leistet, ist nur m\u00f6glich, wenn Sie mit einem Auftragsfertiger zusammenarbeiten, der Qualit\u00e4t genauso sch\u00e4tzt wie Sie.<\/p><p><\/p>","protected":false},"excerpt":{"rendered":"<p>China injection molding contract manufacturing1: china injection molding Manufacturing Contract TypesPrivate label manufacturing:Individual component manufacturing:Labor or service subcontracting:End-to-end manufacturing:2: Materials, tools, and services used in injection molding manufacturing3: Industries supported by china injection molding manufacturersChina injection molding Manufacturers: How to Choose OneGetting a high quality injection molded product from China onto the market quickly requires [&hellip;]<\/p>\n","protected":false},"author":11,"featured_media":0,"parent":0,"menu_order":0,"comment_status":"open","ping_status":"open","template":"","meta":{"footnotes":""},"class_list":["post-8304","page","type-page","status-publish","hentry"],"blocksy_meta":{"styles_descriptor":{"styles":{"desktop":"","tablet":"","mobile":""},"google_fonts":[],"version":6}},"_links":{"self":[{"href":"https:\/\/www.plasticmoulds.net\/de\/wp-json\/wp\/v2\/pages\/8304","targetHints":{"allow":["GET"]}}],"collection":[{"href":"https:\/\/www.plasticmoulds.net\/de\/wp-json\/wp\/v2\/pages"}],"about":[{"href":"https:\/\/www.plasticmoulds.net\/de\/wp-json\/wp\/v2\/types\/page"}],"author":[{"embeddable":true,"href":"https:\/\/www.plasticmoulds.net\/de\/wp-json\/wp\/v2\/users\/11"}],"replies":[{"embeddable":true,"href":"https:\/\/www.plasticmoulds.net\/de\/wp-json\/wp\/v2\/comments?post=8304"}],"version-history":[{"count":1,"href":"https:\/\/www.plasticmoulds.net\/de\/wp-json\/wp\/v2\/pages\/8304\/revisions"}],"predecessor-version":[{"id":13403,"href":"https:\/\/www.plasticmoulds.net\/de\/wp-json\/wp\/v2\/pages\/8304\/revisions\/13403"}],"wp:attachment":[{"href":"https:\/\/www.plasticmoulds.net\/de\/wp-json\/wp\/v2\/media?parent=8304"}],"curies":[{"name":"wp","href":"https:\/\/api.w.org\/{rel}","templated":true}]}}