{"id":7581,"date":"2022-05-20T17:10:54","date_gmt":"2022-05-20T09:10:54","guid":{"rendered":"https:\/\/plasticmoulds.net\/?page_id=7581"},"modified":"2024-12-13T14:49:13","modified_gmt":"2024-12-13T06:49:13","slug":"automobil-spritzgiesen","status":"publish","type":"page","link":"https:\/\/www.plasticmoulds.net\/de\/automotive-injection-molding","title":{"rendered":"Automobil-Spritzgie\u00dfen"},"content":{"rendered":"<h1 class=\"wp-block-heading\">Automobil-Spritzgie\u00dferei<\/h1><p>Ist Ihr Unternehmen auf der Suche nach einem hochwertigen <a href=\"https:\/\/plasticmoulds.net\/automotive-injection-molding\" target=\"_blank\" rel=\"noreferrer noopener\">Automobil-Spritzgie\u00dfen<\/a> Unternehmen in China? Wir haben das Richtige f\u00fcr Sie! Wir haben erfahrene Fachleute, die sich in dieser Branche auskennen und Ihnen helfen k\u00f6nnen, die beste Formteiloption f\u00fcr Ihre Bed\u00fcrfnisse zu einem vern\u00fcnftigen Preis auszuw\u00e4hlen.<\/p><p>Sie k\u00f6nnen sich auf das konzentrieren, was wirklich wichtig ist, wenn wir Ihnen helfen, Ihre Ideen schnell und effizient umzusetzen. Wenn Sie mehr \u00fcber unsere Dienstleistungen erfahren m\u00f6chten, kontaktieren Sie uns noch heute!<\/p><p>Wir bieten ein Spritzgie\u00dfpaket f\u00fcr die Automobilindustrie an, das sowohl kleine als auch mittlere Unternehmen f\u00fcr den gesamten Kunststoffherstellungsprozess anspricht und das kundenspezifische Kunststoffspritzgie\u00dfen f\u00fcr alle zug\u00e4nglich macht.<\/p><p>In unserem Kunststoffspritzguss-Automobil-Produktionspaket k\u00f6nnen Sie Kunststoff im Automobilspritzguss verarbeiten oder Kunststoff mit anderen Materialien wie Metall, Elektronik oder Papier mischen. Komponenten und Baugruppen sind auf Anfrage erh\u00e4ltlich, wann immer dies m\u00f6glich ist.<\/p><figure class=\"wp-block-gallery has-nested-images columns-default is-cropped wp-block-gallery-1 is-layout-flex wp-block-gallery-is-layout-flex\"><figure class=\"wp-block-image size-large\"><a href=\"https:\/\/plasticmoulds.net\/wp-content\/uploads\/2022\/05\/car_31.jpg\"><img loading=\"lazy\" decoding=\"async\" width=\"680\" height=\"420\" data-id=\"7589\" src=\"https:\/\/plasticmoulds.net\/wp-content\/uploads\/2022\/05\/car_31.jpg\" alt=\"\" class=\"wp-image-7589\" srcset=\"https:\/\/www.plasticmoulds.net\/wp-content\/uploads\/2022\/05\/car_31.jpg 680w, https:\/\/www.plasticmoulds.net\/wp-content\/uploads\/2022\/05\/car_31-300x185.jpg 300w\" sizes=\"auto, (max-width: 680px) 100vw, 680px\" \/><\/a><\/figure><figure class=\"wp-block-image size-large\"><a href=\"https:\/\/plasticmoulds.net\/wp-content\/uploads\/2022\/05\/car-mould.jpg\"><img loading=\"lazy\" decoding=\"async\" width=\"516\" height=\"238\" data-id=\"7590\" src=\"https:\/\/plasticmoulds.net\/wp-content\/uploads\/2022\/05\/car-mould.jpg\" alt=\"\" class=\"wp-image-7590\" srcset=\"https:\/\/www.plasticmoulds.net\/wp-content\/uploads\/2022\/05\/car-mould.jpg 516w, https:\/\/www.plasticmoulds.net\/wp-content\/uploads\/2022\/05\/car-mould-300x138.jpg 300w\" sizes=\"auto, (max-width: 516px) 100vw, 516px\" \/><\/a><\/figure><figure class=\"wp-block-image size-large\"><a href=\"https:\/\/plasticmoulds.net\/wp-content\/uploads\/2022\/05\/car-mould_0001.jpg\"><img loading=\"lazy\" decoding=\"async\" width=\"680\" height=\"420\" data-id=\"7591\" src=\"https:\/\/plasticmoulds.net\/wp-content\/uploads\/2022\/05\/car-mould_0001.jpg\" alt=\"\" class=\"wp-image-7591\" srcset=\"https:\/\/www.plasticmoulds.net\/wp-content\/uploads\/2022\/05\/car-mould_0001.jpg 680w, https:\/\/www.plasticmoulds.net\/wp-content\/uploads\/2022\/05\/car-mould_0001-300x185.jpg 300w\" sizes=\"auto, (max-width: 680px) 100vw, 680px\" \/><\/a><\/figure><figure class=\"wp-block-image size-large\"><a href=\"https:\/\/plasticmoulds.net\/wp-content\/uploads\/2022\/05\/car-mould_0002.jpg\"><img loading=\"lazy\" decoding=\"async\" width=\"640\" height=\"480\" data-id=\"7592\" src=\"https:\/\/plasticmoulds.net\/wp-content\/uploads\/2022\/05\/car-mould_0002.jpg\" alt=\"\" class=\"wp-image-7592\" srcset=\"https:\/\/www.plasticmoulds.net\/wp-content\/uploads\/2022\/05\/car-mould_0002.jpg 640w, https:\/\/www.plasticmoulds.net\/wp-content\/uploads\/2022\/05\/car-mould_0002-300x225.jpg 300w\" sizes=\"auto, (max-width: 640px) 100vw, 640px\" \/><\/a><\/figure><figure class=\"wp-block-image size-large\"><a href=\"https:\/\/plasticmoulds.net\/wp-content\/uploads\/2022\/05\/car-mould_0003.jpg\"><img loading=\"lazy\" decoding=\"async\" width=\"680\" height=\"420\" data-id=\"7593\" src=\"https:\/\/plasticmoulds.net\/wp-content\/uploads\/2022\/05\/car-mould_0003.jpg\" alt=\"\" class=\"wp-image-7593\" srcset=\"https:\/\/www.plasticmoulds.net\/wp-content\/uploads\/2022\/05\/car-mould_0003.jpg 680w, https:\/\/www.plasticmoulds.net\/wp-content\/uploads\/2022\/05\/car-mould_0003-300x185.jpg 300w\" sizes=\"auto, (max-width: 680px) 100vw, 680px\" \/><\/a><\/figure><figure class=\"wp-block-image size-large\"><a href=\"https:\/\/plasticmoulds.net\/wp-content\/uploads\/2022\/05\/car-mould_0004.jpg\"><img loading=\"lazy\" decoding=\"async\" width=\"680\" height=\"420\" data-id=\"7595\" src=\"https:\/\/plasticmoulds.net\/wp-content\/uploads\/2022\/05\/car-mould_0004.jpg\" alt=\"\" class=\"wp-image-7595\" srcset=\"https:\/\/www.plasticmoulds.net\/wp-content\/uploads\/2022\/05\/car-mould_0004.jpg 680w, https:\/\/www.plasticmoulds.net\/wp-content\/uploads\/2022\/05\/car-mould_0004-300x185.jpg 300w\" sizes=\"auto, (max-width: 680px) 100vw, 680px\" \/><\/a><\/figure><figure class=\"wp-block-image size-large\"><a href=\"https:\/\/plasticmoulds.net\/wp-content\/uploads\/2022\/05\/car-mould_0005.jpg\"><img loading=\"lazy\" decoding=\"async\" width=\"680\" height=\"420\" data-id=\"7602\" src=\"https:\/\/plasticmoulds.net\/wp-content\/uploads\/2022\/05\/car-mould_0005.jpg\" alt=\"\" class=\"wp-image-7602\" srcset=\"https:\/\/www.plasticmoulds.net\/wp-content\/uploads\/2022\/05\/car-mould_0005.jpg 680w, https:\/\/www.plasticmoulds.net\/wp-content\/uploads\/2022\/05\/car-mould_0005-300x185.jpg 300w\" sizes=\"auto, (max-width: 680px) 100vw, 680px\" \/><\/a><\/figure><figure class=\"wp-block-image size-large\"><a href=\"https:\/\/plasticmoulds.net\/wp-content\/uploads\/2022\/05\/car-mould_0006.jpg\"><img loading=\"lazy\" decoding=\"async\" width=\"680\" height=\"420\" data-id=\"7599\" src=\"https:\/\/plasticmoulds.net\/wp-content\/uploads\/2022\/05\/car-mould_0006.jpg\" alt=\"\" class=\"wp-image-7599\" srcset=\"https:\/\/www.plasticmoulds.net\/wp-content\/uploads\/2022\/05\/car-mould_0006.jpg 680w, https:\/\/www.plasticmoulds.net\/wp-content\/uploads\/2022\/05\/car-mould_0006-300x185.jpg 300w\" sizes=\"auto, (max-width: 680px) 100vw, 680px\" \/><\/a><\/figure><figure class=\"wp-block-image size-large\"><a href=\"https:\/\/plasticmoulds.net\/wp-content\/uploads\/2022\/05\/car-mould_0007.jpg\"><img loading=\"lazy\" decoding=\"async\" width=\"680\" height=\"420\" data-id=\"7594\" src=\"https:\/\/plasticmoulds.net\/wp-content\/uploads\/2022\/05\/car-mould_0007.jpg\" alt=\"\" class=\"wp-image-7594\" srcset=\"https:\/\/www.plasticmoulds.net\/wp-content\/uploads\/2022\/05\/car-mould_0007.jpg 680w, https:\/\/www.plasticmoulds.net\/wp-content\/uploads\/2022\/05\/car-mould_0007-300x185.jpg 300w\" sizes=\"auto, (max-width: 680px) 100vw, 680px\" \/><\/a><\/figure><figure class=\"wp-block-image size-large\"><a href=\"https:\/\/plasticmoulds.net\/wp-content\/uploads\/2022\/05\/car-mould_0008.jpg\"><img loading=\"lazy\" decoding=\"async\" width=\"680\" height=\"420\" data-id=\"7596\" src=\"https:\/\/plasticmoulds.net\/wp-content\/uploads\/2022\/05\/car-mould_0008.jpg\" alt=\"\" class=\"wp-image-7596\" srcset=\"https:\/\/www.plasticmoulds.net\/wp-content\/uploads\/2022\/05\/car-mould_0008.jpg 680w, https:\/\/www.plasticmoulds.net\/wp-content\/uploads\/2022\/05\/car-mould_0008-300x185.jpg 300w\" sizes=\"auto, (max-width: 680px) 100vw, 680px\" \/><\/a><\/figure><figure class=\"wp-block-image size-large\"><a href=\"https:\/\/plasticmoulds.net\/wp-content\/uploads\/2022\/05\/car-mould_0009.jpg\"><img loading=\"lazy\" decoding=\"async\" width=\"680\" height=\"420\" data-id=\"7600\" src=\"https:\/\/plasticmoulds.net\/wp-content\/uploads\/2022\/05\/car-mould_0009.jpg\" alt=\"\" class=\"wp-image-7600\" srcset=\"https:\/\/www.plasticmoulds.net\/wp-content\/uploads\/2022\/05\/car-mould_0009.jpg 680w, https:\/\/www.plasticmoulds.net\/wp-content\/uploads\/2022\/05\/car-mould_0009-300x185.jpg 300w\" sizes=\"auto, (max-width: 680px) 100vw, 680px\" \/><\/a><\/figure><figure class=\"wp-block-image size-large\"><a href=\"https:\/\/plasticmoulds.net\/wp-content\/uploads\/2022\/05\/car-mould_0010.jpg\"><img loading=\"lazy\" decoding=\"async\" width=\"680\" height=\"420\" data-id=\"7603\" src=\"https:\/\/plasticmoulds.net\/wp-content\/uploads\/2022\/05\/car-mould_0010.jpg\" alt=\"\" class=\"wp-image-7603\" srcset=\"https:\/\/www.plasticmoulds.net\/wp-content\/uploads\/2022\/05\/car-mould_0010.jpg 680w, https:\/\/www.plasticmoulds.net\/wp-content\/uploads\/2022\/05\/car-mould_0010-300x185.jpg 300w\" sizes=\"auto, (max-width: 680px) 100vw, 680px\" \/><\/a><\/figure><figure class=\"wp-block-image size-large\"><a href=\"https:\/\/plasticmoulds.net\/wp-content\/uploads\/2022\/05\/car-mould_0011.jpg\"><img loading=\"lazy\" decoding=\"async\" width=\"680\" height=\"420\" data-id=\"7598\" src=\"https:\/\/plasticmoulds.net\/wp-content\/uploads\/2022\/05\/car-mould_0011.jpg\" alt=\"\" class=\"wp-image-7598\" srcset=\"https:\/\/www.plasticmoulds.net\/wp-content\/uploads\/2022\/05\/car-mould_0011.jpg 680w, https:\/\/www.plasticmoulds.net\/wp-content\/uploads\/2022\/05\/car-mould_0011-300x185.jpg 300w\" sizes=\"auto, (max-width: 680px) 100vw, 680px\" \/><\/a><\/figure><figure class=\"wp-block-image size-large\"><a href=\"https:\/\/plasticmoulds.net\/wp-content\/uploads\/2022\/05\/car-mould_0012.jpg\"><img loading=\"lazy\" decoding=\"async\" width=\"680\" height=\"420\" data-id=\"7604\" src=\"https:\/\/plasticmoulds.net\/wp-content\/uploads\/2022\/05\/car-mould_0012.jpg\" alt=\"\" class=\"wp-image-7604\" srcset=\"https:\/\/www.plasticmoulds.net\/wp-content\/uploads\/2022\/05\/car-mould_0012.jpg 680w, https:\/\/www.plasticmoulds.net\/wp-content\/uploads\/2022\/05\/car-mould_0012-300x185.jpg 300w\" sizes=\"auto, (max-width: 680px) 100vw, 680px\" \/><\/a><\/figure><figure class=\"wp-block-image size-large\"><a href=\"https:\/\/plasticmoulds.net\/wp-content\/uploads\/2022\/05\/car-mould_0013.jpg\"><img loading=\"lazy\" decoding=\"async\" width=\"680\" height=\"420\" data-id=\"7597\" src=\"https:\/\/plasticmoulds.net\/wp-content\/uploads\/2022\/05\/car-mould_0013.jpg\" alt=\"\" class=\"wp-image-7597\" srcset=\"https:\/\/www.plasticmoulds.net\/wp-content\/uploads\/2022\/05\/car-mould_0013.jpg 680w, https:\/\/www.plasticmoulds.net\/wp-content\/uploads\/2022\/05\/car-mould_0013-300x185.jpg 300w\" sizes=\"auto, (max-width: 680px) 100vw, 680px\" \/><\/a><\/figure><figure class=\"wp-block-image size-large\"><a href=\"https:\/\/plasticmoulds.net\/wp-content\/uploads\/2022\/05\/car-mould_0014.jpg\"><img loading=\"lazy\" decoding=\"async\" width=\"680\" height=\"420\" data-id=\"7601\" src=\"https:\/\/plasticmoulds.net\/wp-content\/uploads\/2022\/05\/car-mould_0014.jpg\" alt=\"\" class=\"wp-image-7601\" srcset=\"https:\/\/www.plasticmoulds.net\/wp-content\/uploads\/2022\/05\/car-mould_0014.jpg 680w, https:\/\/www.plasticmoulds.net\/wp-content\/uploads\/2022\/05\/car-mould_0014-300x185.jpg 300w\" sizes=\"auto, (max-width: 680px) 100vw, 680px\" \/><\/a><\/figure><\/figure><p>Die Planung von Formen f\u00fcr die Automobilindustrie, das Design von Spritzgussformen f\u00fcr die Automobilindustrie und die Herstellung von Formen sind sehr wichtige Aspekte der Produktion von Towpworks Plastic Manufacturer. F\u00fcr einige Kunden k\u00f6nnen die Kosten f\u00fcr Automobil-Spritzgussformen selbst f\u00fcr einfache Designs sehr hoch sein.<\/p><p> Durch unseren eigenen Werkzeugbau reduzieren wir jedoch die Entwicklungszeit und die Kosten des Automobilspritzgusses. Dar\u00fcber hinaus b\u00fcndeln wir einzelne Werkzeugauftr\u00e4ge, um die Kosten zu minimieren. <\/p><p>Wenn Sie mit uns, einem Kunststoffhersteller mit umfassender Erfahrung, zusammenarbeiten, m\u00fcssen Sie nicht bei Null anfangen.<\/p><div class=\"wp-block-stackable-button-group stk-block-button-group stk-block stk-8289426\" data-block-id=\"8289426\"><div class=\"stk-row stk-inner-blocks stk-block-content stk-button-group\"><div class=\"wp-block-stackable-button stk-block-button stk-block stk-3057e23\" data-block-id=\"3057e23\"><style>.stk-3057e23{border-top-left-radius:17px !important;border-top-right-radius:17px !important;border-bottom-right-radius:17px !important;border-bottom-left-radius:17px !important;overflow:hidden !important;box-shadow:0 5px 5px 0 rgba(18,63,82,0.035) !important;opacity:1 !important;flex:1 1 0 !important}.stk-3057e23,.stk-3057e23 .stk-button{width:100% !important}.stk-3057e23 .stk-button{padding-right:14px !important;padding-left:14px !important;background:#00d084 !important;border-top-left-radius:50px !important;border-top-right-radius:50px !important;border-bottom-right-radius:50px !important;border-bottom-left-radius:50px !important}.stk-3057e23 .stk-button:before{box-shadow:0 5px 5px 0 rgba(18,63,82,0.035) !important}.stk-3057e23 .stk-button .stk--inner-svg svg:last-child{height:40px !important;width:40px !important}.stk-3057e23 .stk-button .stk--inner-svg svg:last-child,.stk-3057e23 .stk-button .stk--inner-svg svg:last-child:is(g,path,rect,polygon,ellipse){fill:#e6e600 !important}.stk-3057e23 .stk-button__inner-text{font-size:26px !important}@media screen and (max-width:999px){.stk-3057e23 .stk-button__inner-text{font-size:26px !important}}<\/style><a class=\"stk-link stk-button stk--hover-effect-darken\" href=\"\" target=\"_blank\" rel=\"noreferrer noopener\"><span class=\"stk--svg-wrapper\"><div class=\"stk--inner-svg\"><svg xmlns=\"http:\/\/www.w3.org\/2000\/svg\" viewbox=\"0 0 512 512\" aria-hidden=\"true\" width=\"32\" height=\"32\"><path d=\"M144.8 17c-11.3-17.8-37.2-22.8-54-9.4C35.3 51.9 0 118 0 192h256L144.8 17zM496 96h-48c-35.3 0-64 28.7-64 64v64H0c0 50.6 23 96.4 60.3 130.7C25.7 363.6 0 394.7 0 432c0 44.2 35.8 80 80 80s80-35.8 80-80c0-8.9-1.8-17.2-4.4-25.2 21.6 5.9 44.6 9.2 68.4 9.2s46.9-3.3 68.4-9.2c-2.7 8-4.4 16.3-4.4 25.2 0 44.2 35.8 80 80 80s80-35.8 80-80c0-37.3-25.7-68.4-60.3-77.3C425 320.4 448 274.6 448 224v-64h48c8.8 0 16-7.2 16-16v-32c0-8.8-7.2-16-16-16zM80 464c-17.6 0-32-14.4-32-32s14.4-32 32-32 32 14.4 32 32-14.4 32-32 32zm320-32c0 17.6-14.4 32-32 32s-32-14.4-32-32 14.4-32 32-32 32 14.4 32 32z\"><\/path><\/svg><\/div><\/span><span class=\"stk-button__inner-text\">KOSTENLOSES ANGEBOT EINHOLEN-30% NIEDRIGER ,15 TAGE WENIGER<\/span><\/a><\/div><\/div><\/div><p>Zu den Spritzgussteilen f\u00fcr Autos geh\u00f6ren nicht nur elegante Armaturenbretter, Fu\u00dfmatten und andere Kunststoffteile, die K\u00e4ufer anziehen. Diese Optionen k\u00f6nnen ein Element des Schutzes bieten, aber die versteckten Kunststoffteile unter der Motorhaube steuern die Gesamtleistung und Sicherheit eines Autos.<\/p><ul class=\"wp-block-list\"><li><strong>Faszien<\/strong><\/li><li><strong>Servolenkung<\/strong><\/li><li><strong>Reifendrucksensoren<\/strong><\/li><li><strong>Kraftstoffsysteme<\/strong><\/li><li><strong>Fenster- und Windschutzscheibenumrandung<\/strong><\/li><\/ul><ul class=\"wp-block-list\"><li><strong>Funksteuerungen<\/strong><\/li><li><strong>Aufh\u00e4ngungsmechanismen<\/strong><\/li><li><strong>Komponenten f\u00fcr das Motormanagement<\/strong><\/li><li><strong>Scheinwerferumrandungen<\/strong><\/li><li><strong>Sto\u00dfstangen<\/strong><\/li><\/ul><ul class=\"wp-block-list\"><li><strong>Spoiler<\/strong><\/li><li><strong>Nummernschilder<\/strong><\/li><li><strong>Spiegel-Geh\u00e4use<\/strong><\/li><li><strong>Verkabelungszubeh\u00f6r Innenverkleidungen<\/strong><\/li><\/ul><figure class=\"wp-block-image aligncenter size-full is-resized\"><a href=\"https:\/\/plasticmoulds.net\/wp-content\/uploads\/2022\/05\/autoparts.jpg\"><img loading=\"lazy\" decoding=\"async\" width=\"525\" height=\"292\" src=\"https:\/\/plasticmoulds.net\/wp-content\/uploads\/2022\/05\/autoparts.jpg\" alt=\"\" class=\"wp-image-7583\" style=\"width:670px;height:auto\" srcset=\"https:\/\/www.plasticmoulds.net\/wp-content\/uploads\/2022\/05\/autoparts.jpg 525w, https:\/\/www.plasticmoulds.net\/wp-content\/uploads\/2022\/05\/autoparts-300x167.jpg 300w\" sizes=\"auto, (max-width: 525px) 100vw, 525px\" \/><\/a><\/figure><h2 class=\"wp-block-heading\"><\/h2><hr class=\"wp-block-separator has-alpha-channel-opacity\"\/><p>Wenn Sie in der Automobilindustrie t\u00e4tig sind, haben Sie wahrscheinlich schon von Spritzguss geh\u00f6rt. Aber was ist das eigentlich?<\/p><figure class=\"wp-block-image aligncenter size-full\"><a href=\"https:\/\/plasticmoulds.net\/wp-content\/uploads\/2022\/07\/024-manufacturing.png\"><img loading=\"lazy\" decoding=\"async\" width=\"512\" height=\"512\" src=\"https:\/\/plasticmoulds.net\/wp-content\/uploads\/2022\/07\/024-manufacturing.png\" alt=\"\" class=\"wp-image-7940\" srcset=\"https:\/\/www.plasticmoulds.net\/wp-content\/uploads\/2022\/07\/024-manufacturing.png 512w, https:\/\/www.plasticmoulds.net\/wp-content\/uploads\/2022\/07\/024-manufacturing-300x300.png 300w, https:\/\/www.plasticmoulds.net\/wp-content\/uploads\/2022\/07\/024-manufacturing-150x150.png 150w\" sizes=\"auto, (max-width: 512px) 100vw, 512px\" \/><\/a><\/figure><p>Das Spritzgie\u00dfen ist ein Verfahren, bei dem unter hohem Druck erhitzte Kunststoffschmelze in eine Form gepresst wird, um ein festes Kunststoffteil zu formen. Das Ergebnis sind Teile mit filigranen Details und genauen Abmessungen. Diese Teile k\u00f6nnen f\u00fcr alles M\u00f6gliche verwendet werden, von Automobilen \u00fcber medizinische Ger\u00e4te bis hin zu Spielzeug. Das Verfahren wird seit Jahrzehnten auf der ganzen Welt angewandt - aber wussten Sie, dass China eines der besten L\u00e4nder ist, um diese Teile zu vern\u00fcnftigen Kosten herzustellen?<\/p><p>Das Automobilspritzgie\u00dfen ist ein spezielles Verfahren zur Herstellung von Kunststoffteilen f\u00fcr Autos, Lastwagen und andere Fahrzeuge. Aufgrund seiner Komplexit\u00e4t erfordert es ein hohes Ma\u00df an technischem Know-how, um sicherzustellen, dass das fertige Produkt sowohl langlebig als auch effektiv ist, wenn es richtig konzipiert ist.<\/p><p>H\u00e4ndler f\u00fcr Kfz-Teile suchen nach Herstellern von Kfz-Spritzgussteilen in China. Sie wollen diese Teile zu einem Gro\u00dfhandelspreis einkaufen und an ihre Kunden weiterverkaufen. Sie wollen eine Fabrik in China finden, die diese Teile zu einem sehr niedrigen Preis herstellen kann. Sie wollen diese Teile direkt von der Fabrik kaufen, nicht \u00fcber einen Vertreter.<\/p><p>China hat sich zu einem der weltweit f\u00fchrenden Anbieter von Spritzgussprodukten f\u00fcr die Automobilindustrie entwickelt, da es \u00fcber ein gro\u00dfes Reservoir an talentierten Ingenieuren und qualifizierten Arbeitskr\u00e4ften verf\u00fcgt, die diese Produkte zu niedrigen Kosten herstellen k\u00f6nnen. <\/p><p>Die Wahl eines Unternehmens in China, das qualitativ hochwertige Teile liefern kann, erfordert jedoch eine sorgf\u00e4ltige Recherche und die Ber\u00fccksichtigung mehrerer Faktoren, bevor eine endg\u00fcltige Entscheidung dar\u00fcber getroffen wird, welcher Lieferant Ihre Anforderungen am besten erf\u00fcllt, und nicht nur der anf\u00e4ngliche Preis, den er anbietet.<\/p><p>Der folgende Leitfaden hilft Ihnen bei der Auswahl eines Automobil-Spritzgussherstellers aus China, der Ihre genauen Spezifikationen erf\u00fcllt und Ihnen gleichzeitig hochwertige Produkte zu erschwinglichen Preisen bietet:<\/p><h3 class=\"wp-block-heading\">1) Preis<\/h3><p>Sie m\u00f6chten eine chinesische Fabrik f\u00fcr Automobilspritzguss finden, die qualitativ hochwertige Teile zu einem erschwinglichen Preis liefern kann. Das bedeutet, dass Sie nach chinesischen Lieferanten suchen m\u00fcssen, die direkt mit den Fabriken zusammenarbeiten und nicht \u00fcber Vertreter oder Zwischenh\u00e4ndler. Mit anderen Worten: Nehmen Sie nicht einfach den ersten Anbieter, den Sie bei Google finden, sondern pr\u00fcfen Sie ihn sorgf\u00e4ltig!<\/p><h3 class=\"wp-block-heading\">2) Automobil-Spritzgie\u00dfen Qualit\u00e4t<\/h3><p>Sie sollten sich vergewissern, dass die von Ihnen gew\u00e4hlte chinesische Fabrik f\u00fcr Automobil-Spritzgussteile eine nachweisliche Erfolgsbilanz bei der Herstellung hochwertiger Autoteile f\u00fcr andere K\u00e4ufer vorweisen kann und \u00fcber eine eindeutige Dokumentation verf\u00fcgt, aus der hervorgeht, wie sie jedes Teil pr\u00fcft, bevor es das Werk verl\u00e4sst. Diese Unterlagen k\u00f6nnen Zertifikate von unabh\u00e4ngigen Labors wie UL oder SGS enthalten, die die Sicherheit des Produkts best\u00e4tigen, sowie Pr\u00fcfberichte des Werks selbst.<\/p><h3 class=\"wp-block-heading\">3) Lieferung f\u00fcr Automobil-Spritzgie\u00dfen<\/h3><p>Sie sollten sich vergewissern, dass Ihr Spritzgie\u00dfer einen zuverl\u00e4ssigen Lieferplan hat und die Teile ohne Verz\u00f6gerung liefern kann. Das bedeutet, dass Sie sich von chinesischen Spritzgusslieferanten fernhalten sollten, die unrealistische Liefertermine versprechen oder wenig bis gar keine Informationen dar\u00fcber liefern, wie lange es dauert, bis die Teile produziert oder verschickt werden. Wenn er nicht in der Lage ist, Teile schnell genug zu produzieren, m\u00fcssen Sie sich m\u00f6glicherweise anderweitig umsehen.<\/p><h3 class=\"wp-block-heading\">4) Kundenbetreuung<\/h3><p>Der Kundenservice ist das Wichtigste, vor allem in der Spritzgie\u00dfindustrie. Sie sollten sich nach Lieferanten umsehen, die einen ausgezeichneten Kundendienst bieten, einschlie\u00dflich einer klaren Kommunikation w\u00e4hrend des gesamten Bestellvorgangs und bei allen Fragen, die Sie m\u00f6glicherweise haben, und wenn Sie Fragen zur Qualit\u00e4t oder Sicherheit der Produkte eines Lieferanten haben, sollten Sie diese stellen. Sie sollten auch nach Lieferanten Ausschau halten, die ausf\u00fchrliche Informationen dar\u00fcber bereitstellen, wie ihre Spritzgussprodukte hergestellt werden und welche Materialien sie verwenden. So k\u00f6nnen Sie sich vergewissern, dass sie die Branchenrichtlinien einhalten, und gleichzeitig sicherstellen, dass sie nicht an der falschen Stelle sparen oder minderwertige Materialien verwenden.<\/p>","protected":false},"excerpt":{"rendered":"<p>automotive injection molding companyIs your company looking for a high-quality automotive injection molding company in China? We&#8217;ve got you covered! We have experienced professionals who are familiar with this industry, and can help you choose the best molding option for your needs at a reasonable cost.You can concentrate on what really matters , when we [&hellip;]<\/p>\n","protected":false},"author":11,"featured_media":0,"parent":0,"menu_order":0,"comment_status":"closed","ping_status":"closed","template":"","meta":{"footnotes":""},"class_list":["post-7581","page","type-page","status-publish","hentry"],"blocksy_meta":{"styles_descriptor":{"styles":{"desktop":"","tablet":"","mobile":""},"google_fonts":[],"version":6}},"_links":{"self":[{"href":"https:\/\/www.plasticmoulds.net\/de\/wp-json\/wp\/v2\/pages\/7581","targetHints":{"allow":["GET"]}}],"collection":[{"href":"https:\/\/www.plasticmoulds.net\/de\/wp-json\/wp\/v2\/pages"}],"about":[{"href":"https:\/\/www.plasticmoulds.net\/de\/wp-json\/wp\/v2\/types\/page"}],"author":[{"embeddable":true,"href":"https:\/\/www.plasticmoulds.net\/de\/wp-json\/wp\/v2\/users\/11"}],"replies":[{"embeddable":true,"href":"https:\/\/www.plasticmoulds.net\/de\/wp-json\/wp\/v2\/comments?post=7581"}],"version-history":[{"count":2,"href":"https:\/\/www.plasticmoulds.net\/de\/wp-json\/wp\/v2\/pages\/7581\/revisions"}],"predecessor-version":[{"id":13379,"href":"https:\/\/www.plasticmoulds.net\/de\/wp-json\/wp\/v2\/pages\/7581\/revisions\/13379"}],"wp:attachment":[{"href":"https:\/\/www.plasticmoulds.net\/de\/wp-json\/wp\/v2\/media?parent=7581"}],"curies":[{"name":"wp","href":"https:\/\/api.w.org\/{rel}","templated":true}]}}