{"id":5418,"date":"2021-05-29T11:35:32","date_gmt":"2021-05-29T03:35:32","guid":{"rendered":"https:\/\/plasticmoulds.net\/?p=5418"},"modified":"2023-12-31T17:10:46","modified_gmt":"2023-12-31T09:10:46","slug":"spritzgiesen-outsourcing-in-china","status":"publish","type":"page","link":"https:\/\/www.plasticmoulds.net\/de\/injection-molding-outsourcing-in-china","title":{"rendered":"Die 10 besten Praktiken f\u00fcr das Outsourcing des Spritzgie\u00dfens in China"},"content":{"rendered":"<h1 class=\"wp-block-heading\" id=\"1-injection-molding-outsourcing-in-china\">Outsourcing des Spritzgie\u00dfens in China<\/h1><nav class=\"wp-block-stackable-table-of-contents stk-block-table-of-contents stk-block stk-cb4f0c7 stk-block-background\" data-block-id=\"cb4f0c7\"><p class=\"stk-table-of-contents__title\">Inhalts\u00fcbersicht<\/p><ul class=\"stk-table-of-contents__table\"><li><a href=\"#2-how-does-china-injection-molding-outsourcing-work\">Wie funktioniert das Outsourcing des Spritzgie\u00dfens in China?<\/a><ul><li><a href=\"#3-the-risks-and-challenges-associated-with-outsourcing-in-china\">Die mit dem Outsourcing in China verbundenen Risiken und Herausforderungen<\/a><\/li><\/ul><\/li><li><a href=\"#4-managing-best-practices\">Bew\u00e4hrte Praktiken verwalten<\/a><ul><li><a href=\"#undefined\">Aufbau von Beziehungen zu wichtigen Managern<\/a><\/li><li><a href=\"#6--plan-your-project-scope-and-timeline-\"> Planen Sie Umfang und Zeitplan Ihres Projekts <\/a><\/li><li><a href=\"#8--try-to-think-beyond-price-\"> Versuchen Sie, \u00fcber den Preis hinaus zu denken. <\/a><\/li><li><a href=\"#9--dont-take-the-portfolio-lightly-\"> Nehmen Sie das Portfolio nicht auf die leichte Schulter <\/a><\/li><li><a href=\"#12--negotiate-your-ownership-as-early-as-possible-\">Verhandeln Sie Ihr Eigentum so fr\u00fch wie m\u00f6glich <\/a><\/li><li><a href=\"#13--support-after-the-delivery-\"> Unterst\u00fctzung nach der Lieferung <\/a><\/li><\/ul><\/li><li><a href=\"#15--how-to-outsource-\"> Wie man auslagert <\/a><\/li><\/ul><\/nav><figure class=\"wp-block-image aligncenter\"><a href=\"https:\/\/plasticmoulds.net\/wp-content\/uploads\/2021\/07\/plastic-mold-6.jpg\"><img loading=\"lazy\" decoding=\"async\" width=\"796\" height=\"359\" src=\"https:\/\/plasticmoulds.net\/wp-content\/uploads\/2021\/07\/plastic-mold-6.jpg\" alt=\"China Spritzgie\u00dfen\" class=\"wp-image-5780\" srcset=\"https:\/\/www.plasticmoulds.net\/wp-content\/uploads\/2021\/07\/plastic-mold-6.jpg 796w, https:\/\/www.plasticmoulds.net\/wp-content\/uploads\/2021\/07\/plastic-mold-6-300x135.jpg 300w, https:\/\/www.plasticmoulds.net\/wp-content\/uploads\/2021\/07\/plastic-mold-6-768x346.jpg 768w\" sizes=\"auto, (max-width: 796px) 100vw, 796px\" \/><\/a><figcaption class=\"wp-element-caption\">China Spritzgie\u00dfen<\/figcaption><\/figure><p>Es gibt einen Zuwachs an <a href=\"https:\/\/plasticmoulds.net\/injection-moldin\u2026ourcing-in-china.html\">Outsourcing des Spritzgie\u00dfens in China<\/a>.<\/p><p>Im Jahr 2020 werden sch\u00e4tzungsweise 35% der Unternehmen das Spritzgie\u00dfen in China auslagern, wobei 78% mit dem Ergebnis zufrieden sind.<\/p><p>Das wettbewerbsintensive Marktumfeld, mit dem wir in den letzten Jahren beim Outsourcing konfrontiert waren, hat dazu gef\u00fchrt, dass die heutigen Outsourcing-Anbieter bereit sind, ihren Kunden weit mehr als nur eine kosteng\u00fcnstige Spritzgie\u00dfl\u00f6sung anzubieten.<\/p><figure class=\"wp-block-image aligncenter size-full is-resized\"><a href=\"https:\/\/plasticmoulds.net\/wp-content\/uploads\/2022\/07\/13.png\"><img loading=\"lazy\" decoding=\"async\" width=\"256\" height=\"256\" src=\"https:\/\/plasticmoulds.net\/wp-content\/uploads\/2022\/07\/13.png\" alt=\"\" class=\"wp-image-7946\" style=\"width:547px;height:547px\" srcset=\"https:\/\/www.plasticmoulds.net\/wp-content\/uploads\/2022\/07\/13.png 256w, https:\/\/www.plasticmoulds.net\/wp-content\/uploads\/2022\/07\/13-150x150.png 150w\" sizes=\"auto, (max-width: 256px) 100vw, 256px\" \/><\/a><\/figure><p>China Injection Molding Outsourcing ist inzwischen weit mehr als eine Kosteneinsparungsma\u00dfnahme. Die <a href=\"https:\/\/plasticmoulds.net\/injection-molding-company\">richtige Wahl<\/a> von Outsourcing- und Outstaffing-Anbietern erm\u00f6glicht es den Unternehmen, eine dauerhafte professionelle Beziehung mit einem erstklassigen Entwicklungsteam und einem effizienten Spritzgussmanagement aufzubauen.<\/p><div class=\"wp-block-group alignwide is-layout-constrained wp-block-group-is-layout-constrained\"><div class=\"wp-block-stackable-timeline stk-block-timeline stk-block-timeline--left stk-block stk-fdbdf91 stk-block-background\" data-block-id=\"fdbdf91\"><style>.stk-fdbdf91{background-color:#fccd00 !important;--gap:20px !important;--line-dot-border-radius:0px !important;--line-dot-size:20px !important}.stk-fdbdf91:before{background-color:#fccd00 !important}@media screen and (max-width:689px){.stk-fdbdf91 .stk-inner-blocks:after{top:16px !important}}<\/style><div class=\"stk-row stk-inner-blocks stk-block-content stk-content-align stk-fdbdf91-column\"><div class=\"stk-block-timeline__date\">Konstruktion von Komponenten 7 Tage<\/div><div class=\"stk-block-timeline__middle\"><\/div><div class=\"stk-block-timeline__content\"><div class=\"wp-block-stackable-column stk-block-column stk-column stk-block stk-eea635e stk-block-background\" data-v=\"4\" data-block-id=\"eea635e\"><style>.stk-eea635e-container{margin-top:0px !important;margin-right:0px !important;margin-bottom:0px !important;margin-left:0px !important}.stk-eea635e-inner-blocks{justify-content:flex-start !important}.stk-eea635e{background-color:var(--theme-palette-color-5,#E2E7ED) !important}.stk-eea635e:before{background-color:var(--theme-palette-color-5,#E2E7ED) !important}<\/style><div class=\"stk-column-wrapper stk-block-column__content stk-container stk-eea635e-container stk--no-background stk--no-padding\"><div class=\"stk--column-flex stk-block-content stk-inner-blocks stk-eea635e-inner-blocks\"><p>Topworks kann\u00a0<a href=\"https:\/\/plasticmoulds.net\/design\">Ihr Design optimieren<\/a>\u00a0f\u00fcr Kosteneinsparungen oder zur Sicherstellung der Kompatibilit\u00e4t durch Optimierung Ihres Entwurfs vor der Werkzeugerstellung. Kunden sind willkommen, 3D-Dateien zu liefern<\/p><\/div><\/div><\/div><\/div><\/div><\/div><div class=\"wp-block-stackable-timeline stk-block-timeline stk-block-timeline--left stk-block stk-65d80fe stk-block-background\" data-block-id=\"65d80fe\"><style>.stk-65d80fe{background-color:#fccd00 !important}.stk-65d80fe:before{background-color:#fccd00 !important}@media screen and (max-width:689px){.stk-65d80fe .stk-inner-blocks:after{top:16px !important}}<\/style><div class=\"stk-row stk-inner-blocks stk-block-content stk-content-align stk-65d80fe-column\"><div class=\"stk-block-timeline__date\">Prototyping von Teilen (falls erforderlich) (2 -3 Tage)<\/div><div class=\"stk-block-timeline__middle\"><\/div><div class=\"stk-block-timeline__content\"><div class=\"wp-block-stackable-column stk-block-column stk-column stk-block stk-47b313d\" data-v=\"4\" data-block-id=\"47b313d\"><style>.stk-47b313d-container{margin-top:0px !important;margin-right:0px !important;margin-bottom:0px !important;margin-left:0px !important}<\/style><div class=\"stk-column-wrapper stk-block-column__content stk-container stk-47b313d-container stk--no-background stk--no-padding\"><div class=\"stk-block-content stk-inner-blocks stk-47b313d-inner-blocks\"><p>Topworks kann mit Hilfe von Computer Numerical Control (CNC) einen bearbeiteten Prototyp oder einen 3D-Druck herstellen, den Sie sehen und f\u00fchlen k\u00f6nnen, um das Design Ihres Teils zu validieren, und wir bieten auch einen Vakuumguss-Service.<\/p><\/div><\/div><\/div><\/div><\/div><\/div><div class=\"wp-block-stackable-timeline stk-block-timeline stk-block-timeline--left stk-block stk-c210ffa stk-block-background\" data-block-id=\"c210ffa\"><style>.stk-c210ffa{background-color:#fccd00 !important;--line-bg-color:var(--theme-palette-color-6,#edeff2) !important}.stk-c210ffa:before{background-color:#fccd00 !important}@media screen and (max-width:689px){.stk-c210ffa .stk-inner-blocks:after{top:16px !important}}<\/style><div class=\"stk-row stk-inner-blocks stk-block-content stk-content-align stk-c210ffa-column\"><div class=\"stk-block-timeline__date\">Werkzeugentwurf (3-7 Tage)<\/div><div class=\"stk-block-timeline__middle\"><\/div><div class=\"stk-block-timeline__content\"><div class=\"wp-block-stackable-column stk-block-column stk-column stk-block stk-b2b416d stk-block-background\" data-v=\"4\" data-block-id=\"b2b416d\"><style>.stk-b2b416d-container{margin-top:0px !important;margin-right:0px !important;margin-bottom:0px !important;margin-left:0px !important}.stk-b2b416d{background-color:var(--theme-palette-color-5,#E2E7ED) !important}.stk-b2b416d:before{background-color:var(--theme-palette-color-5,#E2E7ED) !important}<\/style><div class=\"stk-column-wrapper stk-block-column__content stk-container stk-b2b416d-container stk--no-background stk--no-padding\"><div class=\"stk-block-content stk-inner-blocks stk-b2b416d-inner-blocks\"><p>In dieser Phase wird Ihr Arbeitsblatt mit den Werkzeuginformationen f\u00fcr die Konstruktion des Werkzeugs verwendet.<\/p><\/div><\/div><\/div><\/div><\/div><\/div><div class=\"wp-block-stackable-timeline stk-block-timeline stk-block-timeline--left stk-block stk-cad37d9 stk-block-background\" data-block-id=\"cad37d9\"><style>.stk-cad37d9{background-color:#fccd00 !important;--gap:9px !important}.stk-cad37d9:before{background-color:#fccd00 !important}@media screen and (max-width:689px){.stk-cad37d9 .stk-inner-blocks:after{top:16px !important}}<\/style><div class=\"stk-row stk-inner-blocks stk-block-content stk-content-align stk-cad37d9-column\"><div class=\"stk-block-timeline__date\">\u00dcberpr\u00fcfung der Werkzeugkonstruktion (2-3 Tage)<\/div><div class=\"stk-block-timeline__middle\"><\/div><div class=\"stk-block-timeline__content\"><div class=\"wp-block-stackable-column stk-block-column stk-column stk-block stk-0991ce0\" data-v=\"4\" data-block-id=\"0991ce0\"><style>.stk-0991ce0-container{margin-top:0px !important;margin-right:0px !important;margin-bottom:0px !important;margin-left:0px !important}<\/style><div class=\"stk-column-wrapper stk-block-column__content stk-container stk-0991ce0-container stk--no-background stk--no-padding\"><div class=\"stk-block-content stk-inner-blocks stk-0991ce0-inner-blocks\"><p>Die Genauigkeit der Werkzeugkonstruktion wird validiert.<\/p><\/div><\/div><\/div><\/div><\/div><\/div><div class=\"wp-block-stackable-timeline stk-block-timeline stk-block-timeline--left stk-block stk-d27a1cb stk-block-background\" data-block-id=\"d27a1cb\"><style>.stk-d27a1cb{background-color:#fccd00 !important}.stk-d27a1cb:before{background-color:#fccd00 !important}@media screen and (max-width:689px){.stk-d27a1cb .stk-inner-blocks:after{top:16px !important}}<\/style><div class=\"stk-row stk-inner-blocks stk-block-content stk-content-align stk-d27a1cb-column\"><div class=\"stk-block-timeline__date\">Werkzeugherstellung (3-8 Wochen, je nach dem)<\/div><div class=\"stk-block-timeline__middle\"><\/div><div class=\"stk-block-timeline__content\"><div class=\"wp-block-stackable-column stk-block-column stk-column stk-block stk-245f43f\" data-v=\"4\" data-block-id=\"245f43f\"><style>.stk-245f43f-container{margin-top:0px !important;margin-right:0px !important;margin-bottom:0px !important;margin-left:0px !important}<\/style><div class=\"stk-column-wrapper stk-block-column__content stk-container stk-245f43f-container stk--no-background stk--no-padding\"><div class=\"stk-block-content stk-inner-blocks stk-245f43f-inner-blocks\"><p class=\"has-palette-color-5-background-color has-background\">Das Werkzeug wird mit Hilfe von Computer Numerical Control (CNC) und Electrical Discharge Machining (EDM) pr\u00e4zise nach dem validierten Entwurf hergestellt...<\/p><\/div><\/div><\/div><\/div><\/div><\/div><div class=\"wp-block-stackable-timeline stk-block-timeline stk-block-timeline--left stk-block stk-227f73b stk-block-background\" data-block-id=\"227f73b\"><style>.stk-227f73b{background-color:#fccd00 !important}.stk-227f73b:before{background-color:#fccd00 !important}@media screen and (max-width:689px){.stk-227f73b .stk-inner-blocks:after{top:16px !important}}<\/style><div class=\"stk-row stk-inner-blocks stk-block-content stk-content-align stk-227f73b-column\"><div class=\"stk-block-timeline__date\">Erste Sch\u00fcsse an den Kunden (T1, 2-5 Tage)<\/div><div class=\"stk-block-timeline__middle\"><\/div><div class=\"stk-block-timeline__content\"><div class=\"wp-block-stackable-column stk-block-column stk-column stk-block stk-1cac3b5\" data-v=\"4\" data-block-id=\"1cac3b5\"><style>.stk-1cac3b5-container{margin-top:0px !important;margin-right:0px !important;margin-bottom:0px !important;margin-left:0px !important}<\/style><div class=\"stk-column-wrapper stk-block-column__content stk-container stk-1cac3b5-container stk--no-background stk--no-padding\"><div class=\"stk-block-content stk-inner-blocks stk-1cac3b5-inner-blocks\"><p>Die ersten Testaufnahmen werden per Kurier verschickt, kurz nachdem die Injektionsformen hergestellt wurden. Nach dem Versand treffen sie in der Regel innerhalb von 2-5 Tagen ein.<\/p><\/div><\/div><\/div><\/div><\/div><\/div><div class=\"wp-block-stackable-timeline stk-block-timeline stk-block-timeline--left stk-block stk-3900415 stk-block-background\" data-block-id=\"3900415\"><style>.stk-3900415{background-color:#fccd00 !important;--line-bg-color:var(--theme-palette-color-6,#edeff2) !important}.stk-3900415:before{background-color:#fccd00 !important}@media screen and (max-width:689px){.stk-3900415 .stk-inner-blocks:after{top:16px !important}}<\/style><div class=\"stk-row stk-inner-blocks stk-block-content stk-content-align stk-3900415-column\"><div class=\"stk-block-timeline__date\">Werkzeugmodifikationen und Texturierung (3-7 Tage, je nachdem)<\/div><div class=\"stk-block-timeline__middle\"><\/div><div class=\"stk-block-timeline__content\"><div class=\"wp-block-stackable-column stk-block-column stk-column stk-block stk-8d61579\" data-v=\"4\" data-block-id=\"8d61579\"><style>.stk-8d61579-container{margin-top:0px !important;margin-right:0px !important;margin-bottom:0px !important;margin-left:0px !important}<\/style><div class=\"stk-column-wrapper stk-block-column__content stk-container stk-8d61579-container stk--no-background stk--no-padding\"><div class=\"stk-block-content stk-inner-blocks stk-8d61579-inner-blocks\"><p class=\"has-palette-color-5-background-color has-background\">Zu diesem Zeitpunkt nimmt Topworks alle \u00c4nderungen am Werkzeug vor, die erforderlich sind, um es in \u00dcbereinstimmung mit den genehmigten Spezifikationen zu bringen. Topworks nimmt alle erforderlichen \u00c4nderungen (mit Ausnahme von Konstruktions\u00e4nderungen, die immer in Rechnung gestellt werden) kostenlos vor.<br>In dieser Phase erfolgt die Texturierung, die normalerweise der letzte Schritt vor der Massenproduktion ist.<br>Topworks Seite<\/p><\/div><\/div><\/div><\/div><\/div><\/div><div class=\"wp-block-stackable-timeline stk-block-timeline stk-block-timeline--left stk-is-last stk-block stk-38821a3 stk-block-background\" data-block-id=\"38821a3\"><style>.stk-38821a3{background-color:#fccd00 !important}.stk-38821a3:before{background-color:#fccd00 !important}@media screen and (max-width:689px){.stk-38821a3 .stk-inner-blocks:after{top:16px !important;bottom:calc(0px + (100% - 0px) - 16px) !important}}<\/style><div class=\"stk-row stk-inner-blocks stk-block-content stk-content-align stk-38821a3-column\"><div class=\"stk-block-timeline__date\">Massenproduktion oder Export&nbsp;<\/div><div class=\"stk-block-timeline__middle\"><\/div><div class=\"stk-block-timeline__content\"><div class=\"wp-block-stackable-column stk-block-column stk-column stk-block stk-3619196\" data-v=\"4\" data-block-id=\"3619196\"><style>.stk-3619196-container{margin-top:0px !important;margin-right:0px !important;margin-bottom:0px !important;margin-left:0px !important}<\/style><div class=\"stk-column-wrapper stk-block-column__content stk-container stk-3619196-container stk--no-background stk--no-padding\"><div class=\"stk-block-content stk-inner-blocks stk-3619196-inner-blocks\"><div class=\"wp-block-stackable-text stk-block-text stk-block stk-d000f7f\" data-block-id=\"d000f7f\"><p class=\"stk-block-text__text\">In dieser Phase wird das Werkzeug an den Kunden \u00fcbergeben oder ist bereit f\u00fcr das Spritzgie\u00dfen.<\/p><\/div><\/div><\/div><\/div><\/div><\/div><\/div><\/div><h2 class=\"wp-block-heading\" id=\"2-how-does-china-injection-molding-outsourcing-work\">Wie funktioniert das Outsourcing des Spritzgie\u00dfens in China?<\/h2><p>Outsourcing ist nicht nur bei der Entwicklung von Werkzeugen und Spritzgussverfahren von Vorteil. Personalverwaltung, Anlagenmanagement, Lieferkettenmanagement, Kundenbetreuung und -service, Marketing, Diagnosetests und rechtliche Dokumentation sind einige der Dienstleistungen, die Anbieter gerne auslagern.<\/p><h3 class=\"wp-block-heading\" id=\"3-the-risks-and-challenges-associated-with-outsourcing-in-china\">Die mit dem Outsourcing in China verbundenen Risiken und Herausforderungen<\/h3><p>Die Auswahl eines Anbieters ist entscheidend, um Vers\u00e4umnisse zu vermeiden. Outsourcing-Kooperationen k\u00f6nnen in folgenden Punkten anf\u00e4llig sein:<\/p><ul class=\"wp-block-list\"><li>Die Durchlaufzeit ist langsamer.<\/li><li>Kenntnisse \u00fcber die Branche des Verk\u00e4ufers.<\/li><li>Barrieren sind auf Sprache und Kultur zur\u00fcckzuf\u00fchren.<\/li><li>Die Zeitzonen sind unterschiedlich.<\/li><li>Unf\u00e4higkeit zur Kontrolle.<\/li><\/ul><h2 class=\"wp-block-heading\" id=\"4-managing-best-practices\">Bew\u00e4hrte Praktiken verwalten<\/h2><h3 class=\"wp-block-heading\">Aufbau von Beziehungen zu wichtigen Managern<\/h3><p>Die Effektivit\u00e4t der Beziehung zwischen den F\u00fchrungskr\u00e4ften beider Teams h\u00e4ngt von ihrer F\u00e4higkeit ab, zu kommunizieren, zusammenzuarbeiten und eine gesunde Arbeitsbeziehung zu pflegen. Zahlreiche Studien \u00fcber erfolgreiche Outsourcing-Projekte im chinesischen Spritzguss haben gezeigt, dass eine gute Arbeitschemie und gute Beziehungen zwischen Kollegen f\u00fcr den Erfolg von Outsourcing-Projekten im Spritzguss entscheidend sind.<\/p><h3 class=\"wp-block-heading\" id=\"6--plan-your-project-scope-and-timeline-\"> Planen Sie Umfang und Zeitplan Ihres Projekts <\/h3><p>Machen Sie sich klar, was Sie erreichen wollen, bevor Sie mit der Arbeit beginnen. Geben Sie im Voraus genaue und vollst\u00e4ndige Informationen an, damit Ihre chinesischen Spritzgie\u00dfdienstleister Ihnen realistische Preise nennen k\u00f6nnen. Teilen Sie den Spritzgie\u00dfdienstleistern so viele Informationen wie m\u00f6glich \u00fcber die auszuf\u00fchrenden Arbeiten mit.<\/p><p>Vergewissern Sie sich, dass Ihre Anforderungen an den Zeitplan realistisch und klar sind, denn Ihr Zeitplan kann die Kosten des Projekts drastisch beeinflussen.<\/p><p>Achten Sie darauf, dass Ihr Outsourcing-Partner \u00fcber die richtige Erfahrung mit Ihrer Art von Projekt verf\u00fcgt. Die Entwicklung von Spritzgussteilen in \u00dcbersee ist besonders kompliziert, daher m\u00fcssen Sie einen Spezialisten beauftragen.<\/p><h3 class=\"wp-block-heading\" id=\"8--try-to-think-beyond-price-\"> Versuchen Sie, \u00fcber den Preis hinaus zu denken. <\/h3><p>Erfahrene Outsourcing-Eink\u00e4ufer, die Hunderte von Angeboten bewerten, empfehlen in der Regel einstimmig, sowohl das niedrigste als auch das h\u00f6chste Angebot des Wettbewerbers nicht zu ber\u00fccksichtigen.<\/p><p>Diejenigen K\u00e4ufer, die mit ihren chinesischen Spritzgussunternehmen am erfolgreichsten sind, sind der Meinung, dass der Anbieter ein gutes Preis-Leistungs-Verh\u00e4ltnis bietet und gleichzeitig hochwertige Ergebnisse liefert.<\/p><h3 class=\"wp-block-heading\" id=\"9--dont-take-the-portfolio-lightly-\"> Nehmen Sie das Portfolio nicht auf die leichte Schulter <\/h3><p>Pr\u00fcfen Sie die bisherigen Spritzgie\u00dfarbeiten des Anbieters. Selbst wenn das Portfolio, die Referenzen und die bisherige Berufserfahrung Ihres chinesischen Spritzgussanbieters nicht beweisen, dass er kompetent ist, kann er vielleicht dennoch ein Modell erstellen oder einen einfachen Aktionsplan skizzieren.<\/p><p>Chinesische Spritzgie\u00dfer, die stark daran interessiert sind, Ihren Auftrag zu erhalten, k\u00f6nnen Ihnen vielleicht eine ungef\u00e4hre Vorstellung davon geben, was sie anbieten werden.<\/p><p>Fordern Sie ruhig ein Muster an, aber verlangen Sie nicht, dass ein Anbieter eine fertige Arbeit nach Ihren Vorgaben liefert. <strong>Kein qualifizierter Fachmann wird sich bereit erkl\u00e4ren, umsonst zu arbeiten.<\/strong><\/p><p>Beauftragen Sie den ersten Dienstleister f\u00fcr einen kleinen und relativ einfachen Auftrag und gehen Sie dann im Laufe der Zeit zu gr\u00f6\u00dferen, komplexeren Spritzgie\u00dfauftr\u00e4gen \u00fcber.<\/p><p>Auf diese Weise k\u00f6nnen Sie sich ein besseres Bild von den Angeboten und F\u00e4higkeiten des Anbieters machen, bevor Sie ihm Ihr \"unternehmenskritisches\" Projekt anvertrauen.<\/p><p>Genauso wie es unerl\u00e4sslich ist, einen klaren Zeitplan f\u00fcr Ihr ausgelagertes Spritzgie\u00dfprojekt zu erstellen, kann es auch hilfreich sein, einen konkreten Zeitplan f\u00fcr die zu erbringenden Leistungen aufzustellen.<\/p><p>Durch die Festlegung regelm\u00e4\u00dfiger Kontrolltermine, an denen Sie den Status des Projekts auf dem Weg zur Fertigstellung \u00fcberpr\u00fcfen k\u00f6nnen, k\u00f6nnen Sie leicht sicherstellen, dass der Formenbauer das Projekt termingerecht und in hoher Qualit\u00e4t abschlie\u00dfen wird. Sie sollten die Bezahlung des Lieferanten mit diesen Meilensteinen abstimmen.<\/p><p>Eine gute Faustregel ist, nur einen kleinen Teil der Gesamtkosten aus eigener Tasche zu finanzieren und den Rest in Raten \u00fcber drei oder vier Etappen zu zahlen.<\/p><h3 class=\"wp-block-heading\" id=\"12--negotiate-your-ownership-as-early-as-possible-\">Verhandeln Sie Ihr Eigentum so fr\u00fch wie m\u00f6glich <\/h3><p>Wenn Sie jemals Werkzeug- oder Spritzgussarbeiten nach China auslagern, muss unbedingt gekl\u00e4rt werden, wer Eigent\u00fcmer des Arbeitsprodukts und aller wesentlichen Bestandteile ist.<\/p><p>Wenn Sie ein kundenspezifisches Spritzgussteil f\u00fcr Ihren pers\u00f6nlichen Gebrauch entwickeln wollen, gibt es wesentliche Unterschiede zur Entwicklung von Kunststoffteilen, die Sie weiterverkaufen wollen.<\/p><h3 class=\"wp-block-heading\" id=\"13--support-after-the-delivery-\"> Unterst\u00fctzung nach der Lieferung <\/h3><p>Es ist eine gute Praxis, eine Garantieklausel in Technologieprojekte aufzunehmen, damit Sie sicherstellen k\u00f6nnen, dass der chinesische Spritzgie\u00dfer Sie auch nach Abschluss des Spritzgie\u00dfprojekts unterst\u00fctzt.<\/p><p>Es ist viel einfacher, eine Unterst\u00fctzungsklausel auszuhandeln, bevor der Dienstleister seine Arbeit aufnimmt, als wenn das Spritzgie\u00dfprojekt bereits abgeschlossen ist. <\/p><p>Bei einem Outsourcing des Spritzgie\u00dfens aus China sind beide Kulturen involviert, und diese Unterschiede m\u00fcssen angenommen und \u00fcberbr\u00fcckt werden. Am besten w\u00e4re es, gesellschaftliche Veranstaltungen zwischen den Unternehmen zu organisieren, um die Unterschiede zwischen den Kulturen besser zu verstehen.<\/p><h2 class=\"wp-block-heading\" id=\"15--how-to-outsource-\"> Wie man auslagert <\/h2><p>Um den besten Preis von einem chinesischen Spritzgussanbieter zu erhalten, sollten Sie alle Antworten auf die folgenden Fragen im Voraus parat haben.<\/p><ul class=\"wp-block-list\"><li>Ist Ihnen klar, dass der Spritzgie\u00dfauftrag oder das Projekt aus China ausgelagert werden soll?<\/li><li>Verf\u00fcgen Sie \u00fcber eine detaillierte Beschreibung der Aufgabe oder zumindest \u00fcber klare Leitlinien f\u00fcr die Auslagerung?<\/li><li>Beschreibung des konkreten Spritzgussprojekts<\/li><li>Zu erwartende Leistung<\/li><li>Kosten\/Budget des Projekts<\/li><li>Klare Angabe der Frist\/des Termins<\/li><li>Anforderungen an ein Spritzgussprojekt<\/li><li>Bedarf an Ressourcen<\/li><li>Wer wird den externen Auftragnehmer in Ihrem Unternehmen verwalten und mit ihm zusammenarbeiten?<\/li><\/ul><p>Ist es m\u00f6glich, dass der Auftragnehmer, den Sie urspr\u00fcnglich beauftragt haben, mit Ihnen zusammenarbeitet, um einen \u00dcberblick \u00fcber die f\u00fcr die Ausf\u00fchrung der Aufgabe erforderlichen Schritte zu erstellen, damit Sie sp\u00e4ter darauf zur\u00fcckgreifen k\u00f6nnen, entweder als Teil eines Betriebshandbuchs oder zur Verwendung durch einen anderen Auftragnehmer f\u00fcr das Spritzgie\u00dfen in China, wenn der erste Auftragnehmer versagt hat?<\/p>","protected":false},"excerpt":{"rendered":"<p>Injection Molding Outsourcing in ChinaTable of ContentsHow does China Injection Molding Outsourcing work?The risks and challenges associated with outsourcing in ChinaManaging best practicesBuilding relationships with key managers Plan your project scope and timeline Try to think beyond price. Don&#8217;t take the portfolio lightly Negotiate your ownership as early as possible Support after the delivery How [&hellip;]<\/p>\n","protected":false},"author":11,"featured_media":5378,"parent":0,"menu_order":0,"comment_status":"open","ping_status":"open","template":"","meta":{"footnotes":""},"class_list":["post-5418","page","type-page","status-publish","has-post-thumbnail","hentry"],"blocksy_meta":{"styles_descriptor":{"styles":{"desktop":"","tablet":"","mobile":""},"google_fonts":[],"version":6}},"_links":{"self":[{"href":"https:\/\/www.plasticmoulds.net\/de\/wp-json\/wp\/v2\/pages\/5418","targetHints":{"allow":["GET"]}}],"collection":[{"href":"https:\/\/www.plasticmoulds.net\/de\/wp-json\/wp\/v2\/pages"}],"about":[{"href":"https:\/\/www.plasticmoulds.net\/de\/wp-json\/wp\/v2\/types\/page"}],"author":[{"embeddable":true,"href":"https:\/\/www.plasticmoulds.net\/de\/wp-json\/wp\/v2\/users\/11"}],"replies":[{"embeddable":true,"href":"https:\/\/www.plasticmoulds.net\/de\/wp-json\/wp\/v2\/comments?post=5418"}],"version-history":[{"count":0,"href":"https:\/\/www.plasticmoulds.net\/de\/wp-json\/wp\/v2\/pages\/5418\/revisions"}],"wp:featuredmedia":[{"embeddable":true,"href":"https:\/\/www.plasticmoulds.net\/de\/wp-json\/wp\/v2\/media\/5378"}],"wp:attachment":[{"href":"https:\/\/www.plasticmoulds.net\/de\/wp-json\/wp\/v2\/media?parent=5418"}],"curies":[{"name":"wp","href":"https:\/\/api.w.org\/{rel}","templated":true}]}}