{"id":2432,"date":"2019-03-08T10:58:52","date_gmt":"2019-03-08T02:58:52","guid":{"rendered":"https:\/\/plasticmoulds.net\/?page_id=2432"},"modified":"2024-09-25T10:07:01","modified_gmt":"2024-09-25T02:07:01","slug":"wie-sie-ihre-produktidee-einem-designburo-vorstellen","status":"publish","type":"page","link":"https:\/\/www.plasticmoulds.net\/de\/how-to-present-your-product-idea-to-a-design-firm","title":{"rendered":"Wie Sie Ihre Produktidee einem Designb\u00fcro vorstellen"},"content":{"rendered":"<h3 class=\"wp-block-heading\">Wie Sie Ihre Produktidee einem Designb\u00fcro vorstellen<\/h3><h4 class=\"wp-block-heading\">Sie haben eine Produktidee, die Sie auf den Markt bringen wollen. Was nun?<\/h4><p>Sie sind ein angehender Unternehmer, T\u00fcftler, Ingenieur... Ihr Verstand l\u00e4uft mit 1.000 Meilen pro Stunde und denkt an die vielen verschiedenen M\u00f6glichkeiten, wie Sie Ihre Umgebung verbessern k\u00f6nnen. Erst k\u00fcrzlich hatten Sie eine Produktidee, von der Sie wissen, dass sie vielen Menschen zugute kommen kann. Es ist einen Versuch wert, es zu entwickeln und auf den Markt zu bringen - aber wie f\u00e4ngt man \u00fcberhaupt an?<\/p><figure class=\"wp-block-image size-large is-resized\"><a href=\"https:\/\/plasticmoulds.net\/wp-content\/uploads\/2024\/09\/Designing-a-New-Injection-Molding-Product.png\"><img loading=\"lazy\" decoding=\"async\" width=\"1024\" height=\"1017\" src=\"https:\/\/plasticmoulds.net\/wp-content\/uploads\/2024\/09\/Designing-a-New-Injection-Molding-Product-1024x1017.png\" alt=\"\" class=\"wp-image-13042\" style=\"width:668px;height:auto\" srcset=\"https:\/\/www.plasticmoulds.net\/wp-content\/uploads\/2024\/09\/Designing-a-New-Injection-Molding-Product-1024x1017.png 1024w, https:\/\/www.plasticmoulds.net\/wp-content\/uploads\/2024\/09\/Designing-a-New-Injection-Molding-Product-300x298.png 300w, https:\/\/www.plasticmoulds.net\/wp-content\/uploads\/2024\/09\/Designing-a-New-Injection-Molding-Product-150x150.png 150w, https:\/\/www.plasticmoulds.net\/wp-content\/uploads\/2024\/09\/Designing-a-New-Injection-Molding-Product-768x762.png 768w, https:\/\/www.plasticmoulds.net\/wp-content\/uploads\/2024\/09\/Designing-a-New-Injection-Molding-Product-1536x1525.png 1536w, https:\/\/www.plasticmoulds.net\/wp-content\/uploads\/2024\/09\/Designing-a-New-Injection-Molding-Product-2048x2033.png 2048w, https:\/\/www.plasticmoulds.net\/wp-content\/uploads\/2024\/09\/Designing-a-New-Injection-Molding-Product-12x12.png 12w\" sizes=\"auto, (max-width: 1024px) 100vw, 1024px\" \/><\/a><\/figure><p>Wenn Ihre Idee ein physisches Produkt ist, ist dieser Artikel f\u00fcr Sie. Wir zeigen Ihnen genau, wie Sie Ihre Produktidee einem Designunternehmen vorstellen - eine Aktivit\u00e4t, die den Beginn der Designphase Ihres Projekts darstellt.<\/p><p>Hier erfahren Sie alles, was Sie wissen m\u00fcssen, um ein Dokument im Stil einer Pr\u00e4sentation zu erstellen, das Ihre Idee einem Designb\u00fcro erl\u00e4utert. Dabei kann es sich um eine Standardpr\u00e4sentation mit Folien oder um ein Dokument Ihrer Wahl handeln, das relevante Inhalte enth\u00e4lt.&nbsp;<strong><em>Sie k\u00f6nnen gerne direkt in die Beispielpr\u00e4sentation eintauchen, die wir online zur Verf\u00fcgung gestellt haben&nbsp;<\/em><\/strong><a href=\"https:\/\/goo.gl\/vKvK32\" target=\"_blank\" rel=\"noopener\"><strong><em>hier<\/em><\/strong><\/a><strong><em>, oder darunter:<\/em><\/strong><\/p><p><a href=\"https:\/\/docs.google.com\/presentation\/d\/e\/2PACX-1vSY3vlxMRCeLycaqj5KxgQfUtJyA1G1Ahy_Yl5QDia63uFQOYGrYUtRkNELNpwSkY2NQ8VFLv1uddrt\/pub?start=false&amp;loop=false&amp;delayms=3000&amp;slide=id.p\" target=\"_blank\" rel=\"noopener\">T\u00fcrschloss-Konzept<\/a><\/p><p>Sie werden \u00fcber die vier Komponenten lesen, die Ihre Pr\u00e4sentation enthalten sollte: das Problem, die L\u00f6sung, \u00c4sthetik &amp; Preispunkt und der \u00dcberblick \u00fcber die Wettbewerber. Anschlie\u00dfend finden Sie einen Abschnitt mit Tipps und Tricks, die auf einigen der am h\u00e4ufigsten gestellten Fragen unserer Kunden basieren.<\/p><p>Wenn Sie diesen Artikel als Leitfaden f\u00fcr die Erstellung einer Pr\u00e4sentation und den Beginn des Produktdesignprozesses verwenden, k\u00f6nnen Sie nicht nur Ihre Idee vermitteln, sondern auch:<\/p><ul class=\"wp-block-list\"><li>die Parameter f\u00fcr die Entwicklung Ihres Produkts innerhalb der Grenzen der aktuellen Technologie, Ihres Budgets und Ihres Zeitrahmens festlegen;<\/li><li>einen einigerma\u00dfen genauen Kostenvoranschlag f\u00fcr das Design Ihres Produkts erhalten;<\/li><li>die Anzahl der \u00dcberarbeitungen w\u00e4hrend des gesamten Entwurfsprozesses zu reduzieren und so Ihre Kosten und die f\u00fcr die Fertigstellung des Entwurfs ben\u00f6tigte Zeit zu senken;<\/li><li>und ein insgesamt hochwertigeres Design zu erreichen.<\/li><\/ul><p>Wenn Sie also glauben, dass Sie bereit sind, sich mit Ihrer Produktidee an ein Designunternehmen zu wenden, lesen Sie weiter. Unsere Erkenntnisse basieren auf mehr als sieben Jahren Erfahrung in der Unterst\u00fctzung von Unternehmen, Ingenieuren und Unternehmern bei der Entwicklung innovativer und erfolgreicher Produkte, und wir haben sie mit Ihnen geteilt, damit Sie gut vorbereitet in die Welt der Produktentwicklung eintreten k\u00f6nnen.<\/p><h3 class=\"wp-block-heading\">Die vier Komponenten Ihrer Pr\u00e4sentation<\/h3><h4 class=\"wp-block-heading\"><strong>1. Das Problem, das Sie l\u00f6sen wollen, und Ihr Marktverst\u00e4ndnis<\/strong><\/h4><p>Wenn Sie Ihre Produktidee pr\u00e4sentieren, m\u00fcssen Sie zun\u00e4chst das Problem darstellen, das Sie auf einem bestimmten Markt l\u00f6sen wollen.<\/p><p>Wir haben viele verschiedene Arten von Kunden aus vielen verschiedenen Branchen. Einige sind Erstunternehmer, die noch nie ein Produkt verkauft haben, und andere sind internationale Unternehmen, die bereits viele verschiedene Produkte entwickelt und verkauft haben. Sie alle kommen zu uns, weil sie ein Produkt herstellen wollen, das das Leben der Menschen verbessert - es ist ihre Art, eine L\u00f6sung f\u00fcr ein bedeutsames Problem zu bieten, auf das sie gesto\u00dfen sind.<\/p><p>L\u00f6sungen k\u00f6nnen sich aus einem Brainstorming ergeben, wie man ein Problem beheben kann, oder man schaut sich einfach bestehende Produkte an, um zu sehen, wie man sie verbessern kann. Sie k\u00f6nnten sich zum Beispiel ein Produkt ansehen, das Sie zu Hause oder am Arbeitsplatz haben, und Aspekte wie Benutzerfreundlichkeit, Lautst\u00e4rke, Gewicht, Kosten, Ergonomie, Batterielebensdauer usw. untersuchen.<\/p><p>Damit Innovatoren jedoch wissen, dass es ein Problem zu l\u00f6sen gibt, m\u00fcssen sie einen gewissen Einblick in den Markt gewonnen haben. Sie k\u00f6nnen Marktkenntnisse aus eigener Erfahrung, durch das Lesen von Produktbeschreibungen und -bewertungen oder durch Gespr\u00e4che mit Menschen, die in einem bestimmten Bereich oder einer bestimmten Branche arbeiten, gewinnen.<\/p><p>Unabh\u00e4ngig von der Art und Weise, wie Sie Marktkenntnisse gewonnen haben, ist es nun an der Zeit, diese zu pr\u00e4sentieren. In Ihrem Dokument sollten Sie jedes der Hauptprobleme und die Markteinblicke aufz\u00e4hlen, die Sie zum Verst\u00e4ndnis dieser Probleme gef\u00fchrt haben. Sie sollten mindestens ein Hauptproblem und andere sekund\u00e4re, aber relevante Probleme auff\u00fchren. Ihre Liste k\u00f6nnte etwa so aussehen:<\/p><figure class=\"wp-block-image\"><img decoding=\"async\" src=\"https:\/\/cdn-images-1.medium.com\/max\/960\/0*wXcEElv-VHHEB8wU\" alt=\"\"\/><\/figure><figure class=\"wp-block-image\"><img decoding=\"async\" src=\"https:\/\/cdn-images-1.medium.com\/max\/960\/0*tNjzW6vdSXbBJazs\" alt=\"\"\/><\/figure><figure class=\"wp-block-image\"><img decoding=\"async\" src=\"https:\/\/cdn-images-1.medium.com\/max\/960\/0*pDux8LGEUaZAEKYP\" alt=\"\"\/><\/figure><p><strong><em>Fallstudie zur Marktkenntnis:&nbsp;<\/em><\/strong>Nehmen wir an, Sie sind ein technikaffines Elternteil und arbeiten von Montag bis Freitag von 8 bis 17 Uhr. Ihr Sohn kommt jeden Tag um 14:30 Uhr von der Schule nach Hause. Er hat einen Schl\u00fcssel, um ins Haus zu kommen, aber eines Tages, als Sie bei der Arbeit waren, rief er Sie an, um Ihnen mitzuteilen, dass er ihn verloren hat und nicht mehr ins Haus kommt. Damit er das Haus betreten konnte, mussten Sie die Arbeit verlassen, 20 Minuten nach Hause fahren, ihm die T\u00fcr \u00f6ffnen und dann wieder zur Arbeit gehen.<\/p><p>In dieser Nacht dachten Sie \u00fcber ein schl\u00fcsselloses T\u00fcrschloss nach, um in Zukunft Probleme mit verlorenen Schl\u00fcsseln zu vermeiden oder jemandem aus der Ferne keinen Zugang zu Ihrer Wohnung zu gew\u00e4hren. Sie haben im Internet nach einem intelligenten T\u00fcrschloss gesucht, das effizient und einfach zu bedienen ist, aber sie waren alle zu teuer. Das brachte Sie auf die Idee, ein erschwingliches IoT-T\u00fcrschloss zu entwickeln. Wenn Sie nie die Arbeit verlassen m\u00fcssten, um Ihrem Sohn die T\u00fcr zu \u00f6ffnen, w\u00e4ren Sie nicht auf die Idee gekommen, ein intelligentes, kosteng\u00fcnstiges T\u00fcrschloss zu entwickeln, das das Problem des Schl\u00fcsselverlusts l\u00f6st.<\/p><blockquote class=\"wp-block-quote is-layout-flow wp-block-quote-is-layout-flow\"><p><strong><em>Tipp: Verwenden Sie ein Gesch\u00e4ftsmodell oder einen Gesch\u00e4ftsplan, um sich einen \u00dcberblick \u00fcber den Markt zu verschaffen.&nbsp;<\/em><\/strong><em>Eine<\/em><strong><em>&nbsp;<\/em><\/strong><em>um Ihren Markt besser kennen zu lernen, ist die Erstellung einer&nbsp;<\/em><a href=\"https:\/\/medium.com\/techmates\/ten-rules-to-take-your-hardware-product-from-concept-to-market-f2a8e8d9878e#50e9\" target=\"_blank\" rel=\"noopener\"><em>Business Model Canvas<\/em><\/a><em>das eine vereinfachte Version eines Gesch\u00e4ftsplans ist. W\u00e4hrend die Erstellung und Pflege eines Gesch\u00e4ftsplans langwierig und zeitaufw\u00e4ndig sein kann, ist ein Business Model Canvas viel k\u00fcrzer und kann leicht \u00fcberarbeitet werden, um es an ver\u00e4nderte Gesch\u00e4ftsanforderungen oder -ausrichtungen anzupassen. Wenn Sie bereits ein funktionierendes Unternehmen haben, dann haben Sie wahrscheinlich eines davon. Wenn Sie noch ganz am Anfang stehen, sollten Sie mit der Erstellung eines solchen Plans beginnen.<\/em><\/p><\/blockquote><blockquote class=\"wp-block-quote is-layout-flow wp-block-quote-is-layout-flow\"><p><em>Sie brauchen kein Gesch\u00e4ftsmodell oder einen Plan, bevor Sie mit Ihrer Produktidee an ein Designunternehmen herantreten, aber wenn Sie Ihr Produkt in Zukunft wirklich verkaufen wollen, empfehlen wir Ihnen dringend, eines zu erstellen. Diese Dokumente k\u00f6nnen Ihnen dabei helfen, ein besseres Gesamtprodukt zu entwickeln, da sie Recherchen beinhalten, die Ihnen helfen, das Problem zu bestimmen, das Sie zu l\u00f6sen versuchen. Vielleicht noch wichtiger ist, dass sie Ihnen helfen, eine bessere L\u00f6sung zu finden, und dass sie Ihnen dabei helfen, die Merkmale Ihres Produkts und den gew\u00fcnschten Verkaufspreis zu verstehen - alles Informationen, \u00fcber die Sie im n\u00e4chsten Abschnitt lesen werden.<\/em><\/p><\/blockquote><h4 class=\"wp-block-heading\"><strong>2. L\u00f6sung und Produktmerkmale<\/strong><\/h4><p>Nachdem Sie das Problem definiert haben, beschreiben Sie die L\u00f6sung (auch bekannt als Ihr Produkt) und die Funktionen, die es enthalten sollte.<\/p><figure class=\"wp-block-image\"><img decoding=\"async\" src=\"https:\/\/cdn-images-1.medium.com\/max\/960\/1*rek0inZkvE1QrLBtxekDhA.png\" alt=\"\"\/><\/figure><p>Einige unserer Kunden kommen mit Skizzen zu uns, die zeigen, wie sie sich ihr Produkt vorstellen. Sie haben bereits eine Vorstellung davon, was sie wollen - in Bezug auf \u00c4sthetik, Funktion und Merkmale - sie brauchen nur jemanden, der die L\u00f6sung f\u00fcr sie entwirft.<\/p><p>Aber Sie m\u00fcssen nicht unbedingt eine L\u00f6sung haben, bevor Sie Ihre Pr\u00e4sentation erstellen. Manchmal, wenn Kunden \u00fcber ein Problem im Detail nachdenken, aber nicht wissen, wie sie es l\u00f6sen k\u00f6nnen, entscheiden sie sich vielleicht, mit einem Produktdesign-Unternehmen wie Jaycon zusammenzuarbeiten, um ihnen bei der L\u00f6sung zu helfen.<\/p><figure class=\"wp-block-image\"><img decoding=\"async\" src=\"https:\/\/cdn-images-1.medium.com\/max\/960\/0*8xvpVAFxJ7U1CU51\" alt=\"\"\/><\/figure><figure class=\"wp-block-image\"><img decoding=\"async\" src=\"https:\/\/cdn-images-1.medium.com\/max\/960\/0*RxIdRVnTCMNfu-i3\" alt=\"\"\/><\/figure><figure class=\"wp-block-image\"><img decoding=\"async\" src=\"https:\/\/cdn-images-1.medium.com\/max\/960\/0*QY5CU5bz9dvMrGoc\" alt=\"\"\/><\/figure><p>Bei der Beschreibung Ihrer L\u00f6sung f\u00fcr das Problem, das Sie zu l\u00f6sen versuchen, sollten Sie Folgendes beachten:<\/p><p><strong>F\u00fcgen Sie ausreichend Bildmaterial und\/oder eine ausf\u00fchrliche verbale Beschreibung bei:<\/strong>&nbsp;Bilder sagen mehr als tausend Worte. Stellen Sie also sicher, dass Sie sie einf\u00fcgen, um Ihr Produkt zu beschreiben. Wenn Ihr Produkt zum Beispiel eine Schnappfunktion hat, sollten Sie ein Bild davon einf\u00fcgen - vielleicht haben Sie eine bestimmte Art im Sinn. Beschreiben Sie, wie das Produkt aussehen, sich anf\u00fchlen und funktionieren wird. Wenn Sie keine bestimmte L\u00f6sung im Sinn haben, beschreiben Sie die Funktionen, die Sie suchen, und f\u00fcgen Sie Beispiele von Wettbewerbern hinzu.<\/p><p><strong>Setzen Sie Priorit\u00e4ten bei den Funktionen:<\/strong>&nbsp;Es ist hilfreich, wenn Sie Ihre Funktionen nach ihrer Wichtigkeit ordnen. Wenn Sie gerade erst mit der Arbeit an diesem Projekt begonnen haben, wissen Sie vielleicht noch nicht, welche Funktionen f\u00fcr den Endnutzer am wichtigsten sind - und zu viele Funktionen auf Anhieb zu haben, kann bei der Entwicklung eines Produkts teuer werden. Deshalb sollten Sie sich zun\u00e4chst auf einige wenige konzentrieren. Wenn der Hauptvorteil Ihres Produkts gegen\u00fcber dem eines Konkurrenten darin besteht, dass es freih\u00e4ndig benutzt werden kann, dann ist das Ihre vorrangige Funktion - die anderen Funktionen werden dann zweitrangig.<\/p><p><strong>Sie umfassen sowohl Funktionalit\u00e4t als auch Design:<\/strong>&nbsp;Beschreiben Sie nicht nur, wie Ihr Produkt funktionieren soll, sondern auch, wie es aussehen soll. Wenn Sie wissen, welchen Stil Sie anstreben, k\u00f6nnen die Industriedesigner entsprechende Konzepte f\u00fcr das Aussehen Ihres Produkts entwickeln. Wenn Sie sich f\u00fcr Ihr Produkt ein Vintage-Design vorstellen, m\u00fcssen wir das wissen, damit wir nicht nach einem futuristischen Look streben.<\/p><blockquote class=\"wp-block-quote is-layout-flow wp-block-quote-is-layout-flow\"><p><strong><em>Tipp: Erstellen Sie einen MVP.&nbsp;<\/em><\/strong><em>Da Sie m\u00f6glicherweise nicht wissen, welche Funktionen es in die endg\u00fcltige Version Ihres Produkts schaffen werden, ist es eine gute Idee, ein MVP (Minimum Viable Product) zu erstellen, um die Hauptfunktionen Ihres Entwurfs zu testen und Feedback von potenziellen Nutzern einzuholen, bevor Sie einen Prototyp erstellen. Ein MVP ist eine sehr einfache Version eines Prototyps, die viel weniger kostet als ein vollwertiger Prototyp. Die Erstellung eines solchen Prototyps hilft Ihnen zu verstehen, welche Funktionen f\u00fcr Ihre Endnutzer am wichtigsten sind, so dass Sie Ihre Ressourcen nur f\u00fcr die relevanten Funktionen einsetzen k\u00f6nnen.<\/em><\/p><\/blockquote><h4 class=\"wp-block-heading\"><strong>3. \u00c4sthetik, Preispunkt und Zusammenfassung<\/strong><\/h4><p>In diesem Teil des Dokuments geben Sie Ihre \u00e4sthetischen Vorstellungen und den Verkaufspreis an, zu dem Sie Ihr fertiges Produkt nach der Herstellung verkaufen m\u00f6chten. F\u00fcgen Sie au\u00dferdem eine kurze Produktzusammenfassung mit einer Liste von Aufz\u00e4hlungspunkten ein, die die gew\u00fcnschten Merkmale zusammenfassen, sowie Preisklassen oder -stufen, falls Sie mehr als eine Variante eines Produkts haben.<\/p><figure class=\"wp-block-image\"><img decoding=\"async\" src=\"https:\/\/cdn-images-1.medium.com\/max\/960\/1*WTonfS027YMauYd87HweFQ.png\" alt=\"\"\/><\/figure><figure class=\"wp-block-image\"><img decoding=\"async\" src=\"https:\/\/cdn-images-1.medium.com\/max\/960\/1*XUn9MKW7gMdUX-IeDfOxag.png\" alt=\"\"\/><\/figure><p>Der Zweck der Zusammenfassung ist es, Ihrem Designb\u00fcro eine \"Schlussfolgerung\" zu geben, die einen \u00dcberblick bietet, auf den wir schnell zur\u00fcckgreifen k\u00f6nnen. Der Preis ist wichtig, weil wir so absch\u00e4tzen k\u00f6nnen, wie wir Ihnen helfen k\u00f6nnen, Priorit\u00e4ten bei den Funktionen zu setzen und wie viele wir aufnehmen sollen.<\/p><blockquote class=\"wp-block-quote is-layout-flow wp-block-quote-is-layout-flow\"><p><strong><em>Tipp: Entwurfskosten, Herstellungskosten und Einzelhandelspreise sind drei verschiedene Dinge.<\/em><\/strong><em>&nbsp;Verwechseln Sie nicht den gew\u00fcnschten Einzelhandelspreis f\u00fcr Ihr Produkt mit den Kosten f\u00fcr Design oder Prototyping. Da wir nicht nur entwerfen, sondern auch herstellen, ist es \u00fcblich, dass wir in der Entwurfsphase die Grunds\u00e4tze des Design for Manufacturing (DFM) anwenden, um einen bestimmten Herstellungspreis zu erreichen. Der gew\u00fcnschte Einzelhandelspreis erlaubt es uns, bei bestimmten Merkmalen mehr zu wagen oder konservativ zu sein. Wenn wir beispielsweise sehr scharfe Ecken in ein Kunststoffprodukt einbauen, steigen die Herstellungskosten im Vergleich zu abgerundeten Ecken. Das liegt vor allem daran, dass die verwendeten Werkzeuge nun ein spezielles Verfahren namens EDM (Electrical Discharge Machining) durchlaufen m\u00fcssen, das fast doppelt so viel kosten kann wie ein normales Werkzeug. Je nach den Anforderungen und dem Preis des Produkts k\u00f6nnen wir in der Entwurfsphase entscheiden, ob wir scharfe Ecken vorsehen wollen oder nicht.<\/em><\/p><\/blockquote><h4 class=\"wp-block-heading\"><strong>4. Wettbewerber<\/strong><\/h4><p>Informationen \u00fcber Wettbewerber sind wichtig, damit wir wissen, welche Produktpalette wir verbessern wollen und wie wir das erreichen k\u00f6nnen, ohne das Rad neu zu erfinden. Mit etwas Recherche k\u00f6nnen wir uns auf Produkte von Wettbewerbern beziehen und durch Reverse Engineering Kosten und Zeit f\u00fcr Forschung und Entwicklung einsparen. Wir k\u00f6nnen auch ihre Online-Pr\u00e4senz untersuchen und Produktbewertungen lesen, um herauszufinden, womit die Kunden unzufrieden sind und worauf wir reagieren k\u00f6nnten.<\/p><figure class=\"wp-block-image\"><img decoding=\"async\" src=\"https:\/\/cdn-images-1.medium.com\/max\/960\/1*-ZLwcjhZlV_OcBR0GxAMBA.png\" alt=\"\"\/><\/figure><p>Wir m\u00f6chten Details zu drei bis f\u00fcnf Konkurrenzprodukten sehen. Eine kleine Tabelle mit Zeilen und Spalten, in der diese Informationen dargestellt sind, ist hilfreich. Hier ist, was wir \u00fcber jedes Produkt wissen m\u00fcssen:<\/p><ul class=\"wp-block-list\"><li>Firmenname und Website<\/li><li>Name des Produkts<\/li><li>Abbildung des Produkts<\/li><li>Link zum Produkt<\/li><li>Einzelhandelspreis<\/li><li>Relevante technische Merkmale wie Stromverbrauch, Batterielebensdauer, Temperaturbereich, h\u00f6chste Lautst\u00e4rke usw.<\/li><li>Alleinstellungsmerkmale (USP) - beachten Sie hier, ob das Produkt eines Wettbewerbers im Vergleich zu anderen Produkten auf dem Markt kosteng\u00fcnstig ist, \u00fcber Fernbedienungsfunktionen verf\u00fcgt, leicht oder tragbar ist, eine automatische Abschaltung hat usw.<\/li><\/ul><h3 class=\"wp-block-heading\">Do's und Don'ts f\u00fcr die Pr\u00e4sentation Ihrer Produktidee<\/h3><p>Im Folgenden finden Sie eine kurze Liste mit Tipps und Tricks, die sich auf einige der am h\u00e4ufigsten gestellten Fragen und Kommentare unserer Kunden st\u00fctzt.<\/p><h4 class=\"wp-block-heading\"><strong>Die Do's<\/strong><\/h4><p><strong>Verwenden Sie f\u00fcr die Erstellung Ihrer Pr\u00e4sentation eine Publishing-Software, mit der Sie vertraut sind.&nbsp;<\/strong>Unsere Kunden haben uns ihre Ideen in vielen verschiedenen Formaten pr\u00e4sentiert. Es gibt nicht den einen richtigen Weg, aber alle guten Pr\u00e4sentationen enthalten die oben beschriebenen Abschnitte. Alles in allem spielt das Kommunikationsmittel keine Rolle, solange Sie die Informationen, die Ihr Designunternehmen wissen muss, klar formulieren. Unserer Erfahrung nach funktioniert Google Slides, die kostenlose Version von Powerpoint, gut, aber Sie k\u00f6nnen das Programm w\u00e4hlen, das f\u00fcr Sie am besten geeignet ist.<\/p><p><strong>F\u00fcgen Sie so viele visuelle Elemente wie m\u00f6glich ein.&nbsp;<\/strong>Je mehr Bildmaterial Sie haben, desto besser - aber nicht nur um der Bilder willen. Bildmaterial hilft uns, Ihre Idee zu verstehen. F\u00fcgen Sie also unbedingt Bilder von Konkurrenzprodukten und wichtigen Produktteilen oder -merkmalen hinzu, die Sie verbessern m\u00f6chten. Falls vorhanden, sollten Sie auch Bilder von Konkurrenzprodukten in Aktion zeigen.<\/p><p><strong>Begrenzen Sie die Textmenge, die Sie einf\u00fcgen.<\/strong>&nbsp;Sie k\u00f6nnen einige Details und Erkl\u00e4rungen in den Notizen der Pr\u00e4sentation wiedergeben, aber machen Sie sie nicht zu textlastig. Sie sollten die Gelegenheit haben, mit dem Unternehmen \u00fcber die Pr\u00e4sentation zu sprechen, und dann k\u00f6nnen Sie mehr ins Detail gehen.<\/p><p><strong>Vereinbaren Sie ein Treffen, um Ihre Idee und Ihre Pr\u00e4sentation zu besprechen.&nbsp;<\/strong>Sie sollten immer ein pers\u00f6nliches Treffen, ein Telefongespr\u00e4ch oder einen Videochat abhalten, um Ihre Produktidee und die entsprechende Pr\u00e4sentation zu besprechen. Versuchen Sie nicht, Ihre Pr\u00e4sentation per E-Mail oder \u00fcber ein anderes Nachrichtensystem zu besprechen. Wenn jemand vor Ort ist, setzen wir uns in der Regel mit einem von ihm produzierten Prototyp oder dem Produkt eines Konkurrenten zu einem Treffen zusammen. Viele unserer Kunden kommen jedoch von au\u00dferhalb, und wenn das der Fall ist, machen wir einen Videochat oder einen Telefonanruf. Aber wir brauchen unbedingt Vorabinformationen, z. B. eine kurze Pr\u00e4sentation, wie wir sie in diesem Artikel beschrieben haben - damit wir wissen, wovon der Kunde spricht. Au\u00dferdem ist es f\u00fcr unsere Projektmanager hilfreich, etwas zur Hand zu haben, bevor sie ein SOW (Statement of Work) schreiben, das die Richtung des Projekts vorgibt.<\/p><h4 class=\"wp-block-heading\">Die Do's<\/h4><p>Wir haben schon gut durchdachte Pr\u00e4sentationen von Produktideen gesehen, die zu effizienten und effektiven Entw\u00fcrfen gef\u00fchrt haben. Wir haben aber auch schon Kunden getroffen, die zwar eine coole Idee hatten, diese aber nicht ausreichend durchdacht haben, bevor sie sie mit uns besprachen. Potenzielle Kunden, die zur letztgenannten Gruppe geh\u00f6ren, sind eher frustriert und gehen, ohne einen Kostenvoranschlag zu erhalten - nur weil wir nicht gen\u00fcgend Informationen hatten, um mit ihnen zu arbeiten. Um das Beste aus unserer Zeit und Ihrer Erfahrung zu machen, sind hier einige Dinge, die Sie nicht tun sollten:<\/p><p><strong>Bitten Sie nicht um einen Kostenvoranschlag, ohne ausreichende Angaben zu machen<\/strong>. Wir sind nicht in der Lage, Ihnen einen Kostenvoranschlag zu geben, wenn Sie nicht ausreichend Informationen \u00fcber die von Ihnen gew\u00fcnschte Gestaltung haben.<\/p><p><strong>Pr\u00e4sentieren Sie Ihre Idee nicht am Telefon ohne zus\u00e4tzliches Bildmaterial.<\/strong>&nbsp;Die Leute haben versucht, mit uns zu telefonieren und uns ihre Idee ohne konkrete Informationen oder eine Pr\u00e4sentation zu erkl\u00e4ren. Das funktioniert nicht. Wir brauchen etwas, mit dem wir arbeiten k\u00f6nnen, um Ihr Projekt zu starten. Schicken Sie uns ein paar Bilder per E-Mail, dann k\u00f6nnen wir ein Treffen vereinbaren.<\/p><p><strong>Machen Sie die Produktidee nicht zu breit und sagen Sie dem Designb\u00fcro nicht, dass es einfach irgendeine Design- oder \u00e4sthetische Richtung w\u00e4hlen soll.<\/strong>. Wenn Sie Ihr Designb\u00fcro bitten, \"einfach ein paar Entw\u00fcrfe vorzulegen\", gibt uns das nicht gen\u00fcgend Anhaltspunkte, um zu bestimmen, wie wir ein effektives Design erstellen k\u00f6nnen, das ein Problem l\u00f6st. Wenn wir Ihnen 10 Ideen vorlegen w\u00fcrden, von denen Ihnen keine gef\u00e4llt, w\u00fcrden Sie Ihre Zeit und Ihr Geld verschwenden. Ihre Idee muss in irgendeiner Weise eingeschr\u00e4nkt sein.<\/p><p>Originalartikel: https:\/\/www.jayconsystems.com\/tutorials\/how-to-present-your-product-idea-to-a-design-firm-17\/<\/p>","protected":false},"excerpt":{"rendered":"<p>How to Present Your Product Idea to a Design&nbsp;FirmYou have a product idea you want to take to market. Now&nbsp;what?Aspiring entrepreneur, tinker, engineer\u2026Your mind runs 1,000 miles per hour thinking of the many different ways you can improve your environment. Just recently you have come up with a product idea that you know can benefit [&hellip;]<\/p>\n","protected":false},"author":11,"featured_media":0,"parent":0,"menu_order":0,"comment_status":"closed","ping_status":"closed","template":"","meta":{"footnotes":""},"class_list":["post-2432","page","type-page","status-publish","hentry"],"blocksy_meta":{"styles_descriptor":{"styles":{"desktop":"","tablet":"","mobile":""},"google_fonts":[],"version":6}},"_links":{"self":[{"href":"https:\/\/www.plasticmoulds.net\/de\/wp-json\/wp\/v2\/pages\/2432","targetHints":{"allow":["GET"]}}],"collection":[{"href":"https:\/\/www.plasticmoulds.net\/de\/wp-json\/wp\/v2\/pages"}],"about":[{"href":"https:\/\/www.plasticmoulds.net\/de\/wp-json\/wp\/v2\/types\/page"}],"author":[{"embeddable":true,"href":"https:\/\/www.plasticmoulds.net\/de\/wp-json\/wp\/v2\/users\/11"}],"replies":[{"embeddable":true,"href":"https:\/\/www.plasticmoulds.net\/de\/wp-json\/wp\/v2\/comments?post=2432"}],"version-history":[{"count":0,"href":"https:\/\/www.plasticmoulds.net\/de\/wp-json\/wp\/v2\/pages\/2432\/revisions"}],"wp:attachment":[{"href":"https:\/\/www.plasticmoulds.net\/de\/wp-json\/wp\/v2\/media?parent=2432"}],"curies":[{"name":"wp","href":"https:\/\/api.w.org\/{rel}","templated":true}]}}