{"id":2218,"date":"2018-09-16T11:18:00","date_gmt":"2018-09-16T03:18:00","guid":{"rendered":"https:\/\/plasticmoulds.net\/?page_id=2218"},"modified":"2021-05-29T16:19:45","modified_gmt":"2021-05-29T08:19:45","slug":"formen-aus-china-bestellen","status":"publish","type":"page","link":"https:\/\/www.plasticmoulds.net\/de\/order-mould-from-china","title":{"rendered":"Bestellung von Gussformen aus China"},"content":{"rendered":"<h2><span style=\"color: #008080;\">Wie bestelle ich eine Kunststoffform aus China?<\/span><\/h2><p>Bedauerlicherweise gibt es keine voreingestellten Richtlinien f\u00fcr <a href=\"https:\/\/plasticmoulds.net\/buy-plastic-mold-from-china\">Wie kaufe ich eine neue Spritzgussform aus China?<\/a>.<\/p><p>W\u00e4hrend Sie die <a href=\"https:\/\/plasticmoulds.net\/plastic-mold-procurement-process.html\">Verfahren<\/a>Sie m\u00fcssen jedoch notieren, welche Aufgaben funktionieren und welche nicht, und diese Checkliste aufschreiben; beim n\u00e4chsten Mal k\u00f6nnen Sie einen Auftrag erteilen und ihn leichter erstellen.<\/p><p>Wenn Sie anfangen, m\u00fcssen Sie Ihre Priorit\u00e4ten festlegen.<\/p><div style=\"width: 640px;\" class=\"wp-video\"><video class=\"wp-video-shortcode\" id=\"video-2218-1\" width=\"640\" height=\"360\" preload=\"metadata\" controls=\"controls\"><source type=\"video\/mp4\" src=\"https:\/\/res.cloudinary.com\/dl8a9jvpa\/video\/upload\/v1572574321\/plastic%20mold.mp4?_=1\" \/><a href=\"https:\/\/res.cloudinary.com\/dl8a9jvpa\/video\/upload\/v1572574321\/plastic%20mold.mp4\" target=\"_blank\" rel=\"noopener\">https:\/\/res.cloudinary.com\/dl8a9jvpa\/video\/upload\/v1572574321\/plastic%20mold.mp4<\/a><\/video><\/div><p>Machen Sie sich in dieser Phase keine Gedanken \u00fcber die Werkzeuge - das hilft Ihnen nicht wirklich dabei, die Kosten niedrig zu halten.<\/p><p>Stattdessen m\u00fcssen Sie mit einem angemessenen Produktpreis und einer voraussichtlichen Jahresmenge beginnen.<\/p><p>Auf dieser Grundlage werden die Anzahl der ben\u00f6tigten Kavit\u00e4ten und die Anforderungen an die Kunststoffspritzmaschine ermittelt.<\/p><p>Wenn Sie diese im Kopf haben, k\u00f6nnen Sie eine <a href=\"https:\/\/plasticmoulds.net\/contact-us\">Preisangebot<\/a> der Produktpreise und bestimmen Sie die Ergebnisse, die Sie ben\u00f6tigen, um Einnahmen aus der Produktion zu erzielen.<\/p><p><img loading=\"lazy\" decoding=\"async\" class=\"alignnone wp-image-3237\" src=\"https:\/\/plasticmoulds.net\/wp-content\/uploads\/2020\/04\/plastic-mold-4_rxsrow_n3bpql_sufjxm.jpg\" alt=\"Plastikform\" width=\"874\" height=\"320\" srcset=\"https:\/\/www.plasticmoulds.net\/wp-content\/uploads\/2020\/04\/plastic-mold-4_rxsrow_n3bpql_sufjxm.jpg 874w, https:\/\/www.plasticmoulds.net\/wp-content\/uploads\/2020\/04\/plastic-mold-4_rxsrow_n3bpql_sufjxm-300x110.jpg 300w, https:\/\/www.plasticmoulds.net\/wp-content\/uploads\/2020\/04\/plastic-mold-4_rxsrow_n3bpql_sufjxm-768x281.jpg 768w\" sizes=\"auto, (max-width: 874px) 100vw, 874px\" \/><\/p><p>Diese Informationen sind das absolute Minimum, das Sie ben\u00f6tigen, um mit der Erstellung der Anforderungen f\u00fcr Ihre neue Spritzgussform zu beginnen.<\/p><p>Es ist eine gute Idee, die Kosten f\u00fcr chinesische und amerikanische oder europ\u00e4ische Formen regelm\u00e4\u00dfig zu vergleichen, damit Sie sicher sein k\u00f6nnen, dass Sie die beste Wahl treffen. <a href=\"https:\/\/plasticmoulds.net\/9-tips-make-to-buy-plastic-mold-from-china-easily.html\">feinste Kosteneinsparungen realisierbar<\/a>.<\/p><p>Denken Sie daran, dass der Preis der Form selbst nicht das Wichtigste ist - vielmehr m\u00fcssen Sie den Kostensatz dessen ber\u00fccksichtigen, was mit der Form hergestellt werden soll.<\/p><p>Die Form kann in diesem Fall ge\u00e4ndert werden - zum Beispiel, wenn Sie nur <a href=\"https:\/\/plasticmoulds.net\/injection-molding-company\">eine geringe Menge des Produkts<\/a>Zu diesem Zeitpunkt machen die Kosten f\u00fcr die Form einen gro\u00dfen Teil des Produktpreises aus.<\/p><p>In diesem Fall sollten Sie versuchen, die Formrate zu senken, indem Sie die Anzahl der Kavit\u00e4ten reduzieren oder m\u00f6glicherweise eine ungeh\u00e4rtete oder Aluminiumform in Betracht ziehen.<\/p><p><img loading=\"lazy\" decoding=\"async\" class=\"aligncenter wp-image-3238\" src=\"https:\/\/plasticmoulds.net\/wp-content\/uploads\/2020\/04\/mmexport1502669208636_1-1_ddwaqu-1.jpg\" alt=\"china plastik formhersteller\" width=\"795\" height=\"596\" srcset=\"https:\/\/www.plasticmoulds.net\/wp-content\/uploads\/2020\/04\/mmexport1502669208636_1-1_ddwaqu-1.jpg 500w, https:\/\/www.plasticmoulds.net\/wp-content\/uploads\/2020\/04\/mmexport1502669208636_1-1_ddwaqu-1-300x225.jpg 300w\" sizes=\"auto, (max-width: 795px) 100vw, 795px\" \/><\/p><p>F\u00fcr ein perfektes Produktlayout sind mehrere andere Faktoren wichtig.<\/p><p>Von der <a href=\"https:\/\/plasticmoulds.net\/design#wall-thickness\">Wandst\u00e4rke<\/a> und Durchflussl\u00e4nge auf die H\u00f6he des erforderlichen Drucks und die <a href=\"https:\/\/plasticmoulds.net\/identify-the-plastic-material.html\">erwartetes Harz<\/a>m\u00fcssen viele ber\u00fccksichtigt werden.<\/p><p>Wenn zum Beispiel h\u00f6here Einspritzdr\u00fccke erforderlich sind, sollten mehr <a href=\"https:\/\/plasticmoulds.net\/gates-design.html\">Tore<\/a> wird sicherlich notwendig sein, um einen Teil des Stresses abzubauen.<\/p><p>Wenn Sie sich mit Formenherstellern aus China beraten, sollten Sie sich erkundigen, ob das chinesische Formenbauunternehmen bereits die von Ihnen ben\u00f6tigten Formen hergestellt hat.<\/p><p>Sie sollten sich auch die Bewertungen fr\u00fcherer Kunden ansehen, die bereits in China eingekauft haben, und, wenn m\u00f6glich, den Betrieb besichtigen, um sich selbst ein Bild davon zu machen, wie die Kunststoffformen, die Werkzeuge und der Fertigungsbereich hergestellt werden.<\/p><p>Auf diese Weise k\u00f6nnen Sie sich ein Bild davon machen, wie viel Ressourcen sie in die Herstellung von Formen stecken, so dass Sie \u00fcberpr\u00fcfen k\u00f6nnen, ob sie der Aufgabe gewachsen sind, Ihre Formen herzustellen.<\/p>","protected":false},"excerpt":{"rendered":"<p>How do I go about ordering a plastic mold from China?Regrettably, there are no preset policies for how to buy a new injection mold from China.As you read the procedure, though, you must note down what jobs work and what doesn&#8217;t and write down this checklist; the next time, you could assign an order and [&hellip;]<\/p>\n","protected":false},"author":11,"featured_media":0,"parent":0,"menu_order":0,"comment_status":"closed","ping_status":"closed","template":"","meta":{"footnotes":""},"class_list":["post-2218","page","type-page","status-publish","hentry"],"blocksy_meta":{"styles_descriptor":{"styles":{"desktop":"","tablet":"","mobile":""},"google_fonts":[],"version":6}},"_links":{"self":[{"href":"https:\/\/www.plasticmoulds.net\/de\/wp-json\/wp\/v2\/pages\/2218","targetHints":{"allow":["GET"]}}],"collection":[{"href":"https:\/\/www.plasticmoulds.net\/de\/wp-json\/wp\/v2\/pages"}],"about":[{"href":"https:\/\/www.plasticmoulds.net\/de\/wp-json\/wp\/v2\/types\/page"}],"author":[{"embeddable":true,"href":"https:\/\/www.plasticmoulds.net\/de\/wp-json\/wp\/v2\/users\/11"}],"replies":[{"embeddable":true,"href":"https:\/\/www.plasticmoulds.net\/de\/wp-json\/wp\/v2\/comments?post=2218"}],"version-history":[{"count":0,"href":"https:\/\/www.plasticmoulds.net\/de\/wp-json\/wp\/v2\/pages\/2218\/revisions"}],"wp:attachment":[{"href":"https:\/\/www.plasticmoulds.net\/de\/wp-json\/wp\/v2\/media?parent=2218"}],"curies":[{"name":"wp","href":"https:\/\/api.w.org\/{rel}","templated":true}]}}