{"id":11374,"date":"2023-08-18T14:30:00","date_gmt":"2023-08-18T06:30:00","guid":{"rendered":"https:\/\/plasticmoulds.net\/?page_id=11374"},"modified":"2023-08-18T15:04:38","modified_gmt":"2023-08-18T07:04:38","slug":"prazise-anleitung-zum-spritzgiesen","status":"publish","type":"page","link":"https:\/\/www.plasticmoulds.net\/de\/precise-injection-molding-guide","title":{"rendered":"Entmystifizierung des Pr\u00e4zisionsspritzgie\u00dfens: Ein Leitfaden f\u00fcr Einsteiger"},"content":{"rendered":"<p>Das Pr\u00e4zisionsspritzgie\u00dfen ist ein zentrales Verfahren im Bereich der Fertigung, das die Herstellung von Kunststoffteilen erm\u00f6glicht, die sich durch besonders enge Toleranzen, komplizierte Geometrien und pr\u00e4zise Details auszeichnen. <\/p><div class=\"wp-block-rank-math-toc-block has-cyan-bluish-gray-background-color has-background\" style=\"margin-top:0;margin-right:0;margin-bottom:0;margin-left:0;padding-top:var(--wp--preset--spacing--40);padding-right:0;padding-bottom:var(--wp--preset--spacing--40);padding-left:0\" id=\"rank-math-toc\"><h2>Inhalts\u00fcbersicht<\/h2><nav><ul><li><a href=\"#the-essence-of-precise-injection-molding\">Die Essenz des pr\u00e4zisen Spritzgie\u00dfens<\/a><\/li><li><a href=\"#rationale-behind-embracing-precise-injection-molding\">Gr\u00fcnde f\u00fcr die Einf\u00fchrung des Pr\u00e4zisionsspritzgie\u00dfens<\/a><\/li><li><a href=\"#applications-of-the-craft\">Anwendungen des Handwerks<\/a><ul><li><a href=\"#optical-components\">Optische Komponenten<\/a><\/li><li><a href=\"#medical-devices\">Medizinische Ger\u00e4te<\/a><\/li><li><a href=\"#electronics\">Elektronik<\/a><\/li><li><a href=\"#automotive\">Automobilindustrie<\/a><\/li><\/ul><\/li><li><a href=\"#inner-workings-of-precise-injection-molding\">Das Innenleben des Pr\u00e4zisionsspritzgie\u00dfens<\/a><\/li><li><a href=\"#equipment-essential-for-precise-injection-molding\">Unverzichtbare Ausr\u00fcstung f\u00fcr pr\u00e4zises Spritzgie\u00dfen<\/a><\/li><li><a href=\"#critical-aspects-of-design-in-precise-injection-molding\">Kritische Aspekte des Designs beim Pr\u00e4zisionsspritzgie\u00dfen<\/a><ul><\/ul><\/li><li><a href=\"#balancing-act-advantages-and-disadvantages\">Balanceakt: Vorteile und Nachteile<\/a><ul><li><a href=\"#advantages\">Vorteile<\/a><\/li><li><a href=\"#limitations\">Beschr\u00e4nkungen<\/a><\/li><\/ul><\/li><li><a href=\"#in-summation\">Zusammengefasst<\/a><\/li><\/ul><\/nav><\/div><p>Dieses aufw\u00e4ndige Verfahren erm\u00f6glicht die Herstellung komplizierter Bauteile, die mit herk\u00f6mmlichen Spritzgusstechniken nicht zu realisieren w\u00e4ren.<\/p><p>Dieser umfassende Leitfaden taucht in die Tiefen der <a href=\"https:\/\/plasticmoulds.net\/precise-injection-molding-guide\">pr\u00e4zises Spritzgie\u00dfen<\/a>und bietet eine gr\u00fcndliche Untersuchung der Mechanik, der wichtigsten Vorteile und der verwendeten Ausr\u00fcstung, <a href=\"https:\/\/plasticmoulds.net\/design\">Design\u00fcberlegungen<\/a>und mehr. <\/p><p>Auf diesen Seiten erhalten Sie ein umfassendes Verst\u00e4ndnis dieses speziellen Formgebungsverfahrens, das ein Eckpfeiler f\u00fcr die Herstellung von Optik, medizinischen Instrumenten, Elektronik und anderen Produkten ist, die eine unvergleichliche Pr\u00e4zision erfordern.<\/p><figure class=\"wp-block-gallery has-nested-images columns-2 is-cropped wp-block-gallery-1 is-layout-flex wp-block-gallery-is-layout-flex\"><figure class=\"wp-block-image size-large\"><a href=\"https:\/\/plasticmoulds.net\/wp-content\/uploads\/2020\/05\/13_6355400436859375009021169-850x440-850x440-960x400_qyzsza-2.jpg\"><img loading=\"lazy\" decoding=\"async\" width=\"960\" height=\"400\" data-id=\"2991\" src=\"https:\/\/plasticmoulds.net\/wp-content\/uploads\/2020\/05\/13_6355400436859375009021169-850x440-850x440-960x400_qyzsza-2.jpg\" alt=\"ABS-Spritzgie\u00dfen\" class=\"wp-image-2991\" srcset=\"https:\/\/www.plasticmoulds.net\/wp-content\/uploads\/2020\/05\/13_6355400436859375009021169-850x440-850x440-960x400_qyzsza-2.jpg 960w, https:\/\/www.plasticmoulds.net\/wp-content\/uploads\/2020\/05\/13_6355400436859375009021169-850x440-850x440-960x400_qyzsza-2-300x125.jpg 300w, https:\/\/www.plasticmoulds.net\/wp-content\/uploads\/2020\/05\/13_6355400436859375009021169-850x440-850x440-960x400_qyzsza-2-768x320.jpg 768w\" sizes=\"auto, (max-width: 960px) 100vw, 960px\" \/><\/a><figcaption>ABS-Teil<\/figcaption><\/figure><figure class=\"wp-block-image size-large\"><a href=\"https:\/\/plasticmoulds.net\/wp-content\/uploads\/2020\/04\/10_6355400066914062509958492-850x440-850x440-960x400_hrghem.jpg\"><img loading=\"lazy\" decoding=\"async\" width=\"960\" height=\"400\" data-id=\"896\" src=\"https:\/\/plasticmoulds.net\/wp-content\/uploads\/2020\/04\/10_6355400066914062509958492-850x440-850x440-960x400_hrghem.jpg\" alt=\"abs spritzgie\u00dfen\" class=\"wp-image-896\" srcset=\"https:\/\/www.plasticmoulds.net\/wp-content\/uploads\/2020\/04\/10_6355400066914062509958492-850x440-850x440-960x400_hrghem.jpg 960w, https:\/\/www.plasticmoulds.net\/wp-content\/uploads\/2020\/04\/10_6355400066914062509958492-850x440-850x440-960x400_hrghem-300x125.jpg 300w, https:\/\/www.plasticmoulds.net\/wp-content\/uploads\/2020\/04\/10_6355400066914062509958492-850x440-850x440-960x400_hrghem-768x320.jpg 768w\" sizes=\"auto, (max-width: 960px) 100vw, 960px\" \/><\/a><figcaption>abs spritzgie\u00dfen<\/figcaption><\/figure><figure class=\"wp-block-image size-large\"><a href=\"https:\/\/plasticmoulds.net\/wp-content\/uploads\/2020\/04\/9_6355383606192187508622081-850x440-850x440-960x400_zp07wv.jpg\"><img loading=\"lazy\" decoding=\"async\" width=\"960\" height=\"400\" data-id=\"897\" src=\"https:\/\/plasticmoulds.net\/wp-content\/uploads\/2020\/04\/9_6355383606192187508622081-850x440-850x440-960x400_zp07wv.jpg\" alt=\"abs plastik spritzguss\" class=\"wp-image-897\" srcset=\"https:\/\/www.plasticmoulds.net\/wp-content\/uploads\/2020\/04\/9_6355383606192187508622081-850x440-850x440-960x400_zp07wv.jpg 960w, https:\/\/www.plasticmoulds.net\/wp-content\/uploads\/2020\/04\/9_6355383606192187508622081-850x440-850x440-960x400_zp07wv-300x125.jpg 300w, https:\/\/www.plasticmoulds.net\/wp-content\/uploads\/2020\/04\/9_6355383606192187508622081-850x440-850x440-960x400_zp07wv-768x320.jpg 768w\" sizes=\"auto, (max-width: 960px) 100vw, 960px\" \/><\/a><figcaption>China ABS-Spritzgie\u00dfen<\/figcaption><\/figure><figure class=\"wp-block-image size-large\"><a href=\"https:\/\/plasticmoulds.net\/wp-content\/uploads\/2020\/05\/12_6355400426853125009725073-850x440-850x440-960x400_w5q2fp.jpg\"><img loading=\"lazy\" decoding=\"async\" width=\"960\" height=\"400\" data-id=\"898\" src=\"https:\/\/plasticmoulds.net\/wp-content\/uploads\/2020\/05\/12_6355400426853125009725073-850x440-850x440-960x400_w5q2fp.jpg\" alt=\"Abs-Einspritzung\" class=\"wp-image-898\" srcset=\"https:\/\/www.plasticmoulds.net\/wp-content\/uploads\/2020\/05\/12_6355400426853125009725073-850x440-850x440-960x400_w5q2fp.jpg 960w, https:\/\/www.plasticmoulds.net\/wp-content\/uploads\/2020\/05\/12_6355400426853125009725073-850x440-850x440-960x400_w5q2fp-300x125.jpg 300w, https:\/\/www.plasticmoulds.net\/wp-content\/uploads\/2020\/05\/12_6355400426853125009725073-850x440-850x440-960x400_w5q2fp-768x320.jpg 768w\" sizes=\"auto, (max-width: 960px) 100vw, 960px\" \/><\/a><figcaption>ABS-Spritzgie\u00dfen<\/figcaption><\/figure><figure class=\"wp-block-image size-large\"><a href=\"https:\/\/plasticmoulds.net\/wp-content\/uploads\/2017\/12\/6_1.png\"><img loading=\"lazy\" decoding=\"async\" width=\"700\" height=\"353\" data-id=\"901\" src=\"https:\/\/plasticmoulds.net\/wp-content\/uploads\/2017\/12\/6_1.png\" alt=\"Abs-Formen\" class=\"wp-image-901\" srcset=\"https:\/\/www.plasticmoulds.net\/wp-content\/uploads\/2017\/12\/6_1.png 700w, https:\/\/www.plasticmoulds.net\/wp-content\/uploads\/2017\/12\/6_1-300x151.png 300w\" sizes=\"auto, (max-width: 700px) 100vw, 700px\" \/><\/a><figcaption>ABS-Spritzguss<\/figcaption><\/figure><figure class=\"wp-block-image size-large\"><a href=\"https:\/\/plasticmoulds.net\/wp-content\/uploads\/2018\/01\/china-plastic-molding_crbyqu.png\"><img loading=\"lazy\" decoding=\"async\" width=\"700\" height=\"454\" data-id=\"910\" src=\"https:\/\/plasticmoulds.net\/wp-content\/uploads\/2018\/01\/china-plastic-molding_crbyqu.png\" alt=\"abs kunststoffspritzguss\" class=\"wp-image-910\" srcset=\"https:\/\/www.plasticmoulds.net\/wp-content\/uploads\/2018\/01\/china-plastic-molding_crbyqu.png 700w, https:\/\/www.plasticmoulds.net\/wp-content\/uploads\/2018\/01\/china-plastic-molding_crbyqu-300x195.png 300w\" sizes=\"auto, (max-width: 700px) 100vw, 700px\" \/><\/a><figcaption>Polycarbonat-Spritzgie\u00dfen<\/figcaption><\/figure><\/figure><h2 class=\"wp-block-heading\" id=\"the-essence-of-precise-injection-molding\"><strong>Die Essenz des pr\u00e4zisen Spritzgie\u00dfens<\/strong><\/h2><p>Das Pr\u00e4zisions- und Pr\u00e4zisionsspritzgie\u00dfen ist eine spezielle Variante des <a href=\"https:\/\/plasticmoulds.net\/injection-molding-process\">konventionelles Spritzgie\u00dfen<\/a> Methodik etabliert sich als eine weiterentwickelte Form ihres Vorg\u00e4ngers. W\u00e4hrend beim herk\u00f6mmlichen Spritzgie\u00dfen Toleranzen von \u00b10,005 Zoll erreicht werden, werden beim Pr\u00e4zisionsspritzgie\u00dfen Toleranzen von \u00b10,001 Zoll oder noch engere Toleranzen erreicht.<\/p><p>Dieses au\u00dfergew\u00f6hnliche Pr\u00e4zisionsniveau erm\u00f6glicht die Herstellung von Kunststoffteilen von au\u00dferordentlicher Komplexit\u00e4t, die sich durch passgenaue Baugruppen, Oberfl\u00e4chen in optischer Qualit\u00e4t und mikroskopisch detaillierte Merkmale auszeichnen.<\/p><div class=\"wp-block-columns is-layout-flex wp-container-core-columns-is-layout-28f84493 wp-block-columns-is-layout-flex\"><div class=\"wp-block-column is-layout-flow wp-block-column-is-layout-flow\" style=\"flex-basis:100%\"><div class=\"wp-block-qubely-button qubely-block-268c17\" data-qubelyanimation=\"{&quot;animation&quot;:&quot;bounce&quot;,&quot;name&quot;:&quot;bounceCenter&quot;,&quot;repeat&quot;:&quot;once&quot;,&quot;direction&quot;:&quot;Center&quot;,&quot;duration&quot;:1000,&quot;delay&quot;:0,&quot;curve&quot;:&quot;ease-in-out&quot;,&quot;openAnimation&quot;:1}\"><div class=\"qubely-block-btn-wrapper\"><div class=\"qubely-block-btn\"><a class=\"qubely-block-btn-anchor is-custom\" href=\"https:\/\/plasticmoulds.net\/contact-us\"><i class=\"qubely-btn-icon fas fa-arrow-alt-circle-right\"><\/i>KOSTENLOSES ANGEBOT EINHOLEN-30% NIEDRIGER,15 TAGE WENIGER<\/a><\/div><\/div><\/div><\/div><\/div><h2 class=\"wp-block-heading\" id=\"rationale-behind-embracing-precise-injection-molding\">Gr\u00fcnde f\u00fcr die Einf\u00fchrung des Pr\u00e4zisionsspritzgie\u00dfens<\/h2><p>Mehrere zwingende Faktoren unterstreichen die Neigung der Hersteller, das Pr\u00e4zisionsspritzgie\u00dfen gegen\u00fcber dem konventionellen Ansatz zu w\u00e4hlen:<\/p><ol class=\"wp-block-list\"><li>Die Herstellung von Kunststoffteilen erfordert genaue Ma\u00dftoleranzen.<\/li><li>Formung komplexer Geometrien und komplizierter Details, die sich konventionellen Methoden entziehen w\u00fcrden.<\/li><li>Herstellung von Kunststoffbauteilen mit optisch hochwertigen Oberfl\u00e4cheng\u00fcten.<\/li><li>Erleichterung des Zusammenbaus von hochpr\u00e4zisen Strukturen, die aus miteinander verbundenen Kunststoffelementen bestehen.<\/li><li>Schnelles Herstellen von detailreichen Pr\u00e4zisionskunststoffteilen.<\/li><li>Ersetzen von maschinell bearbeiteten Metallteilen durch geformten Kunststoff, um die L\u00fccke zwischen Design und Produktion zu schlie\u00dfen.<\/li><\/ol><p>Branchen wie <a href=\"https:\/\/plasticmoulds.net\/polycarbonate-injection-molding\">Optik<\/a>, <a href=\"https:\/\/plasticmoulds.net\/china-medical-device-injection-molding-company\">medizinische Ger\u00e4te<\/a>Elektronik, und <a href=\"https:\/\/plasticmoulds.net\/automotive-injection-molding\">Automobil<\/a> sind gl\u00fchende Verfechter des Pr\u00e4zisionsspritzgie\u00dfens, da sie sich auf dessen F\u00e4higkeit st\u00fctzen, Kunststoffteile von unvergleichlicher Genauigkeit herzustellen.<\/p><h2 class=\"wp-block-heading\" id=\"applications-of-the-craft\">Anwendungen des Handwerks<\/h2><p>Das Anwendungsspektrum von Kunststoffteilen, die im Pr\u00e4zisionsspritzgussverfahren hergestellt werden, erstreckt sich auf folgende Bereiche<\/p><h3 class=\"wp-block-heading\" id=\"optical-components\">Optische Komponenten<\/h3><p>Die Pr\u00e4zisionsoptik mit ihren Linsen, Prismen, Spiegeln, Schirmen, Lichtleitern und anderen optischen Bauteilen verdankt ihre Existenz dieser Methode.<\/p><h3 class=\"wp-block-heading\" id=\"medical-devices\">Medizinische Ger\u00e4te<\/h3><p>Von Inhalatoren bis hin zu chirurgischen Instrumenten - die makellosen, zuverl\u00e4ssigen Kunststoffteile, die f\u00fcr medizinische Ger\u00e4te unerl\u00e4sslich sind, haben ihren Ursprung im pr\u00e4zisen Spritzguss.<\/p><h3 class=\"wp-block-heading\" id=\"electronics\">Elektronik<\/h3><p>Mit dieser Technik werden Pr\u00e4zisionskunststoffgeh\u00e4use, Steckverbinder, Isolatoren und andere Elemente hergestellt, die auf die anspruchsvollen Toleranzen der Elektronik zugeschnitten sind.<\/p><h3 class=\"wp-block-heading\" id=\"automotive\">Automobilindustrie<\/h3><p>Kritische Automobil-Kunststoffteile, von Scheinwerfern \u00fcber Armaturenbretter bis hin zu Au\u00dfenverkleidungen, werden mit pr\u00e4zisen Spritzgusstechniken hergestellt.<\/p><h2 class=\"wp-block-heading\" id=\"inner-workings-of-precise-injection-molding\">Das Innenleben des Pr\u00e4zisionsspritzgie\u00dfens<\/h2><p>Obwohl es eine grundlegende Verwandtschaft mit dem traditionellen Spritzgie\u00dfen aufweist, liegt das Wesen des Pr\u00e4zisionsspritzgie\u00dfens in der speziellen Ausr\u00fcstung, mit der unvergleichliche Toleranzen und Konsistenz erreicht werden k\u00f6nnen:<\/p><ol class=\"wp-block-list\"><li><strong>Sorgf\u00e4ltige Formgestaltung<\/strong><br>Die <a href=\"https:\/\/plasticmoulds.net\/what-is-plastic-mold.html\">Formenbau<\/a> umfasst die CNC-Bearbeitung, um Toleranzen von 5 Mikrometern oder weniger zu erreichen. Jeder Aspekt, einschlie\u00dflich Oberfl\u00e4cheng\u00fcte, K\u00fchlmechanismen, Auswerfer und mehr, wird optimiert.<\/li><li><strong>Fortschrittliche Spritzgie\u00dfmaschinen<\/strong><br>Hochentwickelte Kontrollsysteme regeln sorgf\u00e4ltig kritische Parameter wie Temperatur, Plastifizierung, Einspritzgeschwindigkeit\/-druck und Schlie\u00dfkraft und gew\u00e4hrleisten so die Reproduzierbarkeit.<\/li><li><strong>Spezialisierte Kunststoffmaterialien<\/strong><br>Spezielle Harze mit sehr gleichm\u00e4\u00dfigen Schmelzeigenschaften, minimaler Schrumpfung und vernachl\u00e4ssigbarem Verzug werden eingesetzt, um exakte Toleranzen zu erreichen.<\/li><li><strong>Der Formprozess an sich<\/strong><br>Wenn die Pr\u00e4zisionsform sicher eingespannt ist, wird der Kunststoff unter idealen Temperatur-, Geschwindigkeits- und Druckbedingungen eingespritzt, um die Kavit\u00e4t vollst\u00e4ndig zu f\u00fcllen.<\/li><li><strong>M\u00fchelose Entformung<\/strong><br>Nach ausreichender Abk\u00fchlung wird das verfestigte Kunststoffteil sorgf\u00e4ltig aus der Form entnommen. Diese Teile zeichnen sich durch mikroglatte Oberfl\u00e4chen und unglaublich enge Toleranzen aus.<\/li><li><strong>Sekund\u00e4re Operationen (je nach Bedarf)<\/strong><br>Um das endg\u00fcltige Bauteil zu erhalten, k\u00f6nnen zus\u00e4tzliche Verfahren wie Kleben, Beschichten oder Montieren eingesetzt werden.<\/li><\/ol><h2 class=\"wp-block-heading\" id=\"equipment-essential-for-precise-injection-molding\">Unverzichtbare Ausr\u00fcstung f\u00fcr pr\u00e4zises Spritzgie\u00dfen<\/h2><p>Die erfolgreiche Durchf\u00fchrung dieser Technik h\u00e4ngt von einer speziellen Ausr\u00fcstung ab:<\/p><ol class=\"wp-block-list\"><li>Pr\u00e4zisions-Spritzgie\u00dfmaschinen<br>Diese Maschinen werden als Pr\u00e4zisionspressen bezeichnet und bieten:<\/li><\/ol><ul class=\"wp-block-list\"><li>Verbesserte Einspritzdruckkapazit\u00e4t von bis zu 4000 psi.<\/li><li>Pr\u00e4zisionsgesteuerte, programmierbare Prozessparameter.<\/li><li>Wiederholt pr\u00e4zises Einspannen und Auswerfen.<\/li><li>Konsistenz von Temperatur und Geschwindigkeit.<\/li><li>Pr\u00e4zisionsformaufspannplatten.<\/li><\/ul><ol class=\"wp-block-list\"><li>Pr\u00e4zisionsstahlformen<br>Die Genauigkeit dieser sorgf\u00e4ltig gefertigten Werkzeuge liegt im Bereich von unter 5 Mikrometern. Bemerkenswerte Attribute sind unter anderem:<\/li><\/ol><ul class=\"wp-block-list\"><li>Hochglanzpolierte und mit Beschichtungen verst\u00e4rkte Hohlraumoberfl\u00e4chen.<\/li><li>Eine Anordnung von gleichm\u00e4\u00dfig optimierten K\u00fchlkan\u00e4len.<\/li><li>Verwendung von geh\u00e4rtetem Stahl f\u00fcr mikropr\u00e4zise Kavit\u00e4ten.<\/li><li>Mehrplattenkonstruktion f\u00fcr optimale Werkzeugstabilit\u00e4t.<\/li><\/ul><h2 class=\"wp-block-heading\" id=\"critical-aspects-of-design-in-precise-injection-molding\">Kritische Aspekte des Designs beim Pr\u00e4zisionsspritzgie\u00dfen<\/h2><p>Das Erreichen von Kunststoffteilen, die sich durch erstaunlich enge Toleranzen auszeichnen, h\u00e4ngt von der akribischen Kontrolle dieser Kernfaktoren ab:<\/p><ol class=\"wp-block-list\"><li>Form Pr\u00e4zision<br>Die Konstruktion der Form erfordert eine CNC-Bearbeitung und ein H\u00f6chstma\u00df an Pr\u00e4zision in allen Bereichen des Designs.<\/li><li>Auswahl des Materials<br>Die Verwendung von Harzen mit gleichbleibenden Eigenschaften, minimaler Schrumpfung und minimalem Verzug erweist sich als entscheidend, um die gew\u00fcnschten Toleranzen zu erreichen.<\/li><li>Einspritzdruck<br>H\u00f6here Einspritzdr\u00fccke, die bis zu 4000 psi erreichen, spielen eine entscheidende Rolle beim F\u00fcllen komplizierter Kavit\u00e4ten und beim pr\u00e4zisen Abformen von Mikromerkmalen.<\/li><li>Prozess-Parameter<br>Die pr\u00e4zise Steuerung von Einspritzgeschwindigkeit, Temperatur, Schlie\u00dfkraft und K\u00fchlung ist der Grundstein f\u00fcr die Reproduzierbarkeit.<\/li><li>Integration der Automatisierung<br>Der Einsatz von computergesteuerten Prozessen und Automatisierung sorgt f\u00fcr Konsistenz in Materialhandling und Produktion.<\/li><\/ol><p>Hier ist eine zusammenfassende Tabelle mit \u00dcberlegungen zur Konstruktion von Spritzgussteilen:<\/p><div class=\"wp-block-stackable-columns stk-block-columns stk-block stk-98d77b1\" data-block-id=\"98d77b1\"><div class=\"stk-row stk-inner-blocks stk-block-content stk-content-align stk-98d77b1-column\"><div class=\"wp-block-stackable-column stk-block-column stk-column stk-block stk-5d2d610\" data-v=\"4\" data-block-id=\"5d2d610\"><div class=\"stk-column-wrapper stk-block-column__content stk-container stk-5d2d610-container stk--no-background stk--no-padding\"><div class=\"stk-block-content stk-inner-blocks stk-5d2d610-inner-blocks\"><figure class=\"wp-block-table\"><table class=\"has-light-green-cyan-background-color has-background\"><thead><tr><th>Design-Aspekt<\/th><th>\u00dcberlegungen<\/th><\/tr><\/thead><tbody><tr><td>Wanddicke<\/td><td>Erf\u00fcllt oder \u00fcbertrifft Ihre Konstruktion die Nennwandst\u00e4rke? Wird Ihr Teil bei gleichbleibender Wandst\u00e4rke im Design gleichm\u00e4\u00dfig abk\u00fchlen?<\/td><\/tr><tr><td>Entwurfswinkel<\/td><td>Wie gro\u00df ist Ihr Entformungswinkel in Bezug auf die Schwindung, die Sie w\u00e4hrend der Abk\u00fchlung erwarten? Werden Sie Ihre Form mit Ihrem aktuellen Entwurf belasten?\u00a0<\/td><\/tr><tr><td>Ecken<\/td><td>Wurden die Ecken gerundet, um Schrumpfung, Verformung, Scherung und\/oder Bruch zu vermeiden? Wie werden alle Ecken in der Form geformt, damit gen\u00fcgend Material einflie\u00dfen kann und eine gleichm\u00e4\u00dfige Wandst\u00e4rke erhalten bleibt?<\/td><\/tr><tr><td>Unterschneidet<\/td><td>K\u00f6nnen Sie Hinterschneidungen aus der Formkonstruktion entfernen, ohne die Funktion des Teils zu ver\u00e4ndern? Kann die Form so gestaltet werden, dass sie die Hinterschneidungen aufnehmen kann, ohne das Budget zu \u00fcberschreiten?<\/td><\/tr><tr><td>Auswahl des Harzes<\/td><td>Erlaubt die Konstruktion des Teils einen ordnungsgem\u00e4\u00dfen Harzfluss w\u00e4hrend der Injektion und h\u00e4lt es dem erforderlichen Druck stand? Was kann die Abk\u00fchlzeit, die Oberfl\u00e4che oder andere Eigenschaften des Teils beeinflussen? Wie k\u00f6nnen Sie diese Probleme durch \u00c4nderungen an der Konstruktion des Teils und\/oder des Harzes beheben?<\/td><\/tr><tr><td>Toleranzen<\/td><td>Wie wirken sich die Toleranzen Ihres Teils auf das Werkzeug aus (z. B. \u00c4nderung des Materials f\u00fcr die Form, zus\u00e4tzliche Qualit\u00e4tspr\u00fcfungen oder komplexere Formen)? Wie k\u00f6nnen Sie die Leistungsanforderungen durch eine Neugestaltung des Teils\/der Form erf\u00fcllen?<\/td><\/tr><\/tbody><\/table><\/figure><\/div><\/div><\/div><\/div><\/div><h2 class=\"wp-block-heading\" id=\"balancing-act-advantages-and-disadvantages\">Balanceakt: Vorteile und Nachteile<\/h2><p>Wie jedes Herstellungsverfahren bringt auch das pr\u00e4zise Spritzgie\u00dfen eine Reihe von Vorteilen und Einschr\u00e4nkungen mit sich:<\/p><h3 class=\"wp-block-heading\" id=\"advantages\">Vorteile<\/h3><ul class=\"wp-block-list\"><li>Au\u00dfergew\u00f6hnlich enge Toleranzen, die bis zu \u00b10,002 Zoll reichen.<\/li><li>Erm\u00f6glicht die Produktion hoher St\u00fcckzahlen mit einem wirtschaftlichen Fertigungsansatz.<\/li><li>Erm\u00f6glicht die Erstellung komplizierter Geometrien.<\/li><li>Erm\u00f6glicht konsistente, automatisierte Produktionsprozesse.<\/li><li>Kosteng\u00fcnstig im Vergleich zur CNC-Bearbeitung.<\/li><li>Geeignet f\u00fcr die Herstellung von Miniaturkunststoffteilen.<\/li><\/ul><h3 class=\"wp-block-heading\" id=\"limitations\">Beschr\u00e4nkungen<\/h3><ul class=\"wp-block-list\"><li>Die anf\u00e4nglichen Investitionskosten f\u00fcr Pr\u00e4zisionswerkzeuge sind erheblich.<\/li><li>Die Gr\u00f6\u00dfe der Komponenten ist auf Abmessungen unter 4\" x 4\" beschr\u00e4nkt.<\/li><li>Bestimmte Kunststoffe, wie z. B. Polyethylen, sind f\u00fcr diese Technik nicht geeignet.<\/li><li>Strenge Prozesskontrollen sind unabdingbar.<\/li><li>F\u00fcr die Fertigstellung sind unter Umst\u00e4nden weitere Arbeitsschritte erforderlich.<\/li><\/ul><h2 class=\"wp-block-heading\" id=\"in-summation\">Zusammengefasst<\/h2><p>Das Pr\u00e4zisionsspritzgie\u00dfen ist eine fortschrittliche Fertigungstechnik, die eine kosteneffiziente Massenproduktion bemerkenswert komplizierter Kunststoffteile erm\u00f6glicht. Diese Methode findet ihren H\u00f6hepunkt in Branchen wie der Optik-, Medizin- und Elektronikindustrie, wo die Nachfrage nach Kunststoffkomponenten, die sich durch Pr\u00e4zision und Genauigkeit im Mikrometerbereich auszeichnen, ungebrochen ist. Mit dem entsprechenden Fachwissen und der entsprechenden Ausr\u00fcstung kann die Finesse pr\u00e4ziser Spritzgusstechniken nahezu jedes Kunststoffkomponentendesign mit unvergleichlicher Pr\u00e4zision nachbilden.<\/p>","protected":false},"excerpt":{"rendered":"<p>Precise injection molding stands as a pivotal method in the realm of manufacturing, facilitating the creation of plastic components characterized by remarkably stringent tolerances, intricate geometries, and precise details. This intricate procedure allows for the production of intricate components that would be otherwise unattainable through traditional injection molding techniques.This comprehensive guide delves into the depths [&hellip;]<\/p>\n","protected":false},"author":1,"featured_media":0,"parent":0,"menu_order":0,"comment_status":"closed","ping_status":"closed","template":"","meta":{"footnotes":""},"class_list":["post-11374","page","type-page","status-publish","hentry"],"blocksy_meta":[],"_links":{"self":[{"href":"https:\/\/www.plasticmoulds.net\/de\/wp-json\/wp\/v2\/pages\/11374","targetHints":{"allow":["GET"]}}],"collection":[{"href":"https:\/\/www.plasticmoulds.net\/de\/wp-json\/wp\/v2\/pages"}],"about":[{"href":"https:\/\/www.plasticmoulds.net\/de\/wp-json\/wp\/v2\/types\/page"}],"author":[{"embeddable":true,"href":"https:\/\/www.plasticmoulds.net\/de\/wp-json\/wp\/v2\/users\/1"}],"replies":[{"embeddable":true,"href":"https:\/\/www.plasticmoulds.net\/de\/wp-json\/wp\/v2\/comments?post=11374"}],"version-history":[{"count":0,"href":"https:\/\/www.plasticmoulds.net\/de\/wp-json\/wp\/v2\/pages\/11374\/revisions"}],"wp:attachment":[{"href":"https:\/\/www.plasticmoulds.net\/de\/wp-json\/wp\/v2\/media?parent=11374"}],"curies":[{"name":"wp","href":"https:\/\/api.w.org\/{rel}","templated":true}]}}