{"id":10706,"date":"2023-06-07T12:12:26","date_gmt":"2023-06-07T04:12:26","guid":{"rendered":"https:\/\/plasticmoulds.net\/?p=10706"},"modified":"2023-07-16T19:43:46","modified_gmt":"2023-07-16T11:43:46","slug":"entwicklung-neuer-kunststoffteile-ein-umfassender-leitfaden","status":"publish","type":"page","link":"https:\/\/www.plasticmoulds.net\/de\/developing-new-plastic-parts-a-comprehensive-guide","title":{"rendered":"Entwicklung neuer Kunststoffteile: Ein umfassender Leitfaden"},"content":{"rendered":"<p>Die Entwicklung neuer Kunststoffteile erfordert einen gr\u00fcndlichen und systematischen Ansatz, um eine erfolgreiche Entwicklung, Fertigung und Umsetzung zu gew\u00e4hrleisten. Von der Festlegung der Anforderungen bis hin zu den Pr\u00fcf- und Qualit\u00e4tskontrollverfahren - jede Phase spielt eine wichtige Rolle. In diesem Artikel gehen wir n\u00e4her auf die einzelnen Phasen der Entwicklung neuer Kunststoffteile ein und geben Einblicke und Ratschl\u00e4ge f\u00fcr den Weg dorthin.<\/p><nav class=\"wp-block-stackable-table-of-contents stk-block-table-of-contents stk-block stk-a7b1535\" data-block-id=\"a7b1535\"><p class=\"stk-table-of-contents__title\">Inhalts\u00fcbersicht<\/p><ul class=\"stk-table-of-contents__table\"><li><a href=\"#establish-clear-requirements-and-objectives\">Legen Sie klare Anforderungen und Ziele fest:<\/a><\/li><li><a href=\"#conceptual-design\">Konzeptionelle Gestaltung:<\/a><\/li><li><a href=\"#material-selection\">Auswahl der Materialien:<\/a><\/li><li><a href=\"#design-validation\">Entwurfsvalidierung:<\/a><\/li><li><a href=\"#tooling-and-manufacturing\">Werkzeugbau und Fertigung:<\/a><\/li><li><a href=\"#injection-molding\">Spritzgie\u00dfen:<\/a><\/li><li><a href=\"#testing-and-quality-control\">Pr\u00fcfung und Qualit\u00e4tskontrolle:<\/a><\/li><li><a href=\"#implementation-and-feedback\">Umsetzung und Feedback:<\/a><\/li><li><a href=\"#conclusion\">Schlussfolgerung:<\/a><\/li><\/ul><\/nav><h2 class=\"wp-block-heading\" id=\"establish-clear-requirements-and-objectives\">Legen Sie klare Anforderungen und Ziele fest:<\/h2><p>Der erste Schritt bei der Entwicklung von Kunststoffteilen besteht darin, die Anforderungen und Ziele klar zu umrei\u00dfen, einschlie\u00dflich der beabsichtigten Anwendungen, der Anforderungen an die Funktionalit\u00e4t, der Abmessungen, der gew\u00fcnschten Eigenschaften, der Umweltbedingungen, der Anforderungen an die Einhaltung von Vorschriften usw. Durch eine eingehende Kenntnis all dieser Elemente kann eine solide Grundlage f\u00fcr die nachfolgenden Konstruktions- und Fertigungsprozesse geschaffen werden.<\/p><p>Die Einbeziehung von Stakeholdern, einschlie\u00dflich Ingenieuren, Designern und Endnutzern, in der Phase der Anforderungsdefinition ist unabdingbar, um Beitr\u00e4ge und Erkenntnisse zu sammeln, die sicherstellen, dass Ihr Design die gew\u00fcnschten Kriterien erf\u00fcllt und die beabsichtigten Ergebnisse erzielt. Durch die Einbeziehung geeigneter Experten, die die Bed\u00fcrfnisse der Zielgruppen kennen, k\u00f6nnen Sie sicherstellen, dass die gew\u00fcnschten Design-Ergebnisse erzielt werden.<\/p><h2 class=\"wp-block-heading\" id=\"conceptual-design\">Konzeptionelle Gestaltung:<\/h2><figure class=\"wp-block-image size-large\"><a href=\"https:\/\/plasticmoulds.net\/wp-content\/uploads\/2022\/03\/15.jpg\"><img loading=\"lazy\" decoding=\"async\" width=\"1024\" height=\"768\" src=\"https:\/\/plasticmoulds.net\/wp-content\/uploads\/2022\/03\/15-1024x768.jpg\" alt=\"\" class=\"wp-image-6835\" srcset=\"https:\/\/www.plasticmoulds.net\/wp-content\/uploads\/2022\/03\/15-1024x768.jpg 1024w, https:\/\/www.plasticmoulds.net\/wp-content\/uploads\/2022\/03\/15-300x225.jpg 300w, https:\/\/www.plasticmoulds.net\/wp-content\/uploads\/2022\/03\/15-768x576.jpg 768w, https:\/\/www.plasticmoulds.net\/wp-content\/uploads\/2022\/03\/15.jpg 1080w\" sizes=\"auto, (max-width: 1024px) 100vw, 1024px\" \/><\/a><\/figure><p>Auf der Grundlage Ihrer Anforderungen sollte der n\u00e4chste Schritt darin bestehen, das Kunststoffteil konzeptionell zu entwerfen. Dabei werden Ihre Anforderungen mit Hilfe von CAD-Software in visuelle Formen umgesetzt, so dass die Konstrukteure 3D-Modelle erstellen k\u00f6nnen, die die Form, die Gestalt und die Montageanforderungen veranschaulichen.<\/p><p><strong>Entwurfssoftware:<\/strong><\/p><ul class=\"wp-block-list\"><li><a href=\"https:\/\/www.solidworks.com\/\" target=\"_blank\" rel=\"noreferrer noopener\"> SolidWorks<\/a>, <\/li><li>AutoCAD, <\/li><li>Fusion 360 <\/li><li><a href=\"https:\/\/www.autodesk.com\/products\/moldflow\/overview\" target=\"_blank\" rel=\"noreferrer noopener\">Moldflow<\/a>: <\/li><li><a href=\"https:\/\/plm.sw.siemens.com\/en-US\/nx\/\" target=\"_blank\" rel=\"noreferrer noopener\">Siemens NX<\/a>: <\/li><li>Solid Edge<\/li><li>CATIA<\/li><\/ul><p>In der Konzeptionsphase ist es von entscheidender Bedeutung, dass die Designer ihre Entw\u00fcrfe h\u00e4ufig wiederholen und dabei R\u00fcckmeldungen und \u00dcberarbeitungen ber\u00fccksichtigen, um sie weiter zu verfeinern und alle Anforderungen angemessen zu erf\u00fcllen. Die fr\u00fchzeitige Erkennung von Problemen oder Hindernissen im Zusammenhang mit der Fertigung tr\u00e4gt au\u00dferdem dazu bei, Probleme schneller und kosteng\u00fcnstiger zu l\u00f6sen.<\/p><p>Bei den Dateiformaten f\u00fcr die Konstruktion von Kunststoffbauteilen sind die folgenden Formate gebr\u00e4uchlich:<\/p><ol class=\"wp-block-list\"><li><strong>CAD-Formate<\/strong>:\n<ul class=\"wp-block-list\"><li>DWG (AutoCAD-Zeichnung)<\/li><li>DXF (Zeichnungsaustauschformat)<\/li><li>DGN (MicroStation Entwurf)<\/li><li>PRT (Teil)<\/li><\/ul><\/li><li><strong>3D-Modell-Austauschformate<\/strong>:\n<ul class=\"wp-block-list\"><li>STL (Standard Tessellation Language)<\/li><li>STEP (Standard for the Exchange of Product Data)<\/li><li>IGES (Spezifikation f\u00fcr den urspr\u00fcnglichen Grafikaustausch)<\/li><\/ul><\/li><\/ol><h2 class=\"wp-block-heading\" id=\"material-selection\">Auswahl der Materialien:<\/h2><p>Die Auswahl eines idealen <a href=\"https:\/\/en.wikipedia.org\/wiki\/Plastic\" target=\"_blank\" rel=\"noreferrer noopener\">Kunststoffmaterial<\/a> f\u00fcr die Entwicklung eines jeden Teils ist von entscheidender Bedeutung f\u00fcr dessen Erfolg. Die Entscheidung f\u00fcr einen bestimmten Kunststoff kann von verschiedenen \u00dcberlegungen abh\u00e4ngen, z. B. von den gew\u00fcnschten mechanischen Eigenschaften, den Auswirkungen auf die Umwelt und den \u00e4sthetischen Anforderungen sowie von den Kostenvorgaben. \u00dcbliche spritzgie\u00dfbare Optionen sind <\/p><ul class=\"wp-block-list\"><li>Polyethylen (PE)<\/li><li>Polypropylen (PP)<\/li><li>Polyvinylchlorid (PVC)<\/li><li>Polyethylenterephthalat (PET)<\/li><li>Polystyrol (PS)<\/li><li>Acrylnitril-Butadien-Styrol (ABS)<\/li><li>Polycarbonat (PC)<\/li><li>Polyamid (PA)<\/li><li>Polyethylenterephthalat-Glykol (PETG)<\/li><li>Polyvinylidenfluorid (PVDF)<\/li><li>Polyurethan (PU)<\/li><li>Polyoxymethylen (POM)<\/li><\/ul><p>Um das ideale Material auszuw\u00e4hlen, m\u00fcssen die Eigenschaften und Merkmale jeder Option sorgf\u00e4ltig bewertet werden - einschlie\u00dflich Festigkeit, Haltbarkeit, Flexibilit\u00e4t, Temperaturbest\u00e4ndigkeit, Chemikalienbest\u00e4ndigkeit und Kosten -, wobei einer Option Vorrang vor anderen einger\u00e4umt werden muss. Die Beratung durch Materiallieferanten oder Experten bei der Auswahl eines geeigneten Materials stellt sicher, dass es die gew\u00fcnschten Anforderungen erf\u00fcllt.<\/p><h2 class=\"wp-block-heading\" id=\"design-validation\">Entwurfsvalidierung:<\/h2><p>Nach Abschluss der Konzeptions- und Materialauswahlphase muss eine sorgf\u00e4ltige Designvalidierung durchgef\u00fchrt werden, um zu pr\u00fcfen, ob die geplanten Funktionen erf\u00fcllt werden, bevor mit der Produktion begonnen wird. Die Validierung kann durch Simulationssoftware oder physische Tests oder beides erfolgen, je nach den Anforderungen an die Produktkomplexit\u00e4t. <\/p><figure class=\"wp-block-image size-large\"><a href=\"https:\/\/plasticmoulds.net\/wp-content\/uploads\/2022\/04\/prototype.jpg\"><img loading=\"lazy\" decoding=\"async\" width=\"1024\" height=\"492\" src=\"https:\/\/plasticmoulds.net\/wp-content\/uploads\/2022\/04\/prototype-1024x492.jpg\" alt=\"\" class=\"wp-image-7000\" srcset=\"https:\/\/www.plasticmoulds.net\/wp-content\/uploads\/2022\/04\/prototype-1024x492.jpg 1024w, https:\/\/www.plasticmoulds.net\/wp-content\/uploads\/2022\/04\/prototype-300x144.jpg 300w, https:\/\/www.plasticmoulds.net\/wp-content\/uploads\/2022\/04\/prototype-768x369.jpg 768w, https:\/\/www.plasticmoulds.net\/wp-content\/uploads\/2022\/04\/prototype.jpg 1500w\" sizes=\"auto, (max-width: 1024px) 100vw, 1024px\" \/><\/a><\/figure><p>Simulationssoftware erm\u00f6glicht Evaluierungen in zahlreichen Bereichen wie Spannungsverteilung, Formbarkeit und anderen technischen Aspekten und bietet klare Einblicke in Machbarkeits- und Optimierungsl\u00f6sungen durch die Messung verschiedener Szenarien und Belastbarkeitsfaktoren in einem fr\u00fchen Stadium vor der Produktion, wodurch Fehlerrisiken, die sp\u00e4ter im Entwicklungsprozess auftreten k\u00f6nnen, vermieden werden.<\/p><p><a href=\"https:\/\/plasticmoulds.net\/rapid-prototype\" target=\"_blank\" rel=\"noreferrer noopener\">Physikalische Tests<\/a> helfen bei der Validierung der Leistung von Teilen anhand spezifischer Kriterien, wie z. B. Ma\u00dfgenauigkeit durch \u00dcberpr\u00fcfung des Umweltstabilit\u00e4tsfaktors, Zugabtastung oder Schlagfestigkeit, die f\u00fcr jedes einzelne Teil best\u00e4tigt werden m\u00fcssen; diese Tests gew\u00e4hrleisten au\u00dferdem die Einhaltung der erforderlichen Vorschriften und die Zufriedenheit der Kunden.<\/p><h2 class=\"wp-block-heading\" id=\"tooling-and-manufacturing\">Werkzeugbau und Fertigung:<\/h2><p>Sobald ein Entwurf verifiziert wurde, besteht der n\u00e4chste Schritt in der Herstellung darin, die entsprechenden Werkzeuge zu entwickeln - in der Regel die Konstruktion und Herstellung von <a href=\"https:\/\/plasticmoulds.net\/what-is-plastic-mold.html\" target=\"_blank\" rel=\"noreferrer noopener\">Spritzgie\u00dfformen<\/a> die f\u00fcr dieses spezielle Teil geeignet sind. Spritzgussformen spielen in diesem Prozess eine wichtige Rolle, da sie die endg\u00fcltige Form und Gestalt des Teils bestimmen.<\/p><p>Die Zusammenarbeit mit einem erfahrenen Werkzeughersteller ist f\u00fcr die Herstellung einer pr\u00e4zisen Form unerl\u00e4sslich. Konstrukteure und Werkzeugexperten helfen bei diesem Prozess w\u00e4hrend der Werkzeugherstellung.<\/p><p>Wir werden eng zusammenarbeiten, um Formen mit optimalem Design zu entwerfen, Materialien f\u00fcr die Formen auszuw\u00e4hlen und geeignete K\u00fchl- und Auswerfersysteme zu installieren. Zur engen Zusammenarbeit geh\u00f6rt auch die Beauftragung eines erfahrenen Werkzeugherstellers als Berater in allen Fragen der Formgestaltung, der Materialauswahl und der Fertigungs\u00fcberlegungen, um den Produktionsprozess zu rationalisieren und die Produktivit\u00e4t zu maximieren.<\/p><p>Die Moldflow-Analyse (eine Simulation des Spritzgie\u00dfprozesses), die in der Werkzeugphase durchgef\u00fchrt wird, kann Probleme wie Lufteinschl\u00fcsse, Binden\u00e4hte oder \u00fcberm\u00e4\u00dfige Schrumpfung aufdecken, die behoben werden m\u00fcssen, um die Gesamtqualit\u00e4t und Konsistenz der endg\u00fcltigen Kunststoffteile, die aus Spritzgussformen hergestellt werden, zu verbessern. Wenn bereits in der Werkzeugphase Ma\u00dfnahmen ergriffen werden, anstatt erst sp\u00e4ter in der Produktionslinie, k\u00f6nnen Qualit\u00e4t und Konsistenz der produzierten Kunststoffteile drastisch verbessert werden.<\/p><h2 class=\"wp-block-heading\" id=\"injection-molding\">Spritzgie\u00dfen:<\/h2><p>Das Spritzgie\u00dfen ist eine der wichtigsten <a href=\"https:\/\/plasticmoulds.net\/injection-molding-process.html\" target=\"_blank\" rel=\"noreferrer noopener\">effiziente Mittel<\/a> Die Herstellung von Kunststoffteilen erfolgt durch Einspritzen von fl\u00fcssigem Kunststoff unter hohem Druck in die Formhohlr\u00e4ume, wobei der Kunststoff abk\u00fchlt und mit der Zeit erstarrt. Um eine maximale Effektivit\u00e4t zu erreichen, m\u00fcssen jedoch mehrere Parameter wie Temperatur und Druck vor dem Erreichen der Abk\u00fchlungszeit genau gesteuert werden - all dies muss f\u00fcr optimale Ergebnisse genau \u00fcberwacht werden.<\/p><p>Die Zusammenarbeit mit einem erfahrenen Spritzgie\u00dfer ist f\u00fcr die richtige Einrichtung, Prozessoptimierung und Qualit\u00e4tskontrolle w\u00e4hrend der Produktion von gr\u00f6\u00dfter Bedeutung. Sie arbeiten eng mit den Konstruktionsteams bei der Auswahl von Materialien zusammen, die f\u00fcr optimale Spritzgussparameter auf der Grundlage von Materialeigenschaften und Teilespezifikationen geeignet sind.<\/p><p>In jeder Phase der Spritzgie\u00dfproduktion m\u00fcssen Qualit\u00e4tskontrollma\u00dfnahmen durchgef\u00fchrt werden, um die Produktion zu \u00fcberwachen und sicherzustellen, dass die hergestellten Teile den erforderlichen Normen und Spezifikationen entsprechen. Dazu k\u00f6nnen Ma\u00dfpr\u00fcfungen, Pr\u00fcfungen der Materialeigenschaften und Funktionstests geh\u00f6ren, mit denen die Leistung und Qualit\u00e4t der Teile \u00fcberpr\u00fcft wird. Durch den Einsatz robuster Qualit\u00e4tssicherungsprozesse k\u00f6nnen Abweichungen oder Probleme schnell erkannt werden, wodurch der Ausschuss minimiert und gleichzeitig eine gleichbleibende Teilequalit\u00e4t sichergestellt wird.<\/p><h2 class=\"wp-block-heading\" id=\"testing-and-quality-control\">Pr\u00fcfung und Qualit\u00e4tskontrolle:<\/h2><p>Die Entwicklung neuer Kunststoffteile erfordert eine sorgf\u00e4ltige Durchf\u00fchrung von Pr\u00fcf- und Qualit\u00e4tskontrollverfahren, um optimale Ergebnisse zu erzielen. Es ist von entscheidender Bedeutung, ihre Leistung mit robusten Pr\u00fcfverfahren zu validieren, die ihre Haltbarkeit, Zuverl\u00e4ssigkeit und mechanischen Eigenschaften untersuchen. Ma\u00dfpr\u00fcfungen stellen sicher, dass die festgelegten Spezifikationen eingehalten werden. Dar\u00fcber hinaus werden Materialeigenschaften wie Zugfestigkeit, Schlagz\u00e4higkeit oder thermische Stabilit\u00e4t untersucht, um ein besseres Verst\u00e4ndnis f\u00fcr diese Eigenschaften zu erlangen.<\/p><p>Die funktionalen Aspekte der Kunststoffteile sind ebenso wichtig, da sie die nutzbare Leistung widerspiegeln, wenn sie entsprechend den Konstruktionsspezifikationen zusammengebaut oder zusammengef\u00fcgt werden, die SPC w\u00e4hrend der gesamten Produktionszyklen aufrechterh\u00e4lt, indem kontinuierlich Daten aus dem Anwendungsbereich gesammelt und dabei etablierte Methoden angewendet werden.<br>Schlie\u00dflich, aber nicht weniger wichtig, ist die sorgf\u00e4ltige Ber\u00fccksichtigung der langfristigen Leistung; dies kann nur durch die konsequente Einhaltung einer effektiven Rekalibrierung von Materialien erreicht werden, die nach der Durchf\u00fchrung von beschleunigten Alterungstests ausgew\u00e4hlt werden, wobei Umweltstressoren, wie z. B. die Einwirkung von Elementen im Freien usw., Einblicke in die zu erwartende Lebensdauer liefern, die letztlich darauf abzielen, dem Verbraucher einen h\u00f6heren Wert zu bieten.<\/p><h2 class=\"wp-block-heading\" id=\"implementation-and-feedback\">Umsetzung und Feedback:<\/h2><p>Sobald neue Kunststoffteile entwickelt und erfolgreich getestet wurden, sollte ihr n\u00e4chster Schritt die Integration in eine Anwendung oder ein Produkt sein. Sie sollten die Leistung \u00fcberwachen und gleichzeitig R\u00fcckmeldungen von Nutzern oder Kunden einholen, um den Zufriedenheitsgrad zu messen und eventuell erforderliche Verbesserungen oder \u00c4nderungen zu ermitteln.<\/p><p>Kontinuierliche Verbesserung ist ein Eckpfeiler der Entwicklung. \u00dcberpr\u00fcfen und \u00e4ndern Sie regelm\u00e4\u00dfig die Konstruktions- und Fertigungsprozesse auf der Grundlage von R\u00fcckmeldungen oder Erfahrungen, um die Effizienz, Zuverl\u00e4ssigkeit und Leistung von Kunststoffteilen kontinuierlich zu verbessern.<\/p><h2 class=\"wp-block-heading\" id=\"conclusion\"><strong>Schlussfolgerung:<\/strong><\/h2><p>Die Herstellung neuer Kunststoffteile erfordert einen organisierten und umfassenden Prozess, der <a href=\"https:\/\/plasticmoulds.net\/developing-new-plastic-parts-a-comprehensive-guide.html\" target=\"_blank\" rel=\"noreferrer noopener\">zahlreiche Stufen<\/a> von der Definition der Anforderungen bis zur Pr\u00fcfung und Qualit\u00e4tskontrolle. Durch die Zusammenarbeit mit erfahrenen Fachleuten und<\/p><p>Wenn Sie diese Schritte befolgen, k\u00f6nnen Sie erfolgreich neue Kunststoffteile entwerfen, die ihren Verwendungszweck erf\u00fcllen und Funktionalit\u00e4t, Haltbarkeit und Zuverl\u00e4ssigkeit in ihren Anwendungen bieten. Beziehen Sie, wenn m\u00f6glich, die Interessengruppen mit ein, um eine wirksame Beteiligung bei der Validierung der Entw\u00fcrfe, der Auswahl geeigneter Werkstoffe f\u00fcr produktivit\u00e4tsoptimierte Fertigungsprozesse und der Umsetzung robuster Qualit\u00e4tssicherungsma\u00dfnahmen zu gew\u00e4hrleisten, damit Sie qualitativ hochwertige Teile herstellen k\u00f6nnen, die wesentlich zum Projekterfolg beitragen.<\/p>","protected":false},"excerpt":{"rendered":"<p>Develop new plastic parts requires taking an in-depth and systematic approach in order to guarantee successful design, manufacturing and implementation. From setting requirements through testing and quality control procedures &#8211; every stage plays an integral part. In this article we&#8217;ll go deeper into each stage of developing new plastic parts, providing insights and advice along [&hellip;]<\/p>\n","protected":false},"author":1,"featured_media":0,"parent":0,"menu_order":0,"comment_status":"open","ping_status":"open","template":"","meta":{"footnotes":""},"class_list":["post-10706","page","type-page","status-publish","hentry"],"blocksy_meta":[],"_links":{"self":[{"href":"https:\/\/www.plasticmoulds.net\/de\/wp-json\/wp\/v2\/pages\/10706","targetHints":{"allow":["GET"]}}],"collection":[{"href":"https:\/\/www.plasticmoulds.net\/de\/wp-json\/wp\/v2\/pages"}],"about":[{"href":"https:\/\/www.plasticmoulds.net\/de\/wp-json\/wp\/v2\/types\/page"}],"author":[{"embeddable":true,"href":"https:\/\/www.plasticmoulds.net\/de\/wp-json\/wp\/v2\/users\/1"}],"replies":[{"embeddable":true,"href":"https:\/\/www.plasticmoulds.net\/de\/wp-json\/wp\/v2\/comments?post=10706"}],"version-history":[{"count":0,"href":"https:\/\/www.plasticmoulds.net\/de\/wp-json\/wp\/v2\/pages\/10706\/revisions"}],"wp:attachment":[{"href":"https:\/\/www.plasticmoulds.net\/de\/wp-json\/wp\/v2\/media?parent=10706"}],"curies":[{"name":"wp","href":"https:\/\/api.w.org\/{rel}","templated":true}]}}