{"id":10029,"date":"2022-12-28T17:57:45","date_gmt":"2022-12-28T09:57:45","guid":{"rendered":"https:\/\/plasticmoulds.net\/?p=10029"},"modified":"2023-07-16T19:50:01","modified_gmt":"2023-07-16T11:50:01","slug":"luften-sie-das-geheimnis-von-kosteneinsparungen-und-qualitatsproduktion-warum-unternehmen-den-spritzguss-nach-china-auslagern","status":"publish","type":"page","link":"https:\/\/www.plasticmoulds.net\/de\/unlock-the-secret-to-cost-savings-and-quality-production-why-companies-outsource-injection-molding-to-china","title":{"rendered":"Warum Unternehmen das Spritzgie\u00dfen nach China auslagern!"},"content":{"rendered":"<p><mark>Gesch\u00e4ft ist alles<\/mark> \u00fcber Kostensenkungen. In jedem Unternehmen, unabh\u00e4ngig von seiner Gr\u00f6\u00dfe, wird immer nach M\u00f6glichkeiten gesucht, Geld zu sparen und den Gewinn zu steigern. Die g\u00e4ngigste Methode, dies zu erreichen, ist heute das Outsourcing.<\/p><p>Immer mehr Unternehmen lagern ihre Produktion in chinesische Fabriken aus, weil diese schnell, effizient und preisg\u00fcnstig arbeiten. Sogar amerikanische Unternehmen haben die Produktion, die sie zu einem f\u00fcr sie erschwinglichen Preis ben\u00f6tigen, nach China verlagert.<\/p><h2 class=\"wp-block-heading\">Kosten des Spritzgie\u00dfens in China<\/h2><p><mark>Com<\/mark>m Vergleich zu anderen L\u00e4ndern hat China niedrigere Arbeits- und Rohstoffkosten, was einer der Gr\u00fcnde ist, warum Unternehmen das Spritzgie\u00dfen dorthin auslagern. Die Rentabilit\u00e4t kann durch die Senkung der Produktionskosten gesteigert werden. <\/p><p>Unternehmen, die sich auf die Produktion gro\u00dfer Mengen spezialisiert haben und Kosteneinsparungen anstreben, werden hiervon besonders profitieren. Die gro\u00dfe Bev\u00f6lkerungszahl Chinas bedeutet auch, dass es leicht verf\u00fcgbare Arbeitskr\u00e4fte gibt, die die Anforderungen Ihres Unternehmens erf\u00fcllen k\u00f6nnen. Dies kann dazu beitragen, die Ausbildungskosten zu senken und die Produktivit\u00e4t zu steigern.<\/p><h2 class=\"wp-block-heading\">Qualit\u00e4t durch chinesische Lieferanten<\/h2><p>Viele chinesische Unternehmen haben in moderne Fertigungsanlagen investiert und ihre Mitarbeiter in den neuesten Fertigungstechniken geschult, was zur Verbesserung der Qualit\u00e4t ihrer Produkte beitragen kann. China hat auch stark in Forschung und Entwicklung investiert, was bedeutet, dass viele chinesische Unternehmen Zugang zu fortschrittlichen Technologien haben, mit denen sie innovativere Produkte herstellen k\u00f6nnen. Dies gilt vor allem f\u00fcr Unternehmen, die sich auf die Herstellung von Hightech-Produkten wie Luft- und Raumfahrt, Elektronik und medizinische Ger\u00e4te spezialisiert haben.<\/p><h2 class=\"wp-block-heading\">Kapazit\u00e4t des Spritzgie\u00dfens<\/h2><p>China hat einen gut entwickelten Produktionssektor mit einem gro\u00dfen Pool an qualifizierten Arbeitskr\u00e4ften. Dadurch kann die Kapazit\u00e4t erh\u00f6ht und die Nachfrage nach Massenproduktion befriedigt werden. In den letzten Jahren hat China Anstrengungen unternommen, seine Arbeitskr\u00e4fte zu verbessern. Dies hat dazu gef\u00fchrt, dass mehr qualifizierte Arbeitskr\u00e4fte in den Arbeitsmarkt eintreten, was die Produktivit\u00e4t steigern kann.<\/p><p>Au\u00dferdem gibt es in China eine gro\u00dfe Anzahl von Universit\u00e4ten und Fachhochschulen, die Absolventen in ingenieur- und naturwissenschaftlichen Bereichen wie Maschinenbau, Werkstoffkunde, Luft- und Raumfahrt oder Elektronikfertigung ausbilden.<\/p><h2 class=\"wp-block-heading\">Vorlaufzeiten:<\/h2><p>Die Auslagerung nach China kann dank der gut entwickelten Infrastruktur und der Tatsache, dass China n\u00e4her an vielen der gro\u00dfen asiatischen M\u00e4rkte liegt, oft zu k\u00fcrzeren Vorlaufzeiten als die inl\u00e4ndische Fertigung f\u00fchren. <\/p><p>Die Schnelligkeit des chinesischen Herstellungsprozesses ist ebenfalls wichtig; viele chinesische Fabriken k\u00f6nnen Produkte in nur wenigen Wochen herstellen. Dies kann besonders f\u00fcr Unternehmen hilfreich sein, die neue Produkte auf den Markt bringen oder saisonale Produktlinien einf\u00fchren wollen, um eine ausreichende Versorgung vor dem Erscheinungsdatum sicherzustellen.<\/p><h2 class=\"wp-block-heading\">Erfahrung in der chinesischen Spritzgie\u00dfindustrie:<\/h2><p>Chinesische Zulieferer verf\u00fcgen \u00fcber ein umfangreiches Know-how im Fertigungssektor und bieten ein umfassendes Spektrum an Dienstleistungen an, darunter Design, Prototyping, Formenbau, Spritzguss und Montage. Ihre praktische Erfahrung ist besonders wertvoll f\u00fcr neue Unternehmen, die eine Fabrik suchen, die ihnen Orientierung geben kann. Dar\u00fcber hinaus verf\u00fcgen zahlreiche chinesische Anbieter \u00fcber etablierte Verbindungen zu lokalen Anbietern, die es ihnen erm\u00f6glichen, Kunden mit spezialisierten Fabriken f\u00fcr Dienstleistungen wie Verpackung und Versand zusammenzubringen.<\/p><hr class=\"wp-block-separator has-alpha-channel-opacity\"\/><p>Hier finden Sie eine Schritt-f\u00fcr-Schritt-Anleitung f\u00fcr den Spritzgussprozess:<\/p><ol class=\"wp-block-list\"><li>Entwurf der Form: Dazu geh\u00f6rt die Erstellung eines 3D-Modells (Konstruktionssoftware: Solidworks, Ug, Pro-E...) des Produkts und der Form unter Ber\u00fccksichtigung von Faktoren wie Material (PP, PE, ABS, PA...), Wandst\u00e4rke, Anschnittgr\u00f6\u00dfe und K\u00fchlzeit.<\/li><li>Stellen Sie die Form her: Die Form wird in der Regel aus Stahl oder Aluminium hergestellt und muss nach genauen Vorgaben gefertigt werden. Eine Liste von Kunststoffformenst\u00e4hlen mit H\u00e4rtegraden:\n<ul class=\"wp-block-list\"><li>P20 Stahl - 28-32 HRc<\/li><li>420 Stahl - 48-52 HRc<\/li><li>H13 Stahl - 48-52 HRc<\/li><li>S7 Stahl - 45-49 HRc<\/li><li>NAK55 Stahl - 50-55 HRc<\/li><li>NAK80 Stahl - 38-43 HRc<\/li><li>DC53 Stahl - 50-58 HRc<\/li><li>A2 Stahl - 60-64 HRc<\/li><li>D2-Stahl - 60-64 HRc<\/li><li>Hinweis: HRc bezieht sich auf die Rockwell-H\u00e4rteskala, mit der die H\u00e4rte eines Materials gemessen wird.<\/li><\/ul><\/li><li>Installieren Sie die Form: Die Form wird auf die Spritzgie\u00dfmaschine montiert und zwischen 2 Platten auf der Maschine eingespannt.<\/li><li>Laden Sie das Kunststoffmaterial: Das Kunststoffmaterial wird \u00fcber die Schwerkraft in den Trichter der Spritzgie\u00dfmaschine geladen und einige Trichter w\u00fcrden das Kunststoffmaterial versuchen, w\u00e4hrend das Spritzgie\u00dfen eingeschaltet ist.<\/li><li>Schmelzen des Kunststoffs: Das Kunststoffmaterial wird durch Hitze und Druck im Zylinder der Spritzgie\u00dfmaschine geschmolzen.<\/li><li>Einspritzen des Kunststoffs in die Form: Der geschmolzene Kunststoff flie\u00dft \u00fcber D\u00fcse und Anguss unter hohem Druck in die Form, l\u00e4uft durch den Angusskanal und f\u00fcllt dann die Formhohlr\u00e4ume.<\/li><li>Abk\u00fchlen und Erstarren: Die Form wird abgek\u00fchlt, damit sich der Kunststoff im Inneren des Formhohlraums f\u00fcr eine Weile verfestigen kann. Meistens betr\u00e4gt die Abk\u00fchlzeit 2\/3 der gesamten Zyklusdauer.<\/li><li>\u00d6ffnen Sie die Form: Die Form wird ge\u00f6ffnet und das geformte Produkt wird aus der Form genommen, dann wird die Form geschlossen und der n\u00e4chste Zyklus beginnt.<\/li><\/ol><p>Erforderliche Werkzeuge und Materialien: Spritzgie\u00dfmaschine, Form, Kunststoffmaterial, Trocknungsmaschine, Temperaturregler (f\u00fcr sehr hohe und sehr kalte Anforderungen beim Spritzgie\u00dfen)<\/p><p>Das geformte Teil kann verschiedene Probleme aufweisen, wie z. B. \u00fcbersch\u00fcssiges Material an den Kanten (<strong>Blitzlicht<\/strong>), was zu einer geschw\u00e4chten Struktur f\u00fchren kann. <strong>Verformung oder Verzerrung<\/strong> kann auftreten, wenn das Formteil aufgrund einer ungleichm\u00e4\u00dfigen Abk\u00fchlung seine Form oder Gr\u00f6\u00dfe nicht beibeh\u00e4lt. <strong>Schwarze Flecken<\/strong> auf dem Formteil sind auf eine schlechte Materialverarbeitung oder Verunreinigung zur\u00fcckzuf\u00fchren. <strong>Schlechte Oberfl\u00e4chenqualit\u00e4t<\/strong>die durch eine ungleichm\u00e4\u00dfige Textur oder Rauheit gekennzeichnet sind, k\u00f6nnen durch eine unsachgem\u00e4\u00dfe Formgestaltung oder Materialauswahl verursacht werden. <strong>Einfallstellen<\/strong>Vertiefungen im Formteil k\u00f6nnen durch unsachgem\u00e4\u00dfe Bef\u00fcllung der Form oder unzureichenden Druck w\u00e4hrend des Formens verursacht werden. Au\u00dferdem kann sich das Formteil <strong>schwer auswerfbar<\/strong>Dies kann zu Produktionsausf\u00e4llen und h\u00f6heren Kosten f\u00fchren, oder es kann beim Auswerfen besch\u00e4digt werden.<\/p><p>Die Bedeutung von Sicherheitsma\u00dfnahmen im Spritzgie\u00dfprozess kann nicht hoch genug eingesch\u00e4tzt werden. Um Verletzungen zu vermeiden, m\u00fcssen die Arbeiter <strong>Schutzausr\u00fcstung wie Handschuhe und Schutzbrille<\/strong> da der geschmolzene Kunststoff extrem hohe Temperaturen erreicht, manchmal bis zu 300 Grad, und Spritzer entstehen k\u00f6nnen. Es ist von entscheidender Bedeutung, dass die Bediener eine angemessene Schulung \u00fcber sichere Arbeitsverfahren erhalten.<\/p><h2 class=\"wp-block-heading\">Zum Mitnehmen<\/h2><p>Es ist wichtig, dass Sie alle Faktoren, die mit einer Auslagerung nach China verbunden sind, sorgf\u00e4ltig abw\u00e4gen, einschlie\u00dflich der Logistik, der Versandkosten und der m\u00f6glichen Auswirkungen auf Ihre Lieferkette. <\/p><p>Die Zusammenarbeit mit einem seri\u00f6sen und erfahrenen Beschaffungspartner kann ebenfalls dazu beitragen, eine reibungslose und erfolgreiche Auslagerung zu gew\u00e4hrleisten.<\/p>","protected":false},"excerpt":{"rendered":"<p>Business is all about cutting costs. There is always a search for ways to save money and increase profits in every business, regardless of its size. The most common method of doing this today is outsourcing.Increasingly, companies are outsourcing their manufacturing to Chinese factories due to their fast pace, efficiency, and low prices. The production [&hellip;]<\/p>\n","protected":false},"author":11,"featured_media":0,"parent":0,"menu_order":0,"comment_status":"open","ping_status":"open","template":"","meta":{"footnotes":""},"class_list":["post-10029","page","type-page","status-publish","hentry"],"blocksy_meta":{"styles_descriptor":{"styles":{"desktop":"","tablet":"","mobile":""},"google_fonts":[],"version":6}},"_links":{"self":[{"href":"https:\/\/www.plasticmoulds.net\/de\/wp-json\/wp\/v2\/pages\/10029","targetHints":{"allow":["GET"]}}],"collection":[{"href":"https:\/\/www.plasticmoulds.net\/de\/wp-json\/wp\/v2\/pages"}],"about":[{"href":"https:\/\/www.plasticmoulds.net\/de\/wp-json\/wp\/v2\/types\/page"}],"author":[{"embeddable":true,"href":"https:\/\/www.plasticmoulds.net\/de\/wp-json\/wp\/v2\/users\/11"}],"replies":[{"embeddable":true,"href":"https:\/\/www.plasticmoulds.net\/de\/wp-json\/wp\/v2\/comments?post=10029"}],"version-history":[{"count":0,"href":"https:\/\/www.plasticmoulds.net\/de\/wp-json\/wp\/v2\/pages\/10029\/revisions"}],"wp:attachment":[{"href":"https:\/\/www.plasticmoulds.net\/de\/wp-json\/wp\/v2\/media?parent=10029"}],"curies":[{"name":"wp","href":"https:\/\/api.w.org\/{rel}","templated":true}]}}